{"id":44004,"date":"2026-04-10T19:04:33","date_gmt":"2026-04-10T17:04:33","guid":{"rendered":"https:\/\/gertuago.eus\/?post_type=product&#038;p=44004"},"modified":"2026-04-10T19:05:02","modified_gmt":"2026-04-10T17:05:02","slug":"plan-veo","status":"publish","type":"product","link":"https:\/\/gertuago.eus\/es\/producto\/plan-veo\/","title":{"rendered":"Plan Veo"},"content":{"rendered":"<p>\u00bfTienes 16 a\u00f1os o menos y utilizas gafas o lentillas?<br \/>\nATENCI\u00d3N, \u00a1esta oferta te interesa!<\/p>\n<p>En <a href=\"https:\/\/gertuago.eus\/es\/denda\/usurbil-optika\/\">Usurbil Optika<\/a> ofrecen el Plan Veo, por lo que puedes tener un descuento de hasta 100\u20ac en tus gafas o lentillas.<\/p>\n<p><b>Plan Veo<br \/>\n<\/b><\/p>\n<p>El Plan VEO es un sistema de ayudas de hasta 100 euros por persona al a\u00f1o para la adquisici\u00f3n de gafas o lentes de contacto (lentillas). En el caso de las lentillas, se contempla que la ayuda pueda cubrir las unidades y el l\u00edquido necesarios para un a\u00f1o.<br \/>\nSi el coste del producto es inferior a esa cifra, la familia no tendr\u00e1 que pagar nada.<br \/>\nSi el coste es superior, la familia deber\u00e1 abonar la diferencia.<\/p>\n<p><b>Plazo<br \/>\n<\/b>La ayuda estar\u00e1 disponible hasta el 31 de diciembre de 2026, inclusive.<\/p>\n<p><b>Personas beneficiarias y requisitos<br \/>\n<\/b>Ni\u00f1os, ni\u00f1as y adolescentes hasta 16 a\u00f1os (inclusive) con un problema de refracci\u00f3n diagnosticado y con derecho a la atenci\u00f3n sanitaria con cargo a fondos p\u00fablicos.<br \/>\nLas personas con 16 a\u00f1os o menos con aseguramiento privado a trav\u00e9s de las mutualidades de MUFACE, MUGEJU e ISFAS tambi\u00e9n pueden acceder a las ayudas del Plan Veo.<\/p>\n<p><b>Datos de contacto<br \/>\n<\/b><span class=\"w-post-elm-before\">Direcci\u00f3n: <\/span><span class=\"w-post-elm-value\"><a href=\"https:\/\/share.google\/y9OTYSRtCOyJMS2gd\">Zubiaurrenea 10, Usurbil 20170<\/a><br \/>\n<\/span><span class=\"w-post-elm-before\">Tel\u00e9fono: <\/span><span class=\"w-post-elm-value\"><a href=\"tel:+34943370269\">943 370 269<\/a><br \/>\n<\/span><span class=\"w-post-elm-before\">Correo electr\u00f3nico: <\/span><a href=\"mailto:usurbiloptika@hotmail.com\"><span class=\"w-post-elm-value\">usurbiloptika@hotmail.com<\/span><\/a><\/p>\n<p><b>M\u00e1s informaci\u00f3n:<br \/>\n<\/b><a href=\"https:\/\/www.sanidad.gob.es\/areas\/carteraServicios\/planVeo.htm\">Plan Veo<\/a><\/p>\n","protected":false},"excerpt":{"rendered":"<p>\u00bfTienes 16 a\u00f1os o menos y utilizas gafas o lentillas? ATENCI\u00d3N, \u00a1esta oferta te interesa! En Usurbil Optika ofrecen el Plan Veo, por lo que puedes tener un descuento de hasta 100\u20ac en tus gafas o lentillas. Plan Veo El Plan VEO es un sistema de ayudas de hasta 100 euros por persona al a\u00f1o&#8230;<\/p>\n","protected":false},"featured_media":44003,"template":"","meta":{"_acf_changed":false},"product_brand":[],"product_cat":[111],"product_tag":[],"class_list":{"0":"post-44004","1":"product","2":"type-product","3":"status-publish","4":"has-post-thumbnail","6":"product_cat-osasuna-eta-ongizatea-es","8":"first","9":"instock","10":"taxable","11":"shipping-taxable","12":"product-type-simple"},"acf":[],"yoast_head":"<!-- This site is optimized with the Yoast SEO plugin v26.7 - https:\/\/yoast.com\/wordpress\/plugins\/seo\/ -->\n<title>Plan Veo - Gertuago<\/title>\n<meta name=\"robots\" content=\"index, follow, max-snippet:-1, max-image-preview:large, max-video-preview:-1\" \/>\n<link rel=\"canonical\" href=\"https:\/\/gertuago.eus\/es\/producto\/plan-veo\/\" \/>\n<meta property=\"og:locale\" content=\"es_ES\" \/>\n<meta property=\"og:type\" content=\"article\" \/>\n<meta property=\"og:title\" content=\"Plan Veo - Gertuago\" \/>\n<meta property=\"og:description\" content=\"\u00bfTienes 16 a\u00f1os o menos y utilizas gafas o lentillas? ATENCI\u00d3N, \u00a1esta oferta te interesa! En Usurbil Optika ofrecen el Plan Veo, por lo que puedes tener un descuento de hasta 100\u20ac en tus gafas o lentillas. Plan Veo El Plan VEO es un sistema de ayudas de hasta 100 euros por persona al a\u00f1o...\" \/>\n<meta property=\"og:url\" content=\"https:\/\/gertuago.eus\/es\/producto\/plan-veo\/\" \/>\n<meta property=\"og:site_name\" content=\"Gertuago\" \/>\n<meta property=\"article:modified_time\" content=\"2026-04-10T17:05:02+00:00\" \/>\n<meta property=\"og:image\" content=\"https:\/\/gertuago.eus\/wp-content\/uploads\/2026\/04\/04-10_web-scaled.jpg\" \/>\n\t<meta property=\"og:image:width\" content=\"2560\" \/>\n\t<meta property=\"og:image:height\" content=\"2560\" \/>\n\t<meta property=\"og:image:type\" content=\"image\/jpeg\" \/>\n<meta name=\"twitter:card\" content=\"summary_large_image\" \/>\n<meta name=\"twitter:label1\" content=\"Tiempo de lectura\" \/>\n\t<meta name=\"twitter:data1\" content=\"2 minutos\" \/>\n<script type=\"application\/ld+json\" class=\"yoast-schema-graph\">{\"@context\":\"https:\/\/schema.org\",\"@graph\":[{\"@type\":\"WebPage\",\"@id\":\"https:\/\/gertuago.eus\/es\/producto\/plan-veo\/\",\"url\":\"https:\/\/gertuago.eus\/es\/producto\/plan-veo\/\",\"name\":\"Plan Veo - Gertuago\",\"isPartOf\":{\"@id\":\"https:\/\/gertuago.eus\/es\/#website\"},\"primaryImageOfPage\":{\"@id\":\"https:\/\/gertuago.eus\/es\/producto\/plan-veo\/#primaryimage\"},\"image\":{\"@id\":\"https:\/\/gertuago.eus\/es\/producto\/plan-veo\/#primaryimage\"},\"thumbnailUrl\":\"https:\/\/gertuago.eus\/wp-content\/uploads\/2026\/04\/04-10_web-scaled.jpg\",\"datePublished\":\"2026-04-10T17:04:33+00:00\",\"dateModified\":\"2026-04-10T17:05:02+00:00\",\"breadcrumb\":{\"@id\":\"https:\/\/gertuago.eus\/es\/producto\/plan-veo\/#breadcrumb\"},\"inLanguage\":\"es\",\"potentialAction\":[{\"@type\":\"ReadAction\",\"target\":[\"https:\/\/gertuago.eus\/es\/producto\/plan-veo\/\"]}]},{\"@type\":\"ImageObject\",\"inLanguage\":\"es\",\"@id\":\"https:\/\/gertuago.eus\/es\/producto\/plan-veo\/#primaryimage\",\"url\":\"https:\/\/gertuago.eus\/wp-content\/uploads\/2026\/04\/04-10_web-scaled.jpg\",\"contentUrl\":\"https:\/\/gertuago.eus\/wp-content\/uploads\/2026\/04\/04-10_web-scaled.jpg\",\"width\":2560,\"height\":2560},{\"@type\":\"BreadcrumbList\",\"@id\":\"https:\/\/gertuago.eus\/es\/producto\/plan-veo\/#breadcrumb\",\"itemListElement\":[{\"@type\":\"ListItem\",\"position\":1,\"name\":\"Home\",\"item\":\"https:\/\/gertuago.eus\/es\/\"},{\"@type\":\"ListItem\",\"position\":2,\"name\":\"Dendak &#8211; woocommerce\",\"item\":\"https:\/\/gertuago.eus\/eu\/dendak-woocommerce\/\"},{\"@type\":\"ListItem\",\"position\":3,\"name\":\"Plan Veo\"}]},{\"@type\":\"WebSite\",\"@id\":\"https:\/\/gertuago.eus\/es\/#website\",\"url\":\"https:\/\/gertuago.eus\/es\/\",\"name\":\"Gertuago\",\"description\":\"Usurbil Merkataritza Bonoak\",\"potentialAction\":[{\"@type\":\"SearchAction\",\"target\":{\"@type\":\"EntryPoint\",\"urlTemplate\":\"https:\/\/gertuago.eus\/es\/?s={search_term_string}\"},\"query-input\":{\"@type\":\"PropertyValueSpecification\",\"valueRequired\":true,\"valueName\":\"search_term_string\"}}],\"inLanguage\":\"es\"}]}<\/script>\n<!-- \/ Yoast SEO plugin. -->","yoast_head_json":{"title":"Plan Veo - Gertuago","robots":{"index":"index","follow":"follow","max-snippet":"max-snippet:-1","max-image-preview":"max-image-preview:large","max-video-preview":"max-video-preview:-1"},"canonical":"https:\/\/gertuago.eus\/es\/producto\/plan-veo\/","og_locale":"es_ES","og_type":"article","og_title":"Plan Veo - Gertuago","og_description":"\u00bfTienes 16 a\u00f1os o menos y utilizas gafas o lentillas? ATENCI\u00d3N, \u00a1esta oferta te interesa! En Usurbil Optika ofrecen el Plan Veo, por lo que puedes tener un descuento de hasta 100\u20ac en tus gafas o lentillas. Plan Veo El Plan VEO es un sistema de ayudas de hasta 100 euros por persona al a\u00f1o...","og_url":"https:\/\/gertuago.eus\/es\/producto\/plan-veo\/","og_site_name":"Gertuago","article_modified_time":"2026-04-10T17:05:02+00:00","og_image":[{"width":2560,"height":2560,"url":"https:\/\/gertuago.eus\/wp-content\/uploads\/2026\/04\/04-10_web-scaled.jpg","type":"image\/jpeg"}],"twitter_card":"summary_large_image","twitter_misc":{"Tiempo de lectura":"2 minutos"},"schema":{"@context":"https:\/\/schema.org","@graph":[{"@type":"WebPage","@id":"https:\/\/gertuago.eus\/es\/producto\/plan-veo\/","url":"https:\/\/gertuago.eus\/es\/producto\/plan-veo\/","name":"Plan Veo - Gertuago","isPartOf":{"@id":"https:\/\/gertuago.eus\/es\/#website"},"primaryImageOfPage":{"@id":"https:\/\/gertuago.eus\/es\/producto\/plan-veo\/#primaryimage"},"image":{"@id":"https:\/\/gertuago.eus\/es\/producto\/plan-veo\/#primaryimage"},"thumbnailUrl":"https:\/\/gertuago.eus\/wp-content\/uploads\/2026\/04\/04-10_web-scaled.jpg","datePublished":"2026-04-10T17:04:33+00:00","dateModified":"2026-04-10T17:05:02+00:00","breadcrumb":{"@id":"https:\/\/gertuago.eus\/es\/producto\/plan-veo\/#breadcrumb"},"inLanguage":"es","potentialAction":[{"@type":"ReadAction","target":["https:\/\/gertuago.eus\/es\/producto\/plan-veo\/"]}]},{"@type":"ImageObject","inLanguage":"es","@id":"https:\/\/gertuago.eus\/es\/producto\/plan-veo\/#primaryimage","url":"https:\/\/gertuago.eus\/wp-content\/uploads\/2026\/04\/04-10_web-scaled.jpg","contentUrl":"https:\/\/gertuago.eus\/wp-content\/uploads\/2026\/04\/04-10_web-scaled.jpg","width":2560,"height":2560},{"@type":"BreadcrumbList","@id":"https:\/\/gertuago.eus\/es\/producto\/plan-veo\/#breadcrumb","itemListElement":[{"@type":"ListItem","position":1,"name":"Home","item":"https:\/\/gertuago.eus\/es\/"},{"@type":"ListItem","position":2,"name":"Dendak &#8211; woocommerce","item":"https:\/\/gertuago.eus\/eu\/dendak-woocommerce\/"},{"@type":"ListItem","position":3,"name":"Plan Veo"}]},{"@type":"WebSite","@id":"https:\/\/gertuago.eus\/es\/#website","url":"https:\/\/gertuago.eus\/es\/","name":"Gertuago","description":"Usurbil Merkataritza Bonoak","potentialAction":[{"@type":"SearchAction","target":{"@type":"EntryPoint","urlTemplate":"https:\/\/gertuago.eus\/es\/?s={search_term_string}"},"query-input":{"@type":"PropertyValueSpecification","valueRequired":true,"valueName":"search_term_string"}}],"inLanguage":"es"}]}},"_links":{"self":[{"href":"https:\/\/gertuago.eus\/es\/wp-json\/wp\/v2\/product\/44004","targetHints":{"allow":["GET"]}}],"collection":[{"href":"https:\/\/gertuago.eus\/es\/wp-json\/wp\/v2\/product"}],"about":[{"href":"https:\/\/gertuago.eus\/es\/wp-json\/wp\/v2\/types\/product"}],"wp:featuredmedia":[{"embeddable":true,"href":"https:\/\/gertuago.eus\/es\/wp-json\/wp\/v2\/media\/44003"}],"wp:attachment":[{"href":"https:\/\/gertuago.eus\/es\/wp-json\/wp\/v2\/media?parent=44004"}],"wp:term":[{"taxonomy":"product_brand","embeddable":true,"href":"https:\/\/gertuago.eus\/es\/wp-json\/wp\/v2\/product_brand?post=44004"},{"taxonomy":"product_cat","embeddable":true,"href":"https:\/\/gertuago.eus\/es\/wp-json\/wp\/v2\/product_cat?post=44004"},{"taxonomy":"product_tag","embeddable":true,"href":"https:\/\/gertuago.eus\/es\/wp-json\/wp\/v2\/product_tag?post=44004"}],"curies":[{"name":"wp","href":"https:\/\/api.w.org\/{rel}","templated":true}]}}