{"id":38369,"date":"2025-01-29T11:57:12","date_gmt":"2025-01-29T11:04:03","guid":{"rendered":"https:\/\/gertuago.eus\/?post_type=product&#038;p=38369"},"modified":"2025-01-29T12:04:03","modified_gmt":"2025-01-29T11:04:03","slug":"presoterapia-ballancer","status":"publish","type":"product","link":"https:\/\/gertuago.eus\/es\/producto\/presoterapia-ballancer\/","title":{"rendered":"Presoterapia Ballancer"},"content":{"rendered":"<p>La aparatolog\u00eda de presoterapia Ballancer, ofrece muchos beneficios en nuestro cuerpo; en Enar Estetika tenemos la chaqueta y el pantal\u00f3n para poder ofrecerte tratamientos tanto de tren superior como de inferior.<\/p>\n<ul>\n<li>Celulitis y varices.<\/li>\n<li>Para deportistas que sufren dolores a causa del ejercicio.<\/li>\n<li>Menopausia.<\/li>\n<li>Estimula los sistemas de circulaci\u00f3n sangu\u00ednea y linf\u00e1tica.<\/li>\n<li>Disminuye el riesgo de padecer trombosis venosas.<\/li>\n<li>Elimina el exceso de l\u00edquidos acumulados.<\/li>\n<li>Estimula el metabolismo en las estructuras \u00f3seas, activa la musculatura abdominal.<\/li>\n<li>Favorece la eliminaci\u00f3n de adipocitos de grasa.<\/li>\n<li>Elimina edemas.<\/li>\n<\/ul>\n","protected":false},"excerpt":{"rendered":"<p>La aparatolog\u00eda de presoterapia Ballancer, ofrece muchos beneficios en nuestro cuerpo; en Enar Estetika tenemos la chaqueta y el pantal\u00f3n para poder ofrecerte tratamientos tanto de tren superior como de inferior. Celulitis y varices. Para deportistas que sufren dolores a causa del ejercicio. Menopausia. Estimula los sistemas de circulaci\u00f3n sangu\u00ednea y linf\u00e1tica. Disminuye el riesgo&#8230;<\/p>\n","protected":false},"featured_media":38368,"template":"","meta":{"_acf_changed":false},"product_brand":[],"product_cat":[],"product_tag":[],"class_list":{"0":"post-38369","1":"product","2":"type-product","3":"status-publish","4":"has-post-thumbnail","7":"first","8":"instock","9":"taxable","10":"shipping-taxable","11":"product-type-simple"},"acf":[],"yoast_head":"<!-- This site is optimized with the Yoast SEO plugin v26.7 - https:\/\/yoast.com\/wordpress\/plugins\/seo\/ -->\n<title>Presoterapia Ballancer - Gertuago<\/title>\n<meta name=\"robots\" content=\"index, follow, max-snippet:-1, max-image-preview:large, max-video-preview:-1\" \/>\n<link rel=\"canonical\" href=\"https:\/\/gertuago.eus\/es\/producto\/presoterapia-ballancer\/\" \/>\n<meta property=\"og:locale\" content=\"es_ES\" \/>\n<meta property=\"og:type\" content=\"article\" \/>\n<meta property=\"og:title\" content=\"Presoterapia Ballancer - Gertuago\" \/>\n<meta property=\"og:description\" content=\"La aparatolog\u00eda de presoterapia Ballancer, ofrece muchos beneficios en nuestro cuerpo; en Enar Estetika tenemos la chaqueta y el pantal\u00f3n para poder ofrecerte tratamientos tanto de tren superior como de inferior. Celulitis y varices. Para deportistas que sufren dolores a causa del ejercicio. Menopausia. Estimula los sistemas de circulaci\u00f3n sangu\u00ednea y linf\u00e1tica. Disminuye el riesgo...\" \/>\n<meta property=\"og:url\" content=\"https:\/\/gertuago.eus\/es\/producto\/presoterapia-ballancer\/\" \/>\n<meta property=\"og:site_name\" content=\"Gertuago\" \/>\n<meta property=\"og:image\" content=\"https:\/\/gertuago.eus\/wp-content\/uploads\/2025\/01\/preso.jpg\" \/>\n\t<meta property=\"og:image:width\" content=\"1080\" \/>\n\t<meta property=\"og:image:height\" content=\"1080\" \/>\n\t<meta property=\"og:image:type\" content=\"image\/jpeg\" \/>\n<meta name=\"twitter:card\" content=\"summary_large_image\" \/>\n<meta name=\"twitter:label1\" content=\"Tiempo de lectura\" \/>\n\t<meta name=\"twitter:data1\" content=\"1 minuto\" \/>\n<script type=\"application\/ld+json\" class=\"yoast-schema-graph\">{\"@context\":\"https:\/\/schema.org\",\"@graph\":[{\"@type\":\"WebPage\",\"@id\":\"https:\/\/gertuago.eus\/es\/producto\/presoterapia-ballancer\/\",\"url\":\"https:\/\/gertuago.eus\/es\/producto\/presoterapia-ballancer\/\",\"name\":\"Presoterapia Ballancer - Gertuago\",\"isPartOf\":{\"@id\":\"https:\/\/gertuago.eus\/es\/#website\"},\"primaryImageOfPage\":{\"@id\":\"https:\/\/gertuago.eus\/es\/producto\/presoterapia-ballancer\/#primaryimage\"},\"image\":{\"@id\":\"https:\/\/gertuago.eus\/es\/producto\/presoterapia-ballancer\/#primaryimage\"},\"thumbnailUrl\":\"https:\/\/gertuago.eus\/wp-content\/uploads\/2025\/01\/preso.jpg\",\"datePublished\":\"2025-01-29T11:04:03+00:00\",\"breadcrumb\":{\"@id\":\"https:\/\/gertuago.eus\/es\/producto\/presoterapia-ballancer\/#breadcrumb\"},\"inLanguage\":\"es\",\"potentialAction\":[{\"@type\":\"ReadAction\",\"target\":[\"https:\/\/gertuago.eus\/es\/producto\/presoterapia-ballancer\/\"]}]},{\"@type\":\"ImageObject\",\"inLanguage\":\"es\",\"@id\":\"https:\/\/gertuago.eus\/es\/producto\/presoterapia-ballancer\/#primaryimage\",\"url\":\"https:\/\/gertuago.eus\/wp-content\/uploads\/2025\/01\/preso.jpg\",\"contentUrl\":\"https:\/\/gertuago.eus\/wp-content\/uploads\/2025\/01\/preso.jpg\",\"width\":1080,\"height\":1080},{\"@type\":\"BreadcrumbList\",\"@id\":\"https:\/\/gertuago.eus\/es\/producto\/presoterapia-ballancer\/#breadcrumb\",\"itemListElement\":[{\"@type\":\"ListItem\",\"position\":1,\"name\":\"Home\",\"item\":\"https:\/\/gertuago.eus\/es\/\"},{\"@type\":\"ListItem\",\"position\":2,\"name\":\"Dendak &#8211; woocommerce\",\"item\":\"https:\/\/gertuago.eus\/eu\/dendak-woocommerce\/\"},{\"@type\":\"ListItem\",\"position\":3,\"name\":\"Presoterapia Ballancer\"}]},{\"@type\":\"WebSite\",\"@id\":\"https:\/\/gertuago.eus\/es\/#website\",\"url\":\"https:\/\/gertuago.eus\/es\/\",\"name\":\"Gertuago\",\"description\":\"Usurbil Merkataritza Bonoak\",\"potentialAction\":[{\"@type\":\"SearchAction\",\"target\":{\"@type\":\"EntryPoint\",\"urlTemplate\":\"https:\/\/gertuago.eus\/es\/?s={search_term_string}\"},\"query-input\":{\"@type\":\"PropertyValueSpecification\",\"valueRequired\":true,\"valueName\":\"search_term_string\"}}],\"inLanguage\":\"es\"}]}<\/script>\n<!-- \/ Yoast SEO plugin. -->","yoast_head_json":{"title":"Presoterapia Ballancer - Gertuago","robots":{"index":"index","follow":"follow","max-snippet":"max-snippet:-1","max-image-preview":"max-image-preview:large","max-video-preview":"max-video-preview:-1"},"canonical":"https:\/\/gertuago.eus\/es\/producto\/presoterapia-ballancer\/","og_locale":"es_ES","og_type":"article","og_title":"Presoterapia Ballancer - Gertuago","og_description":"La aparatolog\u00eda de presoterapia Ballancer, ofrece muchos beneficios en nuestro cuerpo; en Enar Estetika tenemos la chaqueta y el pantal\u00f3n para poder ofrecerte tratamientos tanto de tren superior como de inferior. Celulitis y varices. Para deportistas que sufren dolores a causa del ejercicio. Menopausia. Estimula los sistemas de circulaci\u00f3n sangu\u00ednea y linf\u00e1tica. Disminuye el riesgo...","og_url":"https:\/\/gertuago.eus\/es\/producto\/presoterapia-ballancer\/","og_site_name":"Gertuago","og_image":[{"width":1080,"height":1080,"url":"https:\/\/gertuago.eus\/wp-content\/uploads\/2025\/01\/preso.jpg","type":"image\/jpeg"}],"twitter_card":"summary_large_image","twitter_misc":{"Tiempo de lectura":"1 minuto"},"schema":{"@context":"https:\/\/schema.org","@graph":[{"@type":"WebPage","@id":"https:\/\/gertuago.eus\/es\/producto\/presoterapia-ballancer\/","url":"https:\/\/gertuago.eus\/es\/producto\/presoterapia-ballancer\/","name":"Presoterapia Ballancer - Gertuago","isPartOf":{"@id":"https:\/\/gertuago.eus\/es\/#website"},"primaryImageOfPage":{"@id":"https:\/\/gertuago.eus\/es\/producto\/presoterapia-ballancer\/#primaryimage"},"image":{"@id":"https:\/\/gertuago.eus\/es\/producto\/presoterapia-ballancer\/#primaryimage"},"thumbnailUrl":"https:\/\/gertuago.eus\/wp-content\/uploads\/2025\/01\/preso.jpg","datePublished":"2025-01-29T11:04:03+00:00","breadcrumb":{"@id":"https:\/\/gertuago.eus\/es\/producto\/presoterapia-ballancer\/#breadcrumb"},"inLanguage":"es","potentialAction":[{"@type":"ReadAction","target":["https:\/\/gertuago.eus\/es\/producto\/presoterapia-ballancer\/"]}]},{"@type":"ImageObject","inLanguage":"es","@id":"https:\/\/gertuago.eus\/es\/producto\/presoterapia-ballancer\/#primaryimage","url":"https:\/\/gertuago.eus\/wp-content\/uploads\/2025\/01\/preso.jpg","contentUrl":"https:\/\/gertuago.eus\/wp-content\/uploads\/2025\/01\/preso.jpg","width":1080,"height":1080},{"@type":"BreadcrumbList","@id":"https:\/\/gertuago.eus\/es\/producto\/presoterapia-ballancer\/#breadcrumb","itemListElement":[{"@type":"ListItem","position":1,"name":"Home","item":"https:\/\/gertuago.eus\/es\/"},{"@type":"ListItem","position":2,"name":"Dendak &#8211; woocommerce","item":"https:\/\/gertuago.eus\/eu\/dendak-woocommerce\/"},{"@type":"ListItem","position":3,"name":"Presoterapia Ballancer"}]},{"@type":"WebSite","@id":"https:\/\/gertuago.eus\/es\/#website","url":"https:\/\/gertuago.eus\/es\/","name":"Gertuago","description":"Usurbil Merkataritza Bonoak","potentialAction":[{"@type":"SearchAction","target":{"@type":"EntryPoint","urlTemplate":"https:\/\/gertuago.eus\/es\/?s={search_term_string}"},"query-input":{"@type":"PropertyValueSpecification","valueRequired":true,"valueName":"search_term_string"}}],"inLanguage":"es"}]}},"_links":{"self":[{"href":"https:\/\/gertuago.eus\/es\/wp-json\/wp\/v2\/product\/38369","targetHints":{"allow":["GET"]}}],"collection":[{"href":"https:\/\/gertuago.eus\/es\/wp-json\/wp\/v2\/product"}],"about":[{"href":"https:\/\/gertuago.eus\/es\/wp-json\/wp\/v2\/types\/product"}],"wp:featuredmedia":[{"embeddable":true,"href":"https:\/\/gertuago.eus\/es\/wp-json\/wp\/v2\/media\/38368"}],"wp:attachment":[{"href":"https:\/\/gertuago.eus\/es\/wp-json\/wp\/v2\/media?parent=38369"}],"wp:term":[{"taxonomy":"product_brand","embeddable":true,"href":"https:\/\/gertuago.eus\/es\/wp-json\/wp\/v2\/product_brand?post=38369"},{"taxonomy":"product_cat","embeddable":true,"href":"https:\/\/gertuago.eus\/es\/wp-json\/wp\/v2\/product_cat?post=38369"},{"taxonomy":"product_tag","embeddable":true,"href":"https:\/\/gertuago.eus\/es\/wp-json\/wp\/v2\/product_tag?post=38369"}],"curies":[{"name":"wp","href":"https:\/\/api.w.org\/{rel}","templated":true}]}}