{"id":38330,"date":"2025-01-29T11:58:34","date_gmt":"2025-01-29T11:04:59","guid":{"rendered":"https:\/\/gertuago.eus\/?post_type=product&#038;p=38330"},"modified":"2025-01-29T12:04:59","modified_gmt":"2025-01-29T11:04:59","slug":"carbon-activo-con-ipl","status":"publish","type":"product","link":"https:\/\/gertuago.eus\/es\/producto\/carbon-activo-con-ipl\/","title":{"rendered":"Carb\u00f3n Activo con IPL"},"content":{"rendered":"<p>El tratamiento de carb\u00f3n activo con IPL ofrece muchos beneficios a la piel, ya que gracias a la IPL se intensifican todos los beneficios del carb\u00f3n activo.<\/p>\n<ul>\n<li>Limpieza profunda.<\/li>\n<li>Reducci\u00f3n de poros.<\/li>\n<li>Control del exceso de sebo.<\/li>\n<li>Prevenci\u00f3n del acn\u00e9.<\/li>\n<li>Propiedades antibacterianas.<\/li>\n<li>Exfoliaci\u00f3n.<\/li>\n<li>Mejora la textura de la piel.<\/li>\n<li>Calmante.<\/li>\n<li>Antiinflamatorio.<\/li>\n<li>Formaci\u00f3n de ox\u00edgeno.<\/li>\n<\/ul>\n","protected":false},"excerpt":{"rendered":"<p>El tratamiento de carb\u00f3n activo con IPL ofrece muchos beneficios a la piel, ya que gracias a la IPL se intensifican todos los beneficios del carb\u00f3n activo. Limpieza profunda. Reducci\u00f3n de poros. Control del exceso de sebo. Prevenci\u00f3n del acn\u00e9. Propiedades antibacterianas. Exfoliaci\u00f3n. Mejora la textura de la piel. Calmante. Antiinflamatorio. Formaci\u00f3n de ox\u00edgeno.<\/p>\n","protected":false},"featured_media":38329,"template":"","meta":{"_acf_changed":false},"product_brand":[],"product_cat":[],"product_tag":[],"class_list":{"0":"post-38330","1":"product","2":"type-product","3":"status-publish","4":"has-post-thumbnail","7":"first","8":"instock","9":"taxable","10":"shipping-taxable","11":"product-type-simple"},"acf":[],"yoast_head":"<!-- This site is optimized with the Yoast SEO plugin v26.7 - https:\/\/yoast.com\/wordpress\/plugins\/seo\/ -->\n<title>Carb\u00f3n Activo con IPL - Gertuago<\/title>\n<meta name=\"robots\" content=\"index, follow, max-snippet:-1, max-image-preview:large, max-video-preview:-1\" \/>\n<link rel=\"canonical\" href=\"https:\/\/gertuago.eus\/es\/producto\/carbon-activo-con-ipl\/\" \/>\n<meta property=\"og:locale\" content=\"es_ES\" \/>\n<meta property=\"og:type\" content=\"article\" \/>\n<meta property=\"og:title\" content=\"Carb\u00f3n Activo con IPL - Gertuago\" \/>\n<meta property=\"og:description\" content=\"El tratamiento de carb\u00f3n activo con IPL ofrece muchos beneficios a la piel, ya que gracias a la IPL se intensifican todos los beneficios del carb\u00f3n activo. Limpieza profunda. Reducci\u00f3n de poros. Control del exceso de sebo. Prevenci\u00f3n del acn\u00e9. Propiedades antibacterianas. Exfoliaci\u00f3n. Mejora la textura de la piel. Calmante. Antiinflamatorio. Formaci\u00f3n de ox\u00edgeno.\" \/>\n<meta property=\"og:url\" content=\"https:\/\/gertuago.eus\/es\/producto\/carbon-activo-con-ipl\/\" \/>\n<meta property=\"og:site_name\" content=\"Gertuago\" \/>\n<meta property=\"og:image\" content=\"https:\/\/gertuago.eus\/wp-content\/uploads\/2025\/01\/ipl-01.jpg\" \/>\n\t<meta property=\"og:image:width\" content=\"660\" \/>\n\t<meta property=\"og:image:height\" content=\"580\" \/>\n\t<meta property=\"og:image:type\" content=\"image\/jpeg\" \/>\n<meta name=\"twitter:card\" content=\"summary_large_image\" \/>\n<meta name=\"twitter:label1\" content=\"Tiempo de lectura\" \/>\n\t<meta name=\"twitter:data1\" content=\"1 minuto\" \/>\n<script type=\"application\/ld+json\" class=\"yoast-schema-graph\">{\"@context\":\"https:\/\/schema.org\",\"@graph\":[{\"@type\":\"WebPage\",\"@id\":\"https:\/\/gertuago.eus\/es\/producto\/carbon-activo-con-ipl\/\",\"url\":\"https:\/\/gertuago.eus\/es\/producto\/carbon-activo-con-ipl\/\",\"name\":\"Carb\u00f3n Activo con IPL - Gertuago\",\"isPartOf\":{\"@id\":\"https:\/\/gertuago.eus\/es\/#website\"},\"primaryImageOfPage\":{\"@id\":\"https:\/\/gertuago.eus\/es\/producto\/carbon-activo-con-ipl\/#primaryimage\"},\"image\":{\"@id\":\"https:\/\/gertuago.eus\/es\/producto\/carbon-activo-con-ipl\/#primaryimage\"},\"thumbnailUrl\":\"https:\/\/gertuago.eus\/wp-content\/uploads\/2025\/01\/ipl-01.jpg\",\"datePublished\":\"2025-01-29T11:04:59+00:00\",\"breadcrumb\":{\"@id\":\"https:\/\/gertuago.eus\/es\/producto\/carbon-activo-con-ipl\/#breadcrumb\"},\"inLanguage\":\"es\",\"potentialAction\":[{\"@type\":\"ReadAction\",\"target\":[\"https:\/\/gertuago.eus\/es\/producto\/carbon-activo-con-ipl\/\"]}]},{\"@type\":\"ImageObject\",\"inLanguage\":\"es\",\"@id\":\"https:\/\/gertuago.eus\/es\/producto\/carbon-activo-con-ipl\/#primaryimage\",\"url\":\"https:\/\/gertuago.eus\/wp-content\/uploads\/2025\/01\/ipl-01.jpg\",\"contentUrl\":\"https:\/\/gertuago.eus\/wp-content\/uploads\/2025\/01\/ipl-01.jpg\",\"width\":660,\"height\":580},{\"@type\":\"BreadcrumbList\",\"@id\":\"https:\/\/gertuago.eus\/es\/producto\/carbon-activo-con-ipl\/#breadcrumb\",\"itemListElement\":[{\"@type\":\"ListItem\",\"position\":1,\"name\":\"Home\",\"item\":\"https:\/\/gertuago.eus\/es\/\"},{\"@type\":\"ListItem\",\"position\":2,\"name\":\"Dendak &#8211; woocommerce\",\"item\":\"https:\/\/gertuago.eus\/eu\/dendak-woocommerce\/\"},{\"@type\":\"ListItem\",\"position\":3,\"name\":\"Carb\u00f3n Activo con IPL\"}]},{\"@type\":\"WebSite\",\"@id\":\"https:\/\/gertuago.eus\/es\/#website\",\"url\":\"https:\/\/gertuago.eus\/es\/\",\"name\":\"Gertuago\",\"description\":\"Usurbil Merkataritza Bonoak\",\"potentialAction\":[{\"@type\":\"SearchAction\",\"target\":{\"@type\":\"EntryPoint\",\"urlTemplate\":\"https:\/\/gertuago.eus\/es\/?s={search_term_string}\"},\"query-input\":{\"@type\":\"PropertyValueSpecification\",\"valueRequired\":true,\"valueName\":\"search_term_string\"}}],\"inLanguage\":\"es\"}]}<\/script>\n<!-- \/ Yoast SEO plugin. -->","yoast_head_json":{"title":"Carb\u00f3n Activo con IPL - Gertuago","robots":{"index":"index","follow":"follow","max-snippet":"max-snippet:-1","max-image-preview":"max-image-preview:large","max-video-preview":"max-video-preview:-1"},"canonical":"https:\/\/gertuago.eus\/es\/producto\/carbon-activo-con-ipl\/","og_locale":"es_ES","og_type":"article","og_title":"Carb\u00f3n Activo con IPL - Gertuago","og_description":"El tratamiento de carb\u00f3n activo con IPL ofrece muchos beneficios a la piel, ya que gracias a la IPL se intensifican todos los beneficios del carb\u00f3n activo. Limpieza profunda. Reducci\u00f3n de poros. Control del exceso de sebo. Prevenci\u00f3n del acn\u00e9. Propiedades antibacterianas. Exfoliaci\u00f3n. Mejora la textura de la piel. Calmante. Antiinflamatorio. Formaci\u00f3n de ox\u00edgeno.","og_url":"https:\/\/gertuago.eus\/es\/producto\/carbon-activo-con-ipl\/","og_site_name":"Gertuago","og_image":[{"width":660,"height":580,"url":"https:\/\/gertuago.eus\/wp-content\/uploads\/2025\/01\/ipl-01.jpg","type":"image\/jpeg"}],"twitter_card":"summary_large_image","twitter_misc":{"Tiempo de lectura":"1 minuto"},"schema":{"@context":"https:\/\/schema.org","@graph":[{"@type":"WebPage","@id":"https:\/\/gertuago.eus\/es\/producto\/carbon-activo-con-ipl\/","url":"https:\/\/gertuago.eus\/es\/producto\/carbon-activo-con-ipl\/","name":"Carb\u00f3n Activo con IPL - Gertuago","isPartOf":{"@id":"https:\/\/gertuago.eus\/es\/#website"},"primaryImageOfPage":{"@id":"https:\/\/gertuago.eus\/es\/producto\/carbon-activo-con-ipl\/#primaryimage"},"image":{"@id":"https:\/\/gertuago.eus\/es\/producto\/carbon-activo-con-ipl\/#primaryimage"},"thumbnailUrl":"https:\/\/gertuago.eus\/wp-content\/uploads\/2025\/01\/ipl-01.jpg","datePublished":"2025-01-29T11:04:59+00:00","breadcrumb":{"@id":"https:\/\/gertuago.eus\/es\/producto\/carbon-activo-con-ipl\/#breadcrumb"},"inLanguage":"es","potentialAction":[{"@type":"ReadAction","target":["https:\/\/gertuago.eus\/es\/producto\/carbon-activo-con-ipl\/"]}]},{"@type":"ImageObject","inLanguage":"es","@id":"https:\/\/gertuago.eus\/es\/producto\/carbon-activo-con-ipl\/#primaryimage","url":"https:\/\/gertuago.eus\/wp-content\/uploads\/2025\/01\/ipl-01.jpg","contentUrl":"https:\/\/gertuago.eus\/wp-content\/uploads\/2025\/01\/ipl-01.jpg","width":660,"height":580},{"@type":"BreadcrumbList","@id":"https:\/\/gertuago.eus\/es\/producto\/carbon-activo-con-ipl\/#breadcrumb","itemListElement":[{"@type":"ListItem","position":1,"name":"Home","item":"https:\/\/gertuago.eus\/es\/"},{"@type":"ListItem","position":2,"name":"Dendak &#8211; woocommerce","item":"https:\/\/gertuago.eus\/eu\/dendak-woocommerce\/"},{"@type":"ListItem","position":3,"name":"Carb\u00f3n Activo con IPL"}]},{"@type":"WebSite","@id":"https:\/\/gertuago.eus\/es\/#website","url":"https:\/\/gertuago.eus\/es\/","name":"Gertuago","description":"Usurbil Merkataritza Bonoak","potentialAction":[{"@type":"SearchAction","target":{"@type":"EntryPoint","urlTemplate":"https:\/\/gertuago.eus\/es\/?s={search_term_string}"},"query-input":{"@type":"PropertyValueSpecification","valueRequired":true,"valueName":"search_term_string"}}],"inLanguage":"es"}]}},"_links":{"self":[{"href":"https:\/\/gertuago.eus\/es\/wp-json\/wp\/v2\/product\/38330","targetHints":{"allow":["GET"]}}],"collection":[{"href":"https:\/\/gertuago.eus\/es\/wp-json\/wp\/v2\/product"}],"about":[{"href":"https:\/\/gertuago.eus\/es\/wp-json\/wp\/v2\/types\/product"}],"wp:featuredmedia":[{"embeddable":true,"href":"https:\/\/gertuago.eus\/es\/wp-json\/wp\/v2\/media\/38329"}],"wp:attachment":[{"href":"https:\/\/gertuago.eus\/es\/wp-json\/wp\/v2\/media?parent=38330"}],"wp:term":[{"taxonomy":"product_brand","embeddable":true,"href":"https:\/\/gertuago.eus\/es\/wp-json\/wp\/v2\/product_brand?post=38330"},{"taxonomy":"product_cat","embeddable":true,"href":"https:\/\/gertuago.eus\/es\/wp-json\/wp\/v2\/product_cat?post=38330"},{"taxonomy":"product_tag","embeddable":true,"href":"https:\/\/gertuago.eus\/es\/wp-json\/wp\/v2\/product_tag?post=38330"}],"curies":[{"name":"wp","href":"https:\/\/api.w.org\/{rel}","templated":true}]}}