{"id":38326,"date":"2025-01-29T11:56:15","date_gmt":"2025-01-29T11:02:41","guid":{"rendered":"https:\/\/gertuago.eus\/?post_type=product&#038;p=38326"},"modified":"2025-01-29T12:02:42","modified_gmt":"2025-01-29T11:02:42","slug":"indiba","status":"publish","type":"product","link":"https:\/\/gertuago.eus\/es\/producto\/indiba\/","title":{"rendered":"Indiba"},"content":{"rendered":"<p>Dependiendo de la temperatura y el tiempo de tratamiento del Indiba, podremos conseguir diferentes objetivos en la zona tratada.<br \/>\nEs una tecnolog\u00eda que puede estimular la proliferaci\u00f3n de c\u00e9lulas madre, inhibir los dep\u00f3sitos de grasa y estimular los condrocitos (c\u00e9lulas involucradas en la formaci\u00f3n del cart\u00edlago) entre otras.<\/p>\n<ul>\n<li>Regeneraci\u00f3n tisular.<\/li>\n<li>Control de la acumulaci\u00f3n de grasa.<\/li>\n<li>Mejora la celulitis.<\/li>\n<li>Cicatrizaci\u00f3n.<\/li>\n<li>Producci\u00f3n de col\u00e1geno.<\/li>\n<li>Reafirmaci\u00f3n.<\/li>\n<li>Aumento la producci\u00f3n de col\u00e1geno.<\/li>\n<\/ul>\n<p>Ofrece grandes beneficios en el pre\/post operatorio.<\/p>\n","protected":false},"excerpt":{"rendered":"<p>Dependiendo de la temperatura y el tiempo de tratamiento del Indiba, podremos conseguir diferentes objetivos en la zona tratada. Es una tecnolog\u00eda que puede estimular la proliferaci\u00f3n de c\u00e9lulas madre, inhibir los dep\u00f3sitos de grasa y estimular los condrocitos (c\u00e9lulas involucradas en la formaci\u00f3n del cart\u00edlago) entre otras. Regeneraci\u00f3n tisular. Control de la acumulaci\u00f3n de&#8230;<\/p>\n","protected":false},"featured_media":38325,"template":"","meta":{"_acf_changed":false},"product_brand":[],"product_cat":[],"product_tag":[],"class_list":{"0":"post-38326","1":"product","2":"type-product","3":"status-publish","4":"has-post-thumbnail","7":"first","8":"instock","9":"taxable","10":"shipping-taxable","11":"product-type-simple"},"acf":[],"yoast_head":"<!-- This site is optimized with the Yoast SEO plugin v26.7 - https:\/\/yoast.com\/wordpress\/plugins\/seo\/ -->\n<title>Indiba - Gertuago<\/title>\n<meta name=\"robots\" content=\"index, follow, max-snippet:-1, max-image-preview:large, max-video-preview:-1\" \/>\n<link rel=\"canonical\" href=\"https:\/\/gertuago.eus\/es\/producto\/indiba\/\" \/>\n<meta property=\"og:locale\" content=\"es_ES\" \/>\n<meta property=\"og:type\" content=\"article\" \/>\n<meta property=\"og:title\" content=\"Indiba - Gertuago\" \/>\n<meta property=\"og:description\" content=\"Dependiendo de la temperatura y el tiempo de tratamiento del Indiba, podremos conseguir diferentes objetivos en la zona tratada. Es una tecnolog\u00eda que puede estimular la proliferaci\u00f3n de c\u00e9lulas madre, inhibir los dep\u00f3sitos de grasa y estimular los condrocitos (c\u00e9lulas involucradas en la formaci\u00f3n del cart\u00edlago) entre otras. Regeneraci\u00f3n tisular. Control de la acumulaci\u00f3n de...\" \/>\n<meta property=\"og:url\" content=\"https:\/\/gertuago.eus\/es\/producto\/indiba\/\" \/>\n<meta property=\"og:site_name\" content=\"Gertuago\" \/>\n<meta property=\"article:modified_time\" content=\"2025-01-29T11:02:42+00:00\" \/>\n<meta property=\"og:image\" content=\"https:\/\/gertuago.eus\/wp-content\/uploads\/2025\/01\/indiba-01.jpg\" \/>\n\t<meta property=\"og:image:width\" content=\"800\" \/>\n\t<meta property=\"og:image:height\" content=\"800\" \/>\n\t<meta property=\"og:image:type\" content=\"image\/jpeg\" \/>\n<meta name=\"twitter:card\" content=\"summary_large_image\" \/>\n<meta name=\"twitter:label1\" content=\"Tiempo de lectura\" \/>\n\t<meta name=\"twitter:data1\" content=\"1 minuto\" \/>\n<script type=\"application\/ld+json\" class=\"yoast-schema-graph\">{\"@context\":\"https:\/\/schema.org\",\"@graph\":[{\"@type\":\"WebPage\",\"@id\":\"https:\/\/gertuago.eus\/es\/producto\/indiba\/\",\"url\":\"https:\/\/gertuago.eus\/es\/producto\/indiba\/\",\"name\":\"Indiba - Gertuago\",\"isPartOf\":{\"@id\":\"https:\/\/gertuago.eus\/es\/#website\"},\"primaryImageOfPage\":{\"@id\":\"https:\/\/gertuago.eus\/es\/producto\/indiba\/#primaryimage\"},\"image\":{\"@id\":\"https:\/\/gertuago.eus\/es\/producto\/indiba\/#primaryimage\"},\"thumbnailUrl\":\"https:\/\/gertuago.eus\/wp-content\/uploads\/2025\/01\/indiba-01.jpg\",\"datePublished\":\"2025-01-29T11:02:41+00:00\",\"dateModified\":\"2025-01-29T11:02:42+00:00\",\"breadcrumb\":{\"@id\":\"https:\/\/gertuago.eus\/es\/producto\/indiba\/#breadcrumb\"},\"inLanguage\":\"es\",\"potentialAction\":[{\"@type\":\"ReadAction\",\"target\":[\"https:\/\/gertuago.eus\/es\/producto\/indiba\/\"]}]},{\"@type\":\"ImageObject\",\"inLanguage\":\"es\",\"@id\":\"https:\/\/gertuago.eus\/es\/producto\/indiba\/#primaryimage\",\"url\":\"https:\/\/gertuago.eus\/wp-content\/uploads\/2025\/01\/indiba-01.jpg\",\"contentUrl\":\"https:\/\/gertuago.eus\/wp-content\/uploads\/2025\/01\/indiba-01.jpg\",\"width\":800,\"height\":800},{\"@type\":\"BreadcrumbList\",\"@id\":\"https:\/\/gertuago.eus\/es\/producto\/indiba\/#breadcrumb\",\"itemListElement\":[{\"@type\":\"ListItem\",\"position\":1,\"name\":\"Home\",\"item\":\"https:\/\/gertuago.eus\/es\/\"},{\"@type\":\"ListItem\",\"position\":2,\"name\":\"Dendak &#8211; woocommerce\",\"item\":\"https:\/\/gertuago.eus\/eu\/dendak-woocommerce\/\"},{\"@type\":\"ListItem\",\"position\":3,\"name\":\"Indiba\"}]},{\"@type\":\"WebSite\",\"@id\":\"https:\/\/gertuago.eus\/es\/#website\",\"url\":\"https:\/\/gertuago.eus\/es\/\",\"name\":\"Gertuago\",\"description\":\"Usurbil Merkataritza Bonoak\",\"potentialAction\":[{\"@type\":\"SearchAction\",\"target\":{\"@type\":\"EntryPoint\",\"urlTemplate\":\"https:\/\/gertuago.eus\/es\/?s={search_term_string}\"},\"query-input\":{\"@type\":\"PropertyValueSpecification\",\"valueRequired\":true,\"valueName\":\"search_term_string\"}}],\"inLanguage\":\"es\"}]}<\/script>\n<!-- \/ Yoast SEO plugin. -->","yoast_head_json":{"title":"Indiba - Gertuago","robots":{"index":"index","follow":"follow","max-snippet":"max-snippet:-1","max-image-preview":"max-image-preview:large","max-video-preview":"max-video-preview:-1"},"canonical":"https:\/\/gertuago.eus\/es\/producto\/indiba\/","og_locale":"es_ES","og_type":"article","og_title":"Indiba - Gertuago","og_description":"Dependiendo de la temperatura y el tiempo de tratamiento del Indiba, podremos conseguir diferentes objetivos en la zona tratada. Es una tecnolog\u00eda que puede estimular la proliferaci\u00f3n de c\u00e9lulas madre, inhibir los dep\u00f3sitos de grasa y estimular los condrocitos (c\u00e9lulas involucradas en la formaci\u00f3n del cart\u00edlago) entre otras. Regeneraci\u00f3n tisular. Control de la acumulaci\u00f3n de...","og_url":"https:\/\/gertuago.eus\/es\/producto\/indiba\/","og_site_name":"Gertuago","article_modified_time":"2025-01-29T11:02:42+00:00","og_image":[{"width":800,"height":800,"url":"https:\/\/gertuago.eus\/wp-content\/uploads\/2025\/01\/indiba-01.jpg","type":"image\/jpeg"}],"twitter_card":"summary_large_image","twitter_misc":{"Tiempo de lectura":"1 minuto"},"schema":{"@context":"https:\/\/schema.org","@graph":[{"@type":"WebPage","@id":"https:\/\/gertuago.eus\/es\/producto\/indiba\/","url":"https:\/\/gertuago.eus\/es\/producto\/indiba\/","name":"Indiba - Gertuago","isPartOf":{"@id":"https:\/\/gertuago.eus\/es\/#website"},"primaryImageOfPage":{"@id":"https:\/\/gertuago.eus\/es\/producto\/indiba\/#primaryimage"},"image":{"@id":"https:\/\/gertuago.eus\/es\/producto\/indiba\/#primaryimage"},"thumbnailUrl":"https:\/\/gertuago.eus\/wp-content\/uploads\/2025\/01\/indiba-01.jpg","datePublished":"2025-01-29T11:02:41+00:00","dateModified":"2025-01-29T11:02:42+00:00","breadcrumb":{"@id":"https:\/\/gertuago.eus\/es\/producto\/indiba\/#breadcrumb"},"inLanguage":"es","potentialAction":[{"@type":"ReadAction","target":["https:\/\/gertuago.eus\/es\/producto\/indiba\/"]}]},{"@type":"ImageObject","inLanguage":"es","@id":"https:\/\/gertuago.eus\/es\/producto\/indiba\/#primaryimage","url":"https:\/\/gertuago.eus\/wp-content\/uploads\/2025\/01\/indiba-01.jpg","contentUrl":"https:\/\/gertuago.eus\/wp-content\/uploads\/2025\/01\/indiba-01.jpg","width":800,"height":800},{"@type":"BreadcrumbList","@id":"https:\/\/gertuago.eus\/es\/producto\/indiba\/#breadcrumb","itemListElement":[{"@type":"ListItem","position":1,"name":"Home","item":"https:\/\/gertuago.eus\/es\/"},{"@type":"ListItem","position":2,"name":"Dendak &#8211; woocommerce","item":"https:\/\/gertuago.eus\/eu\/dendak-woocommerce\/"},{"@type":"ListItem","position":3,"name":"Indiba"}]},{"@type":"WebSite","@id":"https:\/\/gertuago.eus\/es\/#website","url":"https:\/\/gertuago.eus\/es\/","name":"Gertuago","description":"Usurbil Merkataritza Bonoak","potentialAction":[{"@type":"SearchAction","target":{"@type":"EntryPoint","urlTemplate":"https:\/\/gertuago.eus\/es\/?s={search_term_string}"},"query-input":{"@type":"PropertyValueSpecification","valueRequired":true,"valueName":"search_term_string"}}],"inLanguage":"es"}]}},"_links":{"self":[{"href":"https:\/\/gertuago.eus\/es\/wp-json\/wp\/v2\/product\/38326","targetHints":{"allow":["GET"]}}],"collection":[{"href":"https:\/\/gertuago.eus\/es\/wp-json\/wp\/v2\/product"}],"about":[{"href":"https:\/\/gertuago.eus\/es\/wp-json\/wp\/v2\/types\/product"}],"wp:featuredmedia":[{"embeddable":true,"href":"https:\/\/gertuago.eus\/es\/wp-json\/wp\/v2\/media\/38325"}],"wp:attachment":[{"href":"https:\/\/gertuago.eus\/es\/wp-json\/wp\/v2\/media?parent=38326"}],"wp:term":[{"taxonomy":"product_brand","embeddable":true,"href":"https:\/\/gertuago.eus\/es\/wp-json\/wp\/v2\/product_brand?post=38326"},{"taxonomy":"product_cat","embeddable":true,"href":"https:\/\/gertuago.eus\/es\/wp-json\/wp\/v2\/product_cat?post=38326"},{"taxonomy":"product_tag","embeddable":true,"href":"https:\/\/gertuago.eus\/es\/wp-json\/wp\/v2\/product_tag?post=38326"}],"curies":[{"name":"wp","href":"https:\/\/api.w.org\/{rel}","templated":true}]}}