{"id":38272,"date":"2025-03-07T19:45:46","date_gmt":"2025-03-07T18:45:46","guid":{"rendered":"https:\/\/gertuago.eus\/?post_type=product&#038;p=38272"},"modified":"2025-03-07T19:45:46","modified_gmt":"2025-03-07T18:45:46","slug":"ecografia","status":"publish","type":"product","link":"https:\/\/gertuago.eus\/es\/producto\/ecografia\/","title":{"rendered":"Ecograf\u00eda"},"content":{"rendered":"<p>La ecograf\u00eda musculoesquel\u00e9tica es una de las tecnolog\u00edas que utilizamos en nuestra cl\u00ednica de fisioterapia en Us\u00farbil para detectar las lesiones en m\u00fasculos, ligamentos, tendones y articulaciones. As\u00ed podemos hacer la valoraci\u00f3n y el seguimiento de la lesi\u00f3n de forma mucho m\u00e1s completa y objetiva.<span class=\"Apple-converted-space\">\u00a0<\/span><\/p>\n<p><b>BENEFICIOS:<br \/>\n<\/b><b>&#8211; Planificamos tu tratamiento con m\u00e1s precisi\u00f3n:<\/b> Nos permite hacer una evaluaci\u00f3n precisa y detallada de las estructuras musculoesquel\u00e9ticas, lo que facilita el diagn\u00f3stico de lesiones y la planificaci\u00f3n del tratamiento.<br \/>\n<b>&#8211; Detectamos tus lesiones de forma segura<\/b>: La ecograf\u00eda musculoesquel\u00e9tica es una t\u00e9cnica no invasiva que no utiliza radiaci\u00f3n ionizante, lo que la hace segura y libre de riesgos para el paciente.<br \/>\n<b>&#8211; Llevamos un mejor seguimiento de tu progresi\u00f3n<\/b>: Durante el proceso de rehabilitaci\u00f3n utilizamos la ecograf\u00eda musculoesquel\u00e9tica para realizar un seguimiento de la progresi\u00f3n de las lesiones, permitiendo evaluar la eficacia del tratamiento y ajustarlo seg\u00fan sea necesario. Esto garantiza una recuperaci\u00f3n \u00f3ptima y ayuda a prevenir posibles complicaciones.<\/p>\n","protected":false},"excerpt":{"rendered":"<p>La ecograf\u00eda musculoesquel\u00e9tica es una de las tecnolog\u00edas que utilizamos en nuestra cl\u00ednica de fisioterapia en Us\u00farbil para detectar las lesiones en m\u00fasculos, ligamentos, tendones y articulaciones. As\u00ed podemos hacer la valoraci\u00f3n y el seguimiento de la lesi\u00f3n de forma mucho m\u00e1s completa y objetiva.\u00a0 BENEFICIOS: &#8211; Planificamos tu tratamiento con m\u00e1s precisi\u00f3n: Nos permite&#8230;<\/p>\n","protected":false},"featured_media":38256,"template":"","meta":{"_acf_changed":false},"product_brand":[],"product_cat":[85,99,29],"product_tag":[],"class_list":{"0":"post-38272","1":"product","2":"type-product","3":"status-publish","4":"has-post-thumbnail","6":"product_cat-osasuna-eta-ongizatea","7":"product_cat-salud-y-bienestar","8":"product_cat-uncategorized-eu","10":"first","11":"instock","12":"taxable","13":"shipping-taxable","14":"product-type-simple"},"acf":[],"yoast_head":"<!-- This site is optimized with the Yoast SEO plugin v26.7 - https:\/\/yoast.com\/wordpress\/plugins\/seo\/ -->\n<title>Ecograf\u00eda - Gertuago<\/title>\n<meta name=\"robots\" content=\"index, follow, max-snippet:-1, max-image-preview:large, max-video-preview:-1\" \/>\n<link rel=\"canonical\" href=\"https:\/\/gertuago.eus\/es\/producto\/ecografia\/\" \/>\n<meta property=\"og:locale\" content=\"es_ES\" \/>\n<meta property=\"og:type\" content=\"article\" \/>\n<meta property=\"og:title\" content=\"Ecograf\u00eda - Gertuago\" \/>\n<meta property=\"og:description\" content=\"La ecograf\u00eda musculoesquel\u00e9tica es una de las tecnolog\u00edas que utilizamos en nuestra cl\u00ednica de fisioterapia en Us\u00farbil para detectar las lesiones en m\u00fasculos, ligamentos, tendones y articulaciones. As\u00ed podemos hacer la valoraci\u00f3n y el seguimiento de la lesi\u00f3n de forma mucho m\u00e1s completa y objetiva.\u00a0 BENEFICIOS: &#8211; Planificamos tu tratamiento con m\u00e1s precisi\u00f3n: Nos permite...\" \/>\n<meta property=\"og:url\" content=\"https:\/\/gertuago.eus\/es\/producto\/ecografia\/\" \/>\n<meta property=\"og:site_name\" content=\"Gertuago\" \/>\n<meta property=\"og:image\" content=\"https:\/\/gertuago.eus\/wp-content\/uploads\/2025\/01\/IMG_1962-scaled.jpeg\" \/>\n\t<meta property=\"og:image:width\" content=\"2560\" \/>\n\t<meta property=\"og:image:height\" content=\"1920\" \/>\n\t<meta property=\"og:image:type\" content=\"image\/jpeg\" \/>\n<meta name=\"twitter:card\" content=\"summary_large_image\" \/>\n<meta name=\"twitter:label1\" content=\"Tiempo de lectura\" \/>\n\t<meta name=\"twitter:data1\" content=\"2 minutos\" \/>\n<script type=\"application\/ld+json\" class=\"yoast-schema-graph\">{\"@context\":\"https:\/\/schema.org\",\"@graph\":[{\"@type\":\"WebPage\",\"@id\":\"https:\/\/gertuago.eus\/es\/producto\/ecografia\/\",\"url\":\"https:\/\/gertuago.eus\/es\/producto\/ecografia\/\",\"name\":\"Ecograf\u00eda - Gertuago\",\"isPartOf\":{\"@id\":\"https:\/\/gertuago.eus\/es\/#website\"},\"primaryImageOfPage\":{\"@id\":\"https:\/\/gertuago.eus\/es\/producto\/ecografia\/#primaryimage\"},\"image\":{\"@id\":\"https:\/\/gertuago.eus\/es\/producto\/ecografia\/#primaryimage\"},\"thumbnailUrl\":\"https:\/\/gertuago.eus\/wp-content\/uploads\/2025\/01\/IMG_1962-scaled.jpeg\",\"datePublished\":\"2025-03-07T18:45:46+00:00\",\"breadcrumb\":{\"@id\":\"https:\/\/gertuago.eus\/es\/producto\/ecografia\/#breadcrumb\"},\"inLanguage\":\"es\",\"potentialAction\":[{\"@type\":\"ReadAction\",\"target\":[\"https:\/\/gertuago.eus\/es\/producto\/ecografia\/\"]}]},{\"@type\":\"ImageObject\",\"inLanguage\":\"es\",\"@id\":\"https:\/\/gertuago.eus\/es\/producto\/ecografia\/#primaryimage\",\"url\":\"https:\/\/gertuago.eus\/wp-content\/uploads\/2025\/01\/IMG_1962-scaled.jpeg\",\"contentUrl\":\"https:\/\/gertuago.eus\/wp-content\/uploads\/2025\/01\/IMG_1962-scaled.jpeg\",\"width\":2560,\"height\":1920},{\"@type\":\"BreadcrumbList\",\"@id\":\"https:\/\/gertuago.eus\/es\/producto\/ecografia\/#breadcrumb\",\"itemListElement\":[{\"@type\":\"ListItem\",\"position\":1,\"name\":\"Home\",\"item\":\"https:\/\/gertuago.eus\/es\/\"},{\"@type\":\"ListItem\",\"position\":2,\"name\":\"Dendak &#8211; woocommerce\",\"item\":\"https:\/\/gertuago.eus\/eu\/dendak-woocommerce\/\"},{\"@type\":\"ListItem\",\"position\":3,\"name\":\"Ecograf\u00eda\"}]},{\"@type\":\"WebSite\",\"@id\":\"https:\/\/gertuago.eus\/es\/#website\",\"url\":\"https:\/\/gertuago.eus\/es\/\",\"name\":\"Gertuago\",\"description\":\"Usurbil Merkataritza Bonoak\",\"potentialAction\":[{\"@type\":\"SearchAction\",\"target\":{\"@type\":\"EntryPoint\",\"urlTemplate\":\"https:\/\/gertuago.eus\/es\/?s={search_term_string}\"},\"query-input\":{\"@type\":\"PropertyValueSpecification\",\"valueRequired\":true,\"valueName\":\"search_term_string\"}}],\"inLanguage\":\"es\"}]}<\/script>\n<!-- \/ Yoast SEO plugin. -->","yoast_head_json":{"title":"Ecograf\u00eda - Gertuago","robots":{"index":"index","follow":"follow","max-snippet":"max-snippet:-1","max-image-preview":"max-image-preview:large","max-video-preview":"max-video-preview:-1"},"canonical":"https:\/\/gertuago.eus\/es\/producto\/ecografia\/","og_locale":"es_ES","og_type":"article","og_title":"Ecograf\u00eda - Gertuago","og_description":"La ecograf\u00eda musculoesquel\u00e9tica es una de las tecnolog\u00edas que utilizamos en nuestra cl\u00ednica de fisioterapia en Us\u00farbil para detectar las lesiones en m\u00fasculos, ligamentos, tendones y articulaciones. As\u00ed podemos hacer la valoraci\u00f3n y el seguimiento de la lesi\u00f3n de forma mucho m\u00e1s completa y objetiva.\u00a0 BENEFICIOS: &#8211; Planificamos tu tratamiento con m\u00e1s precisi\u00f3n: Nos permite...","og_url":"https:\/\/gertuago.eus\/es\/producto\/ecografia\/","og_site_name":"Gertuago","og_image":[{"width":2560,"height":1920,"url":"https:\/\/gertuago.eus\/wp-content\/uploads\/2025\/01\/IMG_1962-scaled.jpeg","type":"image\/jpeg"}],"twitter_card":"summary_large_image","twitter_misc":{"Tiempo de lectura":"2 minutos"},"schema":{"@context":"https:\/\/schema.org","@graph":[{"@type":"WebPage","@id":"https:\/\/gertuago.eus\/es\/producto\/ecografia\/","url":"https:\/\/gertuago.eus\/es\/producto\/ecografia\/","name":"Ecograf\u00eda - Gertuago","isPartOf":{"@id":"https:\/\/gertuago.eus\/es\/#website"},"primaryImageOfPage":{"@id":"https:\/\/gertuago.eus\/es\/producto\/ecografia\/#primaryimage"},"image":{"@id":"https:\/\/gertuago.eus\/es\/producto\/ecografia\/#primaryimage"},"thumbnailUrl":"https:\/\/gertuago.eus\/wp-content\/uploads\/2025\/01\/IMG_1962-scaled.jpeg","datePublished":"2025-03-07T18:45:46+00:00","breadcrumb":{"@id":"https:\/\/gertuago.eus\/es\/producto\/ecografia\/#breadcrumb"},"inLanguage":"es","potentialAction":[{"@type":"ReadAction","target":["https:\/\/gertuago.eus\/es\/producto\/ecografia\/"]}]},{"@type":"ImageObject","inLanguage":"es","@id":"https:\/\/gertuago.eus\/es\/producto\/ecografia\/#primaryimage","url":"https:\/\/gertuago.eus\/wp-content\/uploads\/2025\/01\/IMG_1962-scaled.jpeg","contentUrl":"https:\/\/gertuago.eus\/wp-content\/uploads\/2025\/01\/IMG_1962-scaled.jpeg","width":2560,"height":1920},{"@type":"BreadcrumbList","@id":"https:\/\/gertuago.eus\/es\/producto\/ecografia\/#breadcrumb","itemListElement":[{"@type":"ListItem","position":1,"name":"Home","item":"https:\/\/gertuago.eus\/es\/"},{"@type":"ListItem","position":2,"name":"Dendak &#8211; woocommerce","item":"https:\/\/gertuago.eus\/eu\/dendak-woocommerce\/"},{"@type":"ListItem","position":3,"name":"Ecograf\u00eda"}]},{"@type":"WebSite","@id":"https:\/\/gertuago.eus\/es\/#website","url":"https:\/\/gertuago.eus\/es\/","name":"Gertuago","description":"Usurbil Merkataritza Bonoak","potentialAction":[{"@type":"SearchAction","target":{"@type":"EntryPoint","urlTemplate":"https:\/\/gertuago.eus\/es\/?s={search_term_string}"},"query-input":{"@type":"PropertyValueSpecification","valueRequired":true,"valueName":"search_term_string"}}],"inLanguage":"es"}]}},"_links":{"self":[{"href":"https:\/\/gertuago.eus\/es\/wp-json\/wp\/v2\/product\/38272","targetHints":{"allow":["GET"]}}],"collection":[{"href":"https:\/\/gertuago.eus\/es\/wp-json\/wp\/v2\/product"}],"about":[{"href":"https:\/\/gertuago.eus\/es\/wp-json\/wp\/v2\/types\/product"}],"wp:featuredmedia":[{"embeddable":true,"href":"https:\/\/gertuago.eus\/es\/wp-json\/wp\/v2\/media\/38256"}],"wp:attachment":[{"href":"https:\/\/gertuago.eus\/es\/wp-json\/wp\/v2\/media?parent=38272"}],"wp:term":[{"taxonomy":"product_brand","embeddable":true,"href":"https:\/\/gertuago.eus\/es\/wp-json\/wp\/v2\/product_brand?post=38272"},{"taxonomy":"product_cat","embeddable":true,"href":"https:\/\/gertuago.eus\/es\/wp-json\/wp\/v2\/product_cat?post=38272"},{"taxonomy":"product_tag","embeddable":true,"href":"https:\/\/gertuago.eus\/es\/wp-json\/wp\/v2\/product_tag?post=38272"}],"curies":[{"name":"wp","href":"https:\/\/api.w.org\/{rel}","templated":true}]}}