{"id":38271,"date":"2025-03-07T19:45:55","date_gmt":"2025-03-07T18:45:55","guid":{"rendered":"https:\/\/gertuago.eus\/?post_type=product&#038;p=38271"},"modified":"2025-03-07T19:45:55","modified_gmt":"2025-03-07T18:45:55","slug":"sesion-de-fisioterapia-avanzada","status":"publish","type":"product","link":"https:\/\/gertuago.eus\/es\/producto\/sesion-de-fisioterapia-avanzada\/","title":{"rendered":"Sesi\u00f3n de Fisioterapia avanzada"},"content":{"rendered":"<p>En nuestra cl\u00ednica de fisioterapia avanzada en Us\u00farbil queremos ayudarte a mejorar tu calidad de vida con las t\u00e9cnicas m\u00e1s innovadoras en fisioterapia avanzada, como el uso de la ecograf\u00eda, o t\u00e9cnicas invasivas. Contamos con la \u00faltima tecnolog\u00eda en el mercado para llevar a cabo un tratamiento a medida, adaptado a ti, con el objetivo de tratar tu dolencia de la forma m\u00e1s eficaz y obtener los mejores resultados.<span class=\"Apple-converted-space\">\u00a0<\/span><\/p>\n<p><b>BENEFICIOS:<br \/>\n<\/b><b>&#8211; Tratamientos m\u00e1s precisos: <\/b>Conseguimos realizar evaluaciones detalladas y diagn\u00f3sticos por imagen para crear planes de tratamiento altamente personalizados, lo que resulta en un enfoque m\u00e1s efectivo y espec\u00edfico para las necesidades individuales de cada paciente.<br \/>\n<b>&#8211; Recuperaci\u00f3n m\u00e1s r\u00e1pida: <\/b>Algunas de las t\u00e9cnicas de fisioterapia avanzada que utilizamos pueden acelerar los procesos de curaci\u00f3n al reducir la inflamaci\u00f3n, aliviar el dolor y promover la regeneraci\u00f3n de los tejidos.<\/p>\n","protected":false},"excerpt":{"rendered":"<p>En nuestra cl\u00ednica de fisioterapia avanzada en Us\u00farbil queremos ayudarte a mejorar tu calidad de vida con las t\u00e9cnicas m\u00e1s innovadoras en fisioterapia avanzada, como el uso de la ecograf\u00eda, o t\u00e9cnicas invasivas. Contamos con la \u00faltima tecnolog\u00eda en el mercado para llevar a cabo un tratamiento a medida, adaptado a ti, con el objetivo&#8230;<\/p>\n","protected":false},"featured_media":38247,"template":"","meta":{"_acf_changed":false},"product_brand":[],"product_cat":[85,99,29],"product_tag":[],"class_list":{"0":"post-38271","1":"product","2":"type-product","3":"status-publish","4":"has-post-thumbnail","6":"product_cat-osasuna-eta-ongizatea","7":"product_cat-salud-y-bienestar","8":"product_cat-uncategorized-eu","10":"first","11":"instock","12":"taxable","13":"shipping-taxable","14":"product-type-simple"},"acf":[],"yoast_head":"<!-- This site is optimized with the Yoast SEO plugin v26.7 - https:\/\/yoast.com\/wordpress\/plugins\/seo\/ -->\n<title>Sesi\u00f3n de Fisioterapia avanzada - Gertuago<\/title>\n<meta name=\"robots\" content=\"index, follow, max-snippet:-1, max-image-preview:large, max-video-preview:-1\" \/>\n<link rel=\"canonical\" href=\"https:\/\/gertuago.eus\/es\/producto\/sesion-de-fisioterapia-avanzada\/\" \/>\n<meta property=\"og:locale\" content=\"es_ES\" \/>\n<meta property=\"og:type\" content=\"article\" \/>\n<meta property=\"og:title\" content=\"Sesi\u00f3n de Fisioterapia avanzada - Gertuago\" \/>\n<meta property=\"og:description\" content=\"En nuestra cl\u00ednica de fisioterapia avanzada en Us\u00farbil queremos ayudarte a mejorar tu calidad de vida con las t\u00e9cnicas m\u00e1s innovadoras en fisioterapia avanzada, como el uso de la ecograf\u00eda, o t\u00e9cnicas invasivas. Contamos con la \u00faltima tecnolog\u00eda en el mercado para llevar a cabo un tratamiento a medida, adaptado a ti, con el objetivo...\" \/>\n<meta property=\"og:url\" content=\"https:\/\/gertuago.eus\/es\/producto\/sesion-de-fisioterapia-avanzada\/\" \/>\n<meta property=\"og:site_name\" content=\"Gertuago\" \/>\n<meta property=\"og:image\" content=\"https:\/\/gertuago.eus\/wp-content\/uploads\/2025\/01\/IMG_1895-scaled.jpeg\" \/>\n\t<meta property=\"og:image:width\" content=\"2560\" \/>\n\t<meta property=\"og:image:height\" content=\"1920\" \/>\n\t<meta property=\"og:image:type\" content=\"image\/jpeg\" \/>\n<meta name=\"twitter:card\" content=\"summary_large_image\" \/>\n<meta name=\"twitter:label1\" content=\"Tiempo de lectura\" \/>\n\t<meta name=\"twitter:data1\" content=\"1 minuto\" \/>\n<script type=\"application\/ld+json\" class=\"yoast-schema-graph\">{\"@context\":\"https:\/\/schema.org\",\"@graph\":[{\"@type\":\"WebPage\",\"@id\":\"https:\/\/gertuago.eus\/es\/producto\/sesion-de-fisioterapia-avanzada\/\",\"url\":\"https:\/\/gertuago.eus\/es\/producto\/sesion-de-fisioterapia-avanzada\/\",\"name\":\"Sesi\u00f3n de Fisioterapia avanzada - Gertuago\",\"isPartOf\":{\"@id\":\"https:\/\/gertuago.eus\/es\/#website\"},\"primaryImageOfPage\":{\"@id\":\"https:\/\/gertuago.eus\/es\/producto\/sesion-de-fisioterapia-avanzada\/#primaryimage\"},\"image\":{\"@id\":\"https:\/\/gertuago.eus\/es\/producto\/sesion-de-fisioterapia-avanzada\/#primaryimage\"},\"thumbnailUrl\":\"https:\/\/gertuago.eus\/wp-content\/uploads\/2025\/01\/IMG_1895-scaled.jpeg\",\"datePublished\":\"2025-03-07T18:45:55+00:00\",\"breadcrumb\":{\"@id\":\"https:\/\/gertuago.eus\/es\/producto\/sesion-de-fisioterapia-avanzada\/#breadcrumb\"},\"inLanguage\":\"es\",\"potentialAction\":[{\"@type\":\"ReadAction\",\"target\":[\"https:\/\/gertuago.eus\/es\/producto\/sesion-de-fisioterapia-avanzada\/\"]}]},{\"@type\":\"ImageObject\",\"inLanguage\":\"es\",\"@id\":\"https:\/\/gertuago.eus\/es\/producto\/sesion-de-fisioterapia-avanzada\/#primaryimage\",\"url\":\"https:\/\/gertuago.eus\/wp-content\/uploads\/2025\/01\/IMG_1895-scaled.jpeg\",\"contentUrl\":\"https:\/\/gertuago.eus\/wp-content\/uploads\/2025\/01\/IMG_1895-scaled.jpeg\",\"width\":2560,\"height\":1920},{\"@type\":\"BreadcrumbList\",\"@id\":\"https:\/\/gertuago.eus\/es\/producto\/sesion-de-fisioterapia-avanzada\/#breadcrumb\",\"itemListElement\":[{\"@type\":\"ListItem\",\"position\":1,\"name\":\"Home\",\"item\":\"https:\/\/gertuago.eus\/es\/\"},{\"@type\":\"ListItem\",\"position\":2,\"name\":\"Dendak &#8211; woocommerce\",\"item\":\"https:\/\/gertuago.eus\/eu\/dendak-woocommerce\/\"},{\"@type\":\"ListItem\",\"position\":3,\"name\":\"Sesi\u00f3n de Fisioterapia avanzada\"}]},{\"@type\":\"WebSite\",\"@id\":\"https:\/\/gertuago.eus\/es\/#website\",\"url\":\"https:\/\/gertuago.eus\/es\/\",\"name\":\"Gertuago\",\"description\":\"Usurbil Merkataritza Bonoak\",\"potentialAction\":[{\"@type\":\"SearchAction\",\"target\":{\"@type\":\"EntryPoint\",\"urlTemplate\":\"https:\/\/gertuago.eus\/es\/?s={search_term_string}\"},\"query-input\":{\"@type\":\"PropertyValueSpecification\",\"valueRequired\":true,\"valueName\":\"search_term_string\"}}],\"inLanguage\":\"es\"}]}<\/script>\n<!-- \/ Yoast SEO plugin. -->","yoast_head_json":{"title":"Sesi\u00f3n de Fisioterapia avanzada - Gertuago","robots":{"index":"index","follow":"follow","max-snippet":"max-snippet:-1","max-image-preview":"max-image-preview:large","max-video-preview":"max-video-preview:-1"},"canonical":"https:\/\/gertuago.eus\/es\/producto\/sesion-de-fisioterapia-avanzada\/","og_locale":"es_ES","og_type":"article","og_title":"Sesi\u00f3n de Fisioterapia avanzada - Gertuago","og_description":"En nuestra cl\u00ednica de fisioterapia avanzada en Us\u00farbil queremos ayudarte a mejorar tu calidad de vida con las t\u00e9cnicas m\u00e1s innovadoras en fisioterapia avanzada, como el uso de la ecograf\u00eda, o t\u00e9cnicas invasivas. Contamos con la \u00faltima tecnolog\u00eda en el mercado para llevar a cabo un tratamiento a medida, adaptado a ti, con el objetivo...","og_url":"https:\/\/gertuago.eus\/es\/producto\/sesion-de-fisioterapia-avanzada\/","og_site_name":"Gertuago","og_image":[{"width":2560,"height":1920,"url":"https:\/\/gertuago.eus\/wp-content\/uploads\/2025\/01\/IMG_1895-scaled.jpeg","type":"image\/jpeg"}],"twitter_card":"summary_large_image","twitter_misc":{"Tiempo de lectura":"1 minuto"},"schema":{"@context":"https:\/\/schema.org","@graph":[{"@type":"WebPage","@id":"https:\/\/gertuago.eus\/es\/producto\/sesion-de-fisioterapia-avanzada\/","url":"https:\/\/gertuago.eus\/es\/producto\/sesion-de-fisioterapia-avanzada\/","name":"Sesi\u00f3n de Fisioterapia avanzada - Gertuago","isPartOf":{"@id":"https:\/\/gertuago.eus\/es\/#website"},"primaryImageOfPage":{"@id":"https:\/\/gertuago.eus\/es\/producto\/sesion-de-fisioterapia-avanzada\/#primaryimage"},"image":{"@id":"https:\/\/gertuago.eus\/es\/producto\/sesion-de-fisioterapia-avanzada\/#primaryimage"},"thumbnailUrl":"https:\/\/gertuago.eus\/wp-content\/uploads\/2025\/01\/IMG_1895-scaled.jpeg","datePublished":"2025-03-07T18:45:55+00:00","breadcrumb":{"@id":"https:\/\/gertuago.eus\/es\/producto\/sesion-de-fisioterapia-avanzada\/#breadcrumb"},"inLanguage":"es","potentialAction":[{"@type":"ReadAction","target":["https:\/\/gertuago.eus\/es\/producto\/sesion-de-fisioterapia-avanzada\/"]}]},{"@type":"ImageObject","inLanguage":"es","@id":"https:\/\/gertuago.eus\/es\/producto\/sesion-de-fisioterapia-avanzada\/#primaryimage","url":"https:\/\/gertuago.eus\/wp-content\/uploads\/2025\/01\/IMG_1895-scaled.jpeg","contentUrl":"https:\/\/gertuago.eus\/wp-content\/uploads\/2025\/01\/IMG_1895-scaled.jpeg","width":2560,"height":1920},{"@type":"BreadcrumbList","@id":"https:\/\/gertuago.eus\/es\/producto\/sesion-de-fisioterapia-avanzada\/#breadcrumb","itemListElement":[{"@type":"ListItem","position":1,"name":"Home","item":"https:\/\/gertuago.eus\/es\/"},{"@type":"ListItem","position":2,"name":"Dendak &#8211; woocommerce","item":"https:\/\/gertuago.eus\/eu\/dendak-woocommerce\/"},{"@type":"ListItem","position":3,"name":"Sesi\u00f3n de Fisioterapia avanzada"}]},{"@type":"WebSite","@id":"https:\/\/gertuago.eus\/es\/#website","url":"https:\/\/gertuago.eus\/es\/","name":"Gertuago","description":"Usurbil Merkataritza Bonoak","potentialAction":[{"@type":"SearchAction","target":{"@type":"EntryPoint","urlTemplate":"https:\/\/gertuago.eus\/es\/?s={search_term_string}"},"query-input":{"@type":"PropertyValueSpecification","valueRequired":true,"valueName":"search_term_string"}}],"inLanguage":"es"}]}},"_links":{"self":[{"href":"https:\/\/gertuago.eus\/es\/wp-json\/wp\/v2\/product\/38271","targetHints":{"allow":["GET"]}}],"collection":[{"href":"https:\/\/gertuago.eus\/es\/wp-json\/wp\/v2\/product"}],"about":[{"href":"https:\/\/gertuago.eus\/es\/wp-json\/wp\/v2\/types\/product"}],"wp:featuredmedia":[{"embeddable":true,"href":"https:\/\/gertuago.eus\/es\/wp-json\/wp\/v2\/media\/38247"}],"wp:attachment":[{"href":"https:\/\/gertuago.eus\/es\/wp-json\/wp\/v2\/media?parent=38271"}],"wp:term":[{"taxonomy":"product_brand","embeddable":true,"href":"https:\/\/gertuago.eus\/es\/wp-json\/wp\/v2\/product_brand?post=38271"},{"taxonomy":"product_cat","embeddable":true,"href":"https:\/\/gertuago.eus\/es\/wp-json\/wp\/v2\/product_cat?post=38271"},{"taxonomy":"product_tag","embeddable":true,"href":"https:\/\/gertuago.eus\/es\/wp-json\/wp\/v2\/product_tag?post=38271"}],"curies":[{"name":"wp","href":"https:\/\/api.w.org\/{rel}","templated":true}]}}