{"id":35323,"date":"2024-10-22T11:32:28","date_gmt":"2024-10-22T09:35:49","guid":{"rendered":"https:\/\/gertuago.eus\/?post_type=product&#038;p=35323"},"modified":"2024-10-22T11:35:49","modified_gmt":"2024-10-22T09:35:49","slug":"nutrigenomica","status":"publish","type":"product","link":"https:\/\/gertuago.eus\/es\/producto\/nutrigenomica\/","title":{"rendered":"Nutrigen\u00f3mica"},"content":{"rendered":"<p>Estudiamos c\u00f3mo la alimentaci\u00f3n y los nutrientes interact\u00faan con los genes, lo que puede influir en la salud y la enfermedad de manera individualizada.<\/p>\n<p>M\u00e1s informaci\u00f3n <a href=\"https:\/\/aznutrizioa.eus\/nutrigenomica\/\">aqu\u00ed<\/a>.<\/p>\n","protected":false},"excerpt":{"rendered":"<p>Estudiamos c\u00f3mo la alimentaci\u00f3n y los nutrientes interact\u00faan con los genes, lo que puede influir en la salud y la enfermedad de manera individualizada. M\u00e1s informaci\u00f3n aqu\u00ed.<\/p>\n","protected":false},"featured_media":37881,"template":"","meta":{"_acf_changed":false},"product_brand":[],"product_cat":[111],"product_tag":[],"class_list":{"0":"post-35323","1":"product","2":"type-product","3":"status-publish","4":"has-post-thumbnail","6":"product_cat-osasuna-eta-ongizatea-es","8":"first","9":"instock","10":"taxable","11":"shipping-taxable","12":"product-type-simple"},"acf":[],"yoast_head":"<!-- This site is optimized with the Yoast SEO plugin v26.7 - https:\/\/yoast.com\/wordpress\/plugins\/seo\/ -->\n<title>Nutrigen\u00f3mica - Gertuago<\/title>\n<meta name=\"robots\" content=\"index, follow, max-snippet:-1, max-image-preview:large, max-video-preview:-1\" \/>\n<link rel=\"canonical\" href=\"https:\/\/gertuago.eus\/es\/producto\/nutrigenomica\/\" \/>\n<meta property=\"og:locale\" content=\"es_ES\" \/>\n<meta property=\"og:type\" content=\"article\" \/>\n<meta property=\"og:title\" content=\"Nutrigen\u00f3mica - Gertuago\" \/>\n<meta property=\"og:description\" content=\"Estudiamos c\u00f3mo la alimentaci\u00f3n y los nutrientes interact\u00faan con los genes, lo que puede influir en la salud y la enfermedad de manera individualizada. M\u00e1s informaci\u00f3n aqu\u00ed.\" \/>\n<meta property=\"og:url\" content=\"https:\/\/gertuago.eus\/es\/producto\/nutrigenomica\/\" \/>\n<meta property=\"og:site_name\" content=\"Gertuago\" \/>\n<meta property=\"og:image\" content=\"https:\/\/gertuago.eus\/wp-content\/uploads\/2024\/10\/AZ-Nutrizioa-genomika.jpg\" \/>\n\t<meta property=\"og:image:width\" content=\"1024\" \/>\n\t<meta property=\"og:image:height\" content=\"1024\" \/>\n\t<meta property=\"og:image:type\" content=\"image\/jpeg\" \/>\n<meta name=\"twitter:card\" content=\"summary_large_image\" \/>\n<meta name=\"twitter:label1\" content=\"Tiempo de lectura\" \/>\n\t<meta name=\"twitter:data1\" content=\"1 minuto\" \/>\n<script type=\"application\/ld+json\" class=\"yoast-schema-graph\">{\"@context\":\"https:\/\/schema.org\",\"@graph\":[{\"@type\":\"WebPage\",\"@id\":\"https:\/\/gertuago.eus\/es\/producto\/nutrigenomica\/\",\"url\":\"https:\/\/gertuago.eus\/es\/producto\/nutrigenomica\/\",\"name\":\"Nutrigen\u00f3mica - Gertuago\",\"isPartOf\":{\"@id\":\"https:\/\/gertuago.eus\/es\/#website\"},\"primaryImageOfPage\":{\"@id\":\"https:\/\/gertuago.eus\/es\/producto\/nutrigenomica\/#primaryimage\"},\"image\":{\"@id\":\"https:\/\/gertuago.eus\/es\/producto\/nutrigenomica\/#primaryimage\"},\"thumbnailUrl\":\"https:\/\/gertuago.eus\/wp-content\/uploads\/2024\/10\/AZ-Nutrizioa-genomika-1.jpg\",\"datePublished\":\"2024-10-22T09:35:49+00:00\",\"breadcrumb\":{\"@id\":\"https:\/\/gertuago.eus\/es\/producto\/nutrigenomica\/#breadcrumb\"},\"inLanguage\":\"es\",\"potentialAction\":[{\"@type\":\"ReadAction\",\"target\":[\"https:\/\/gertuago.eus\/es\/producto\/nutrigenomica\/\"]}]},{\"@type\":\"ImageObject\",\"inLanguage\":\"es\",\"@id\":\"https:\/\/gertuago.eus\/es\/producto\/nutrigenomica\/#primaryimage\",\"url\":\"https:\/\/gertuago.eus\/wp-content\/uploads\/2024\/10\/AZ-Nutrizioa-genomika-1.jpg\",\"contentUrl\":\"https:\/\/gertuago.eus\/wp-content\/uploads\/2024\/10\/AZ-Nutrizioa-genomika-1.jpg\",\"width\":2048,\"height\":2048},{\"@type\":\"BreadcrumbList\",\"@id\":\"https:\/\/gertuago.eus\/es\/producto\/nutrigenomica\/#breadcrumb\",\"itemListElement\":[{\"@type\":\"ListItem\",\"position\":1,\"name\":\"Home\",\"item\":\"https:\/\/gertuago.eus\/es\/\"},{\"@type\":\"ListItem\",\"position\":2,\"name\":\"Dendak &#8211; woocommerce\",\"item\":\"https:\/\/gertuago.eus\/eu\/dendak-woocommerce\/\"},{\"@type\":\"ListItem\",\"position\":3,\"name\":\"Nutrigen\u00f3mica\"}]},{\"@type\":\"WebSite\",\"@id\":\"https:\/\/gertuago.eus\/es\/#website\",\"url\":\"https:\/\/gertuago.eus\/es\/\",\"name\":\"Gertuago\",\"description\":\"Usurbil Merkataritza Bonoak\",\"potentialAction\":[{\"@type\":\"SearchAction\",\"target\":{\"@type\":\"EntryPoint\",\"urlTemplate\":\"https:\/\/gertuago.eus\/es\/?s={search_term_string}\"},\"query-input\":{\"@type\":\"PropertyValueSpecification\",\"valueRequired\":true,\"valueName\":\"search_term_string\"}}],\"inLanguage\":\"es\"}]}<\/script>\n<!-- \/ Yoast SEO plugin. -->","yoast_head_json":{"title":"Nutrigen\u00f3mica - Gertuago","robots":{"index":"index","follow":"follow","max-snippet":"max-snippet:-1","max-image-preview":"max-image-preview:large","max-video-preview":"max-video-preview:-1"},"canonical":"https:\/\/gertuago.eus\/es\/producto\/nutrigenomica\/","og_locale":"es_ES","og_type":"article","og_title":"Nutrigen\u00f3mica - Gertuago","og_description":"Estudiamos c\u00f3mo la alimentaci\u00f3n y los nutrientes interact\u00faan con los genes, lo que puede influir en la salud y la enfermedad de manera individualizada. M\u00e1s informaci\u00f3n aqu\u00ed.","og_url":"https:\/\/gertuago.eus\/es\/producto\/nutrigenomica\/","og_site_name":"Gertuago","og_image":[{"width":1024,"height":1024,"url":"https:\/\/gertuago.eus\/wp-content\/uploads\/2024\/10\/AZ-Nutrizioa-genomika.jpg","type":"image\/jpeg"}],"twitter_card":"summary_large_image","twitter_misc":{"Tiempo de lectura":"1 minuto"},"schema":{"@context":"https:\/\/schema.org","@graph":[{"@type":"WebPage","@id":"https:\/\/gertuago.eus\/es\/producto\/nutrigenomica\/","url":"https:\/\/gertuago.eus\/es\/producto\/nutrigenomica\/","name":"Nutrigen\u00f3mica - Gertuago","isPartOf":{"@id":"https:\/\/gertuago.eus\/es\/#website"},"primaryImageOfPage":{"@id":"https:\/\/gertuago.eus\/es\/producto\/nutrigenomica\/#primaryimage"},"image":{"@id":"https:\/\/gertuago.eus\/es\/producto\/nutrigenomica\/#primaryimage"},"thumbnailUrl":"https:\/\/gertuago.eus\/wp-content\/uploads\/2024\/10\/AZ-Nutrizioa-genomika-1.jpg","datePublished":"2024-10-22T09:35:49+00:00","breadcrumb":{"@id":"https:\/\/gertuago.eus\/es\/producto\/nutrigenomica\/#breadcrumb"},"inLanguage":"es","potentialAction":[{"@type":"ReadAction","target":["https:\/\/gertuago.eus\/es\/producto\/nutrigenomica\/"]}]},{"@type":"ImageObject","inLanguage":"es","@id":"https:\/\/gertuago.eus\/es\/producto\/nutrigenomica\/#primaryimage","url":"https:\/\/gertuago.eus\/wp-content\/uploads\/2024\/10\/AZ-Nutrizioa-genomika-1.jpg","contentUrl":"https:\/\/gertuago.eus\/wp-content\/uploads\/2024\/10\/AZ-Nutrizioa-genomika-1.jpg","width":2048,"height":2048},{"@type":"BreadcrumbList","@id":"https:\/\/gertuago.eus\/es\/producto\/nutrigenomica\/#breadcrumb","itemListElement":[{"@type":"ListItem","position":1,"name":"Home","item":"https:\/\/gertuago.eus\/es\/"},{"@type":"ListItem","position":2,"name":"Dendak &#8211; woocommerce","item":"https:\/\/gertuago.eus\/eu\/dendak-woocommerce\/"},{"@type":"ListItem","position":3,"name":"Nutrigen\u00f3mica"}]},{"@type":"WebSite","@id":"https:\/\/gertuago.eus\/es\/#website","url":"https:\/\/gertuago.eus\/es\/","name":"Gertuago","description":"Usurbil Merkataritza Bonoak","potentialAction":[{"@type":"SearchAction","target":{"@type":"EntryPoint","urlTemplate":"https:\/\/gertuago.eus\/es\/?s={search_term_string}"},"query-input":{"@type":"PropertyValueSpecification","valueRequired":true,"valueName":"search_term_string"}}],"inLanguage":"es"}]}},"_links":{"self":[{"href":"https:\/\/gertuago.eus\/es\/wp-json\/wp\/v2\/product\/35323","targetHints":{"allow":["GET"]}}],"collection":[{"href":"https:\/\/gertuago.eus\/es\/wp-json\/wp\/v2\/product"}],"about":[{"href":"https:\/\/gertuago.eus\/es\/wp-json\/wp\/v2\/types\/product"}],"wp:featuredmedia":[{"embeddable":true,"href":"https:\/\/gertuago.eus\/es\/wp-json\/wp\/v2\/media\/37881"}],"wp:attachment":[{"href":"https:\/\/gertuago.eus\/es\/wp-json\/wp\/v2\/media?parent=35323"}],"wp:term":[{"taxonomy":"product_brand","embeddable":true,"href":"https:\/\/gertuago.eus\/es\/wp-json\/wp\/v2\/product_brand?post=35323"},{"taxonomy":"product_cat","embeddable":true,"href":"https:\/\/gertuago.eus\/es\/wp-json\/wp\/v2\/product_cat?post=35323"},{"taxonomy":"product_tag","embeddable":true,"href":"https:\/\/gertuago.eus\/es\/wp-json\/wp\/v2\/product_tag?post=35323"}],"curies":[{"name":"wp","href":"https:\/\/api.w.org\/{rel}","templated":true}]}}