{"id":30396,"date":"2022-10-16T17:57:41","date_gmt":"2022-10-16T18:19:19","guid":{"rendered":"https:\/\/gertuago.eus\/?post_type=product&#038;p=30396"},"modified":"2022-10-16T18:19:22","modified_gmt":"2022-10-16T18:19:22","slug":"consulta-de-seguimiento","status":"publish","type":"product","link":"https:\/\/gertuago.eus\/es\/producto\/consulta-de-seguimiento\/","title":{"rendered":"Consulta de seguimiento"},"content":{"rendered":"<p>Evaluaci\u00f3n de los objetivos. Actualizaci\u00f3n de la pauta diet\u00e9tica y entrega de material adicional. Resoluci\u00f3n de dudas.<\/p>\n<p>Duraci\u00f3n: 30 &#8211; 40 min<\/p>\n","protected":false},"excerpt":{"rendered":"<p>Evaluaci\u00f3n de los objetivos. Actualizaci\u00f3n de la pauta diet\u00e9tica y entrega de material adicional. Resoluci\u00f3n de dudas. Duraci\u00f3n: 30 &#8211; 40 min<\/p>\n","protected":false},"featured_media":30382,"template":"","meta":{"_acf_changed":false},"product_brand":[],"product_cat":[41],"product_tag":[],"class_list":{"0":"post-30396","1":"product","2":"type-product","3":"status-publish","4":"has-post-thumbnail","6":"product_cat-uncategorized-eu-es","8":"first","9":"instock","10":"taxable","11":"shipping-taxable","12":"product-type-simple"},"acf":[],"yoast_head":"<!-- This site is optimized with the Yoast SEO plugin v26.7 - https:\/\/yoast.com\/wordpress\/plugins\/seo\/ -->\n<title>Consulta de seguimiento - Gertuago<\/title>\n<meta name=\"robots\" content=\"index, follow, max-snippet:-1, max-image-preview:large, max-video-preview:-1\" \/>\n<link rel=\"canonical\" href=\"https:\/\/gertuago.eus\/es\/producto\/consulta-de-seguimiento\/\" \/>\n<meta property=\"og:locale\" content=\"es_ES\" \/>\n<meta property=\"og:type\" content=\"article\" \/>\n<meta property=\"og:title\" content=\"Consulta de seguimiento - Gertuago\" \/>\n<meta property=\"og:description\" content=\"Evaluaci\u00f3n de los objetivos. Actualizaci\u00f3n de la pauta diet\u00e9tica y entrega de material adicional. Resoluci\u00f3n de dudas. Duraci\u00f3n: 30 &#8211; 40 min\" \/>\n<meta property=\"og:url\" content=\"https:\/\/gertuago.eus\/es\/producto\/consulta-de-seguimiento\/\" \/>\n<meta property=\"og:site_name\" content=\"Gertuago\" \/>\n<meta property=\"article:modified_time\" content=\"2022-10-16T18:19:22+00:00\" \/>\n<meta property=\"og:image\" content=\"https:\/\/gertuago.eus\/wp-content\/uploads\/2022\/10\/WhatsApp-Image-2022-09-22-at-15.24.21-1.jpeg\" \/>\n\t<meta property=\"og:image:width\" content=\"1600\" \/>\n\t<meta property=\"og:image:height\" content=\"1067\" \/>\n\t<meta property=\"og:image:type\" content=\"image\/jpeg\" \/>\n<meta name=\"twitter:card\" content=\"summary_large_image\" \/>\n<meta name=\"twitter:label1\" content=\"Tiempo de lectura\" \/>\n\t<meta name=\"twitter:data1\" content=\"1 minuto\" \/>\n<script type=\"application\/ld+json\" class=\"yoast-schema-graph\">{\"@context\":\"https:\/\/schema.org\",\"@graph\":[{\"@type\":\"WebPage\",\"@id\":\"https:\/\/gertuago.eus\/es\/producto\/consulta-de-seguimiento\/\",\"url\":\"https:\/\/gertuago.eus\/es\/producto\/consulta-de-seguimiento\/\",\"name\":\"Consulta de seguimiento - Gertuago\",\"isPartOf\":{\"@id\":\"https:\/\/gertuago.eus\/es\/#website\"},\"primaryImageOfPage\":{\"@id\":\"https:\/\/gertuago.eus\/es\/producto\/consulta-de-seguimiento\/#primaryimage\"},\"image\":{\"@id\":\"https:\/\/gertuago.eus\/es\/producto\/consulta-de-seguimiento\/#primaryimage\"},\"thumbnailUrl\":\"https:\/\/gertuago.eus\/wp-content\/uploads\/2022\/10\/WhatsApp-Image-2022-09-22-at-15.24.21-1.jpeg\",\"datePublished\":\"2022-10-16T18:19:19+00:00\",\"dateModified\":\"2022-10-16T18:19:22+00:00\",\"breadcrumb\":{\"@id\":\"https:\/\/gertuago.eus\/es\/producto\/consulta-de-seguimiento\/#breadcrumb\"},\"inLanguage\":\"es\",\"potentialAction\":[{\"@type\":\"ReadAction\",\"target\":[\"https:\/\/gertuago.eus\/es\/producto\/consulta-de-seguimiento\/\"]}]},{\"@type\":\"ImageObject\",\"inLanguage\":\"es\",\"@id\":\"https:\/\/gertuago.eus\/es\/producto\/consulta-de-seguimiento\/#primaryimage\",\"url\":\"https:\/\/gertuago.eus\/wp-content\/uploads\/2022\/10\/WhatsApp-Image-2022-09-22-at-15.24.21-1.jpeg\",\"contentUrl\":\"https:\/\/gertuago.eus\/wp-content\/uploads\/2022\/10\/WhatsApp-Image-2022-09-22-at-15.24.21-1.jpeg\",\"width\":1600,\"height\":1067},{\"@type\":\"BreadcrumbList\",\"@id\":\"https:\/\/gertuago.eus\/es\/producto\/consulta-de-seguimiento\/#breadcrumb\",\"itemListElement\":[{\"@type\":\"ListItem\",\"position\":1,\"name\":\"Home\",\"item\":\"https:\/\/gertuago.eus\/es\/\"},{\"@type\":\"ListItem\",\"position\":2,\"name\":\"Dendak &#8211; woocommerce\",\"item\":\"https:\/\/gertuago.eus\/eu\/dendak-woocommerce\/\"},{\"@type\":\"ListItem\",\"position\":3,\"name\":\"Consulta de seguimiento\"}]},{\"@type\":\"WebSite\",\"@id\":\"https:\/\/gertuago.eus\/es\/#website\",\"url\":\"https:\/\/gertuago.eus\/es\/\",\"name\":\"Gertuago\",\"description\":\"Usurbil Merkataritza Bonoak\",\"potentialAction\":[{\"@type\":\"SearchAction\",\"target\":{\"@type\":\"EntryPoint\",\"urlTemplate\":\"https:\/\/gertuago.eus\/es\/?s={search_term_string}\"},\"query-input\":{\"@type\":\"PropertyValueSpecification\",\"valueRequired\":true,\"valueName\":\"search_term_string\"}}],\"inLanguage\":\"es\"}]}<\/script>\n<!-- \/ Yoast SEO plugin. -->","yoast_head_json":{"title":"Consulta de seguimiento - Gertuago","robots":{"index":"index","follow":"follow","max-snippet":"max-snippet:-1","max-image-preview":"max-image-preview:large","max-video-preview":"max-video-preview:-1"},"canonical":"https:\/\/gertuago.eus\/es\/producto\/consulta-de-seguimiento\/","og_locale":"es_ES","og_type":"article","og_title":"Consulta de seguimiento - Gertuago","og_description":"Evaluaci\u00f3n de los objetivos. Actualizaci\u00f3n de la pauta diet\u00e9tica y entrega de material adicional. Resoluci\u00f3n de dudas. Duraci\u00f3n: 30 &#8211; 40 min","og_url":"https:\/\/gertuago.eus\/es\/producto\/consulta-de-seguimiento\/","og_site_name":"Gertuago","article_modified_time":"2022-10-16T18:19:22+00:00","og_image":[{"width":1600,"height":1067,"url":"https:\/\/gertuago.eus\/wp-content\/uploads\/2022\/10\/WhatsApp-Image-2022-09-22-at-15.24.21-1.jpeg","type":"image\/jpeg"}],"twitter_card":"summary_large_image","twitter_misc":{"Tiempo de lectura":"1 minuto"},"schema":{"@context":"https:\/\/schema.org","@graph":[{"@type":"WebPage","@id":"https:\/\/gertuago.eus\/es\/producto\/consulta-de-seguimiento\/","url":"https:\/\/gertuago.eus\/es\/producto\/consulta-de-seguimiento\/","name":"Consulta de seguimiento - Gertuago","isPartOf":{"@id":"https:\/\/gertuago.eus\/es\/#website"},"primaryImageOfPage":{"@id":"https:\/\/gertuago.eus\/es\/producto\/consulta-de-seguimiento\/#primaryimage"},"image":{"@id":"https:\/\/gertuago.eus\/es\/producto\/consulta-de-seguimiento\/#primaryimage"},"thumbnailUrl":"https:\/\/gertuago.eus\/wp-content\/uploads\/2022\/10\/WhatsApp-Image-2022-09-22-at-15.24.21-1.jpeg","datePublished":"2022-10-16T18:19:19+00:00","dateModified":"2022-10-16T18:19:22+00:00","breadcrumb":{"@id":"https:\/\/gertuago.eus\/es\/producto\/consulta-de-seguimiento\/#breadcrumb"},"inLanguage":"es","potentialAction":[{"@type":"ReadAction","target":["https:\/\/gertuago.eus\/es\/producto\/consulta-de-seguimiento\/"]}]},{"@type":"ImageObject","inLanguage":"es","@id":"https:\/\/gertuago.eus\/es\/producto\/consulta-de-seguimiento\/#primaryimage","url":"https:\/\/gertuago.eus\/wp-content\/uploads\/2022\/10\/WhatsApp-Image-2022-09-22-at-15.24.21-1.jpeg","contentUrl":"https:\/\/gertuago.eus\/wp-content\/uploads\/2022\/10\/WhatsApp-Image-2022-09-22-at-15.24.21-1.jpeg","width":1600,"height":1067},{"@type":"BreadcrumbList","@id":"https:\/\/gertuago.eus\/es\/producto\/consulta-de-seguimiento\/#breadcrumb","itemListElement":[{"@type":"ListItem","position":1,"name":"Home","item":"https:\/\/gertuago.eus\/es\/"},{"@type":"ListItem","position":2,"name":"Dendak &#8211; woocommerce","item":"https:\/\/gertuago.eus\/eu\/dendak-woocommerce\/"},{"@type":"ListItem","position":3,"name":"Consulta de seguimiento"}]},{"@type":"WebSite","@id":"https:\/\/gertuago.eus\/es\/#website","url":"https:\/\/gertuago.eus\/es\/","name":"Gertuago","description":"Usurbil Merkataritza Bonoak","potentialAction":[{"@type":"SearchAction","target":{"@type":"EntryPoint","urlTemplate":"https:\/\/gertuago.eus\/es\/?s={search_term_string}"},"query-input":{"@type":"PropertyValueSpecification","valueRequired":true,"valueName":"search_term_string"}}],"inLanguage":"es"}]}},"_links":{"self":[{"href":"https:\/\/gertuago.eus\/es\/wp-json\/wp\/v2\/product\/30396","targetHints":{"allow":["GET"]}}],"collection":[{"href":"https:\/\/gertuago.eus\/es\/wp-json\/wp\/v2\/product"}],"about":[{"href":"https:\/\/gertuago.eus\/es\/wp-json\/wp\/v2\/types\/product"}],"wp:featuredmedia":[{"embeddable":true,"href":"https:\/\/gertuago.eus\/es\/wp-json\/wp\/v2\/media\/30382"}],"wp:attachment":[{"href":"https:\/\/gertuago.eus\/es\/wp-json\/wp\/v2\/media?parent=30396"}],"wp:term":[{"taxonomy":"product_brand","embeddable":true,"href":"https:\/\/gertuago.eus\/es\/wp-json\/wp\/v2\/product_brand?post=30396"},{"taxonomy":"product_cat","embeddable":true,"href":"https:\/\/gertuago.eus\/es\/wp-json\/wp\/v2\/product_cat?post=30396"},{"taxonomy":"product_tag","embeddable":true,"href":"https:\/\/gertuago.eus\/es\/wp-json\/wp\/v2\/product_tag?post=30396"}],"curies":[{"name":"wp","href":"https:\/\/api.w.org\/{rel}","templated":true}]}}