{"id":30185,"date":"2021-11-17T19:56:14","date_gmt":"2021-11-17T19:56:14","guid":{"rendered":"https:\/\/gertuago.eus\/produktua\/bicicleta-electrica-ridley\/"},"modified":"2021-11-17T19:56:14","modified_gmt":"2021-11-17T19:56:14","slug":"bicicleta-electrica-ridley","status":"publish","type":"product","link":"https:\/\/gertuago.eus\/es\/producto\/bicicleta-electrica-ridley\/","title":{"rendered":"Bicicleta el\u00e9ctrica Ridley"},"content":{"rendered":"<p>Estas bicicleta de grava el\u00e9ctrica fabricadas en aluminio ofrecen una experiencia de conducci\u00f3n estable y animada sobre cualquier terreno. El ligero sistema Fazua Evation, con motor de 250 W y bater\u00eda de 252 Ah, proporciona una asistencia suave, sensible y fiable. El motor le proporciona un refuerzo adicional de hasta 400 W, perfecto para conquistar las subidas m\u00e1s duras.<\/p>\n","protected":false},"excerpt":{"rendered":"<p>Estas bicicleta de grava el\u00e9ctrica fabricadas en aluminio ofrecen una experiencia de conducci\u00f3n estable y animada sobre cualquier terreno. El ligero sistema Fazua Evation, con motor de 250 W y bater\u00eda de 252 Ah, proporciona una asistencia suave, sensible y fiable. El motor le proporciona un refuerzo adicional de hasta 400 W, perfecto para conquistar&#8230;<\/p>\n","protected":false},"featured_media":30186,"template":"","meta":{"_acf_changed":false},"product_brand":[],"product_cat":[],"product_tag":[],"class_list":{"0":"post-30185","1":"product","2":"type-product","3":"status-publish","4":"has-post-thumbnail","7":"first","8":"instock","9":"taxable","10":"shipping-taxable","11":"product-type-simple"},"acf":[],"yoast_head":"<!-- This site is optimized with the Yoast SEO plugin v26.7 - https:\/\/yoast.com\/wordpress\/plugins\/seo\/ -->\n<title>Bicicleta el\u00e9ctrica Ridley - Gertuago<\/title>\n<meta name=\"robots\" content=\"index, follow, max-snippet:-1, max-image-preview:large, max-video-preview:-1\" \/>\n<link rel=\"canonical\" href=\"https:\/\/gertuago.eus\/es\/producto\/bicicleta-electrica-ridley\/\" \/>\n<meta property=\"og:locale\" content=\"es_ES\" \/>\n<meta property=\"og:type\" content=\"article\" \/>\n<meta property=\"og:title\" content=\"Bicicleta el\u00e9ctrica Ridley - Gertuago\" \/>\n<meta property=\"og:description\" content=\"Estas bicicleta de grava el\u00e9ctrica fabricadas en aluminio ofrecen una experiencia de conducci\u00f3n estable y animada sobre cualquier terreno. El ligero sistema Fazua Evation, con motor de 250 W y bater\u00eda de 252 Ah, proporciona una asistencia suave, sensible y fiable. El motor le proporciona un refuerzo adicional de hasta 400 W, perfecto para conquistar...\" \/>\n<meta property=\"og:url\" content=\"https:\/\/gertuago.eus\/es\/producto\/bicicleta-electrica-ridley\/\" \/>\n<meta property=\"og:site_name\" content=\"Gertuago\" \/>\n<meta property=\"og:image\" content=\"https:\/\/gertuago.eus\/wp-content\/uploads\/2021\/11\/433_03_01.jpg\" \/>\n\t<meta property=\"og:image:width\" content=\"2500\" \/>\n\t<meta property=\"og:image:height\" content=\"1875\" \/>\n\t<meta property=\"og:image:type\" content=\"image\/jpeg\" \/>\n<meta name=\"twitter:card\" content=\"summary_large_image\" \/>\n<script type=\"application\/ld+json\" class=\"yoast-schema-graph\">{\"@context\":\"https:\/\/schema.org\",\"@graph\":[{\"@type\":\"WebPage\",\"@id\":\"https:\/\/gertuago.eus\/es\/producto\/bicicleta-electrica-ridley\/\",\"url\":\"https:\/\/gertuago.eus\/es\/producto\/bicicleta-electrica-ridley\/\",\"name\":\"Bicicleta el\u00e9ctrica Ridley - Gertuago\",\"isPartOf\":{\"@id\":\"https:\/\/gertuago.eus\/es\/#website\"},\"primaryImageOfPage\":{\"@id\":\"https:\/\/gertuago.eus\/es\/producto\/bicicleta-electrica-ridley\/#primaryimage\"},\"image\":{\"@id\":\"https:\/\/gertuago.eus\/es\/producto\/bicicleta-electrica-ridley\/#primaryimage\"},\"thumbnailUrl\":\"https:\/\/gertuago.eus\/wp-content\/uploads\/2021\/11\/433_03_01.jpg\",\"datePublished\":\"2021-11-17T19:56:14+00:00\",\"breadcrumb\":{\"@id\":\"https:\/\/gertuago.eus\/es\/producto\/bicicleta-electrica-ridley\/#breadcrumb\"},\"inLanguage\":\"es\",\"potentialAction\":[{\"@type\":\"ReadAction\",\"target\":[\"https:\/\/gertuago.eus\/es\/producto\/bicicleta-electrica-ridley\/\"]}]},{\"@type\":\"ImageObject\",\"inLanguage\":\"es\",\"@id\":\"https:\/\/gertuago.eus\/es\/producto\/bicicleta-electrica-ridley\/#primaryimage\",\"url\":\"https:\/\/gertuago.eus\/wp-content\/uploads\/2021\/11\/433_03_01.jpg\",\"contentUrl\":\"https:\/\/gertuago.eus\/wp-content\/uploads\/2021\/11\/433_03_01.jpg\",\"width\":2500,\"height\":1875},{\"@type\":\"BreadcrumbList\",\"@id\":\"https:\/\/gertuago.eus\/es\/producto\/bicicleta-electrica-ridley\/#breadcrumb\",\"itemListElement\":[{\"@type\":\"ListItem\",\"position\":1,\"name\":\"Home\",\"item\":\"https:\/\/gertuago.eus\/es\/\"},{\"@type\":\"ListItem\",\"position\":2,\"name\":\"Dendak &#8211; woocommerce\",\"item\":\"https:\/\/gertuago.eus\/eu\/dendak-woocommerce\/\"},{\"@type\":\"ListItem\",\"position\":3,\"name\":\"Bicicleta el\u00e9ctrica Ridley\"}]},{\"@type\":\"WebSite\",\"@id\":\"https:\/\/gertuago.eus\/es\/#website\",\"url\":\"https:\/\/gertuago.eus\/es\/\",\"name\":\"Gertuago\",\"description\":\"Usurbil Merkataritza Bonoak\",\"potentialAction\":[{\"@type\":\"SearchAction\",\"target\":{\"@type\":\"EntryPoint\",\"urlTemplate\":\"https:\/\/gertuago.eus\/es\/?s={search_term_string}\"},\"query-input\":{\"@type\":\"PropertyValueSpecification\",\"valueRequired\":true,\"valueName\":\"search_term_string\"}}],\"inLanguage\":\"es\"}]}<\/script>\n<!-- \/ Yoast SEO plugin. -->","yoast_head_json":{"title":"Bicicleta el\u00e9ctrica Ridley - Gertuago","robots":{"index":"index","follow":"follow","max-snippet":"max-snippet:-1","max-image-preview":"max-image-preview:large","max-video-preview":"max-video-preview:-1"},"canonical":"https:\/\/gertuago.eus\/es\/producto\/bicicleta-electrica-ridley\/","og_locale":"es_ES","og_type":"article","og_title":"Bicicleta el\u00e9ctrica Ridley - Gertuago","og_description":"Estas bicicleta de grava el\u00e9ctrica fabricadas en aluminio ofrecen una experiencia de conducci\u00f3n estable y animada sobre cualquier terreno. El ligero sistema Fazua Evation, con motor de 250 W y bater\u00eda de 252 Ah, proporciona una asistencia suave, sensible y fiable. El motor le proporciona un refuerzo adicional de hasta 400 W, perfecto para conquistar...","og_url":"https:\/\/gertuago.eus\/es\/producto\/bicicleta-electrica-ridley\/","og_site_name":"Gertuago","og_image":[{"width":2500,"height":1875,"url":"https:\/\/gertuago.eus\/wp-content\/uploads\/2021\/11\/433_03_01.jpg","type":"image\/jpeg"}],"twitter_card":"summary_large_image","schema":{"@context":"https:\/\/schema.org","@graph":[{"@type":"WebPage","@id":"https:\/\/gertuago.eus\/es\/producto\/bicicleta-electrica-ridley\/","url":"https:\/\/gertuago.eus\/es\/producto\/bicicleta-electrica-ridley\/","name":"Bicicleta el\u00e9ctrica Ridley - Gertuago","isPartOf":{"@id":"https:\/\/gertuago.eus\/es\/#website"},"primaryImageOfPage":{"@id":"https:\/\/gertuago.eus\/es\/producto\/bicicleta-electrica-ridley\/#primaryimage"},"image":{"@id":"https:\/\/gertuago.eus\/es\/producto\/bicicleta-electrica-ridley\/#primaryimage"},"thumbnailUrl":"https:\/\/gertuago.eus\/wp-content\/uploads\/2021\/11\/433_03_01.jpg","datePublished":"2021-11-17T19:56:14+00:00","breadcrumb":{"@id":"https:\/\/gertuago.eus\/es\/producto\/bicicleta-electrica-ridley\/#breadcrumb"},"inLanguage":"es","potentialAction":[{"@type":"ReadAction","target":["https:\/\/gertuago.eus\/es\/producto\/bicicleta-electrica-ridley\/"]}]},{"@type":"ImageObject","inLanguage":"es","@id":"https:\/\/gertuago.eus\/es\/producto\/bicicleta-electrica-ridley\/#primaryimage","url":"https:\/\/gertuago.eus\/wp-content\/uploads\/2021\/11\/433_03_01.jpg","contentUrl":"https:\/\/gertuago.eus\/wp-content\/uploads\/2021\/11\/433_03_01.jpg","width":2500,"height":1875},{"@type":"BreadcrumbList","@id":"https:\/\/gertuago.eus\/es\/producto\/bicicleta-electrica-ridley\/#breadcrumb","itemListElement":[{"@type":"ListItem","position":1,"name":"Home","item":"https:\/\/gertuago.eus\/es\/"},{"@type":"ListItem","position":2,"name":"Dendak &#8211; woocommerce","item":"https:\/\/gertuago.eus\/eu\/dendak-woocommerce\/"},{"@type":"ListItem","position":3,"name":"Bicicleta el\u00e9ctrica Ridley"}]},{"@type":"WebSite","@id":"https:\/\/gertuago.eus\/es\/#website","url":"https:\/\/gertuago.eus\/es\/","name":"Gertuago","description":"Usurbil Merkataritza Bonoak","potentialAction":[{"@type":"SearchAction","target":{"@type":"EntryPoint","urlTemplate":"https:\/\/gertuago.eus\/es\/?s={search_term_string}"},"query-input":{"@type":"PropertyValueSpecification","valueRequired":true,"valueName":"search_term_string"}}],"inLanguage":"es"}]}},"_links":{"self":[{"href":"https:\/\/gertuago.eus\/es\/wp-json\/wp\/v2\/product\/30185","targetHints":{"allow":["GET"]}}],"collection":[{"href":"https:\/\/gertuago.eus\/es\/wp-json\/wp\/v2\/product"}],"about":[{"href":"https:\/\/gertuago.eus\/es\/wp-json\/wp\/v2\/types\/product"}],"wp:featuredmedia":[{"embeddable":true,"href":"https:\/\/gertuago.eus\/es\/wp-json\/wp\/v2\/media\/30186"}],"wp:attachment":[{"href":"https:\/\/gertuago.eus\/es\/wp-json\/wp\/v2\/media?parent=30185"}],"wp:term":[{"taxonomy":"product_brand","embeddable":true,"href":"https:\/\/gertuago.eus\/es\/wp-json\/wp\/v2\/product_brand?post=30185"},{"taxonomy":"product_cat","embeddable":true,"href":"https:\/\/gertuago.eus\/es\/wp-json\/wp\/v2\/product_cat?post=30185"},{"taxonomy":"product_tag","embeddable":true,"href":"https:\/\/gertuago.eus\/es\/wp-json\/wp\/v2\/product_tag?post=30185"}],"curies":[{"name":"wp","href":"https:\/\/api.w.org\/{rel}","templated":true}]}}