{"id":30179,"date":"2021-11-17T19:55:44","date_gmt":"2021-11-17T19:55:44","guid":{"rendered":"https:\/\/gertuago.eus\/produktua\/bicicletas-de-carretera-y-monte-de-la-marca-ridley\/"},"modified":"2021-11-17T19:55:44","modified_gmt":"2021-11-17T19:55:44","slug":"bicicletas-de-carretera-y-monte-de-la-marca-ridley","status":"publish","type":"product","link":"https:\/\/gertuago.eus\/es\/producto\/bicicletas-de-carretera-y-monte-de-la-marca-ridley\/","title":{"rendered":"Bicicletas de carretera y monte de la marca Ridley"},"content":{"rendered":"<p>La marca belga, a parte de tener un gran cat\u00e1logo para todas las especialidades de ciclismo, tiene e incrementa a\u00f1o tras a\u00f1o, nuevas tecnolog\u00edas, totalmente patentadas y que sin duda, fortalecen la firma en el mundo entero. Actualmente,\u00a0Ridley y sus bicis son las principales aliadas del LOTTO SOUDAL, \u00abequipo World Tour\u00bb, aportando sus bicicletas y sus nuevas tecnolog\u00edas a los profesionales del Lotto.<\/p>\n","protected":false},"excerpt":{"rendered":"<p>La marca belga, a parte de tener un gran cat\u00e1logo para todas las especialidades de ciclismo, tiene e incrementa a\u00f1o tras a\u00f1o, nuevas tecnolog\u00edas, totalmente patentadas y que sin duda, fortalecen la firma en el mundo entero. Actualmente,\u00a0Ridley y sus bicis son las principales aliadas del LOTTO SOUDAL, \u00abequipo World Tour\u00bb, aportando sus bicicletas y&#8230;<\/p>\n","protected":false},"featured_media":30180,"template":"","meta":{"_acf_changed":false},"product_brand":[],"product_cat":[],"product_tag":[],"class_list":{"0":"post-30179","1":"product","2":"type-product","3":"status-publish","4":"has-post-thumbnail","7":"first","8":"instock","9":"taxable","10":"shipping-taxable","11":"product-type-simple"},"acf":[],"yoast_head":"<!-- This site is optimized with the Yoast SEO plugin v26.7 - https:\/\/yoast.com\/wordpress\/plugins\/seo\/ -->\n<title>Bicicletas de carretera y monte de la marca Ridley - Gertuago<\/title>\n<meta name=\"robots\" content=\"index, follow, max-snippet:-1, max-image-preview:large, max-video-preview:-1\" \/>\n<link rel=\"canonical\" href=\"https:\/\/gertuago.eus\/es\/producto\/bicicletas-de-carretera-y-monte-de-la-marca-ridley\/\" \/>\n<meta property=\"og:locale\" content=\"es_ES\" \/>\n<meta property=\"og:type\" content=\"article\" \/>\n<meta property=\"og:title\" content=\"Bicicletas de carretera y monte de la marca Ridley - Gertuago\" \/>\n<meta property=\"og:description\" content=\"La marca belga, a parte de tener un gran cat\u00e1logo para todas las especialidades de ciclismo, tiene e incrementa a\u00f1o tras a\u00f1o, nuevas tecnolog\u00edas, totalmente patentadas y que sin duda, fortalecen la firma en el mundo entero. Actualmente,\u00a0Ridley y sus bicis son las principales aliadas del LOTTO SOUDAL, \u00abequipo World Tour\u00bb, aportando sus bicicletas y...\" \/>\n<meta property=\"og:url\" content=\"https:\/\/gertuago.eus\/es\/producto\/bicicletas-de-carretera-y-monte-de-la-marca-ridley\/\" \/>\n<meta property=\"og:site_name\" content=\"Gertuago\" \/>\n<meta property=\"og:image\" content=\"https:\/\/gertuago.eus\/wp-content\/uploads\/2021\/11\/433_02_01.jpeg\" \/>\n\t<meta property=\"og:image:width\" content=\"2048\" \/>\n\t<meta property=\"og:image:height\" content=\"1365\" \/>\n\t<meta property=\"og:image:type\" content=\"image\/jpeg\" \/>\n<meta name=\"twitter:card\" content=\"summary_large_image\" \/>\n<script type=\"application\/ld+json\" class=\"yoast-schema-graph\">{\"@context\":\"https:\/\/schema.org\",\"@graph\":[{\"@type\":\"WebPage\",\"@id\":\"https:\/\/gertuago.eus\/es\/producto\/bicicletas-de-carretera-y-monte-de-la-marca-ridley\/\",\"url\":\"https:\/\/gertuago.eus\/es\/producto\/bicicletas-de-carretera-y-monte-de-la-marca-ridley\/\",\"name\":\"Bicicletas de carretera y monte de la marca Ridley - Gertuago\",\"isPartOf\":{\"@id\":\"https:\/\/gertuago.eus\/es\/#website\"},\"primaryImageOfPage\":{\"@id\":\"https:\/\/gertuago.eus\/es\/producto\/bicicletas-de-carretera-y-monte-de-la-marca-ridley\/#primaryimage\"},\"image\":{\"@id\":\"https:\/\/gertuago.eus\/es\/producto\/bicicletas-de-carretera-y-monte-de-la-marca-ridley\/#primaryimage\"},\"thumbnailUrl\":\"https:\/\/gertuago.eus\/wp-content\/uploads\/2021\/11\/433_02_01.jpeg\",\"datePublished\":\"2021-11-17T19:55:44+00:00\",\"breadcrumb\":{\"@id\":\"https:\/\/gertuago.eus\/es\/producto\/bicicletas-de-carretera-y-monte-de-la-marca-ridley\/#breadcrumb\"},\"inLanguage\":\"es\",\"potentialAction\":[{\"@type\":\"ReadAction\",\"target\":[\"https:\/\/gertuago.eus\/es\/producto\/bicicletas-de-carretera-y-monte-de-la-marca-ridley\/\"]}]},{\"@type\":\"ImageObject\",\"inLanguage\":\"es\",\"@id\":\"https:\/\/gertuago.eus\/es\/producto\/bicicletas-de-carretera-y-monte-de-la-marca-ridley\/#primaryimage\",\"url\":\"https:\/\/gertuago.eus\/wp-content\/uploads\/2021\/11\/433_02_01.jpeg\",\"contentUrl\":\"https:\/\/gertuago.eus\/wp-content\/uploads\/2021\/11\/433_02_01.jpeg\",\"width\":2048,\"height\":1365},{\"@type\":\"BreadcrumbList\",\"@id\":\"https:\/\/gertuago.eus\/es\/producto\/bicicletas-de-carretera-y-monte-de-la-marca-ridley\/#breadcrumb\",\"itemListElement\":[{\"@type\":\"ListItem\",\"position\":1,\"name\":\"Home\",\"item\":\"https:\/\/gertuago.eus\/es\/\"},{\"@type\":\"ListItem\",\"position\":2,\"name\":\"Dendak &#8211; woocommerce\",\"item\":\"https:\/\/gertuago.eus\/eu\/dendak-woocommerce\/\"},{\"@type\":\"ListItem\",\"position\":3,\"name\":\"Bicicletas de carretera y monte de la marca Ridley\"}]},{\"@type\":\"WebSite\",\"@id\":\"https:\/\/gertuago.eus\/es\/#website\",\"url\":\"https:\/\/gertuago.eus\/es\/\",\"name\":\"Gertuago\",\"description\":\"Usurbil Merkataritza Bonoak\",\"potentialAction\":[{\"@type\":\"SearchAction\",\"target\":{\"@type\":\"EntryPoint\",\"urlTemplate\":\"https:\/\/gertuago.eus\/es\/?s={search_term_string}\"},\"query-input\":{\"@type\":\"PropertyValueSpecification\",\"valueRequired\":true,\"valueName\":\"search_term_string\"}}],\"inLanguage\":\"es\"}]}<\/script>\n<!-- \/ Yoast SEO plugin. -->","yoast_head_json":{"title":"Bicicletas de carretera y monte de la marca Ridley - Gertuago","robots":{"index":"index","follow":"follow","max-snippet":"max-snippet:-1","max-image-preview":"max-image-preview:large","max-video-preview":"max-video-preview:-1"},"canonical":"https:\/\/gertuago.eus\/es\/producto\/bicicletas-de-carretera-y-monte-de-la-marca-ridley\/","og_locale":"es_ES","og_type":"article","og_title":"Bicicletas de carretera y monte de la marca Ridley - Gertuago","og_description":"La marca belga, a parte de tener un gran cat\u00e1logo para todas las especialidades de ciclismo, tiene e incrementa a\u00f1o tras a\u00f1o, nuevas tecnolog\u00edas, totalmente patentadas y que sin duda, fortalecen la firma en el mundo entero. Actualmente,\u00a0Ridley y sus bicis son las principales aliadas del LOTTO SOUDAL, \u00abequipo World Tour\u00bb, aportando sus bicicletas y...","og_url":"https:\/\/gertuago.eus\/es\/producto\/bicicletas-de-carretera-y-monte-de-la-marca-ridley\/","og_site_name":"Gertuago","og_image":[{"width":2048,"height":1365,"url":"https:\/\/gertuago.eus\/wp-content\/uploads\/2021\/11\/433_02_01.jpeg","type":"image\/jpeg"}],"twitter_card":"summary_large_image","schema":{"@context":"https:\/\/schema.org","@graph":[{"@type":"WebPage","@id":"https:\/\/gertuago.eus\/es\/producto\/bicicletas-de-carretera-y-monte-de-la-marca-ridley\/","url":"https:\/\/gertuago.eus\/es\/producto\/bicicletas-de-carretera-y-monte-de-la-marca-ridley\/","name":"Bicicletas de carretera y monte de la marca Ridley - Gertuago","isPartOf":{"@id":"https:\/\/gertuago.eus\/es\/#website"},"primaryImageOfPage":{"@id":"https:\/\/gertuago.eus\/es\/producto\/bicicletas-de-carretera-y-monte-de-la-marca-ridley\/#primaryimage"},"image":{"@id":"https:\/\/gertuago.eus\/es\/producto\/bicicletas-de-carretera-y-monte-de-la-marca-ridley\/#primaryimage"},"thumbnailUrl":"https:\/\/gertuago.eus\/wp-content\/uploads\/2021\/11\/433_02_01.jpeg","datePublished":"2021-11-17T19:55:44+00:00","breadcrumb":{"@id":"https:\/\/gertuago.eus\/es\/producto\/bicicletas-de-carretera-y-monte-de-la-marca-ridley\/#breadcrumb"},"inLanguage":"es","potentialAction":[{"@type":"ReadAction","target":["https:\/\/gertuago.eus\/es\/producto\/bicicletas-de-carretera-y-monte-de-la-marca-ridley\/"]}]},{"@type":"ImageObject","inLanguage":"es","@id":"https:\/\/gertuago.eus\/es\/producto\/bicicletas-de-carretera-y-monte-de-la-marca-ridley\/#primaryimage","url":"https:\/\/gertuago.eus\/wp-content\/uploads\/2021\/11\/433_02_01.jpeg","contentUrl":"https:\/\/gertuago.eus\/wp-content\/uploads\/2021\/11\/433_02_01.jpeg","width":2048,"height":1365},{"@type":"BreadcrumbList","@id":"https:\/\/gertuago.eus\/es\/producto\/bicicletas-de-carretera-y-monte-de-la-marca-ridley\/#breadcrumb","itemListElement":[{"@type":"ListItem","position":1,"name":"Home","item":"https:\/\/gertuago.eus\/es\/"},{"@type":"ListItem","position":2,"name":"Dendak &#8211; woocommerce","item":"https:\/\/gertuago.eus\/eu\/dendak-woocommerce\/"},{"@type":"ListItem","position":3,"name":"Bicicletas de carretera y monte de la marca Ridley"}]},{"@type":"WebSite","@id":"https:\/\/gertuago.eus\/es\/#website","url":"https:\/\/gertuago.eus\/es\/","name":"Gertuago","description":"Usurbil Merkataritza Bonoak","potentialAction":[{"@type":"SearchAction","target":{"@type":"EntryPoint","urlTemplate":"https:\/\/gertuago.eus\/es\/?s={search_term_string}"},"query-input":{"@type":"PropertyValueSpecification","valueRequired":true,"valueName":"search_term_string"}}],"inLanguage":"es"}]}},"_links":{"self":[{"href":"https:\/\/gertuago.eus\/es\/wp-json\/wp\/v2\/product\/30179","targetHints":{"allow":["GET"]}}],"collection":[{"href":"https:\/\/gertuago.eus\/es\/wp-json\/wp\/v2\/product"}],"about":[{"href":"https:\/\/gertuago.eus\/es\/wp-json\/wp\/v2\/types\/product"}],"wp:featuredmedia":[{"embeddable":true,"href":"https:\/\/gertuago.eus\/es\/wp-json\/wp\/v2\/media\/30180"}],"wp:attachment":[{"href":"https:\/\/gertuago.eus\/es\/wp-json\/wp\/v2\/media?parent=30179"}],"wp:term":[{"taxonomy":"product_brand","embeddable":true,"href":"https:\/\/gertuago.eus\/es\/wp-json\/wp\/v2\/product_brand?post=30179"},{"taxonomy":"product_cat","embeddable":true,"href":"https:\/\/gertuago.eus\/es\/wp-json\/wp\/v2\/product_cat?post=30179"},{"taxonomy":"product_tag","embeddable":true,"href":"https:\/\/gertuago.eus\/es\/wp-json\/wp\/v2\/product_tag?post=30179"}],"curies":[{"name":"wp","href":"https:\/\/api.w.org\/{rel}","templated":true}]}}