{"id":29929,"date":"2021-11-17T19:31:52","date_gmt":"2021-11-17T19:31:57","guid":{"rendered":"https:\/\/gertuago.eus\/produktua\/manicura-y-pedicura\/"},"modified":"2025-01-29T11:54:35","modified_gmt":"2025-01-29T10:54:35","slug":"manicura-y-pedicura","status":"publish","type":"product","link":"https:\/\/gertuago.eus\/es\/producto\/manicura-y-pedicura\/","title":{"rendered":"Manicura y pedicura"},"content":{"rendered":"<p>En el centro de est\u00e9tica Ixabel Esnaola te dejar\u00e1n las u\u00f1as ordenadamente, tanto las de la mano como las de los pies. \u00bfA qu\u00e9 esperas? Ac\u00e9rcate y pide tu cita.<\/p>\n","protected":false},"excerpt":{"rendered":"<p>En el centro de est\u00e9tica Ixabel Esnaola te dejar\u00e1n las u\u00f1as ordenadamente, tanto las de la mano como las de los pies. \u00bfA qu\u00e9 esperas? Ac\u00e9rcate y pide tu cita.<\/p>\n","protected":false},"featured_media":29931,"template":"","meta":{"_acf_changed":false},"product_brand":[],"product_cat":[29],"product_tag":[],"class_list":{"0":"post-29929","1":"product","2":"type-product","3":"status-publish","4":"has-post-thumbnail","6":"product_cat-uncategorized-eu","8":"first","9":"instock","10":"taxable","11":"shipping-taxable","12":"product-type-simple"},"acf":[],"yoast_head":"<!-- This site is optimized with the Yoast SEO plugin v26.7 - https:\/\/yoast.com\/wordpress\/plugins\/seo\/ -->\n<title>Manicura y pedicura - Gertuago<\/title>\n<meta name=\"robots\" content=\"index, follow, max-snippet:-1, max-image-preview:large, max-video-preview:-1\" \/>\n<link rel=\"canonical\" href=\"https:\/\/gertuago.eus\/es\/producto\/manicura-y-pedicura\/\" \/>\n<meta property=\"og:locale\" content=\"es_ES\" \/>\n<meta property=\"og:type\" content=\"article\" \/>\n<meta property=\"og:title\" content=\"Manicura y pedicura - Gertuago\" \/>\n<meta property=\"og:description\" content=\"En el centro de est\u00e9tica Ixabel Esnaola te dejar\u00e1n las u\u00f1as ordenadamente, tanto las de la mano como las de los pies. \u00bfA qu\u00e9 esperas? Ac\u00e9rcate y pide tu cita.\" \/>\n<meta property=\"og:url\" content=\"https:\/\/gertuago.eus\/es\/producto\/manicura-y-pedicura\/\" \/>\n<meta property=\"og:site_name\" content=\"Gertuago\" \/>\n<meta property=\"article:modified_time\" content=\"2025-01-29T10:54:35+00:00\" \/>\n<meta property=\"og:image\" content=\"https:\/\/gertuago.eus\/wp-content\/uploads\/2021\/11\/326_04_01.jpeg\" \/>\n\t<meta property=\"og:image:width\" content=\"1600\" \/>\n\t<meta property=\"og:image:height\" content=\"1075\" \/>\n\t<meta property=\"og:image:type\" content=\"image\/jpeg\" \/>\n<meta name=\"twitter:card\" content=\"summary_large_image\" \/>\n<script type=\"application\/ld+json\" class=\"yoast-schema-graph\">{\"@context\":\"https:\/\/schema.org\",\"@graph\":[{\"@type\":\"WebPage\",\"@id\":\"https:\/\/gertuago.eus\/es\/producto\/manicura-y-pedicura\/\",\"url\":\"https:\/\/gertuago.eus\/es\/producto\/manicura-y-pedicura\/\",\"name\":\"Manicura y pedicura - Gertuago\",\"isPartOf\":{\"@id\":\"https:\/\/gertuago.eus\/es\/#website\"},\"primaryImageOfPage\":{\"@id\":\"https:\/\/gertuago.eus\/es\/producto\/manicura-y-pedicura\/#primaryimage\"},\"image\":{\"@id\":\"https:\/\/gertuago.eus\/es\/producto\/manicura-y-pedicura\/#primaryimage\"},\"thumbnailUrl\":\"https:\/\/gertuago.eus\/wp-content\/uploads\/2021\/11\/326_04_01.jpeg\",\"datePublished\":\"2021-11-17T19:31:57+00:00\",\"dateModified\":\"2025-01-29T10:54:35+00:00\",\"breadcrumb\":{\"@id\":\"https:\/\/gertuago.eus\/es\/producto\/manicura-y-pedicura\/#breadcrumb\"},\"inLanguage\":\"es\",\"potentialAction\":[{\"@type\":\"ReadAction\",\"target\":[\"https:\/\/gertuago.eus\/es\/producto\/manicura-y-pedicura\/\"]}]},{\"@type\":\"ImageObject\",\"inLanguage\":\"es\",\"@id\":\"https:\/\/gertuago.eus\/es\/producto\/manicura-y-pedicura\/#primaryimage\",\"url\":\"https:\/\/gertuago.eus\/wp-content\/uploads\/2021\/11\/326_04_01.jpeg\",\"contentUrl\":\"https:\/\/gertuago.eus\/wp-content\/uploads\/2021\/11\/326_04_01.jpeg\",\"width\":1600,\"height\":1075},{\"@type\":\"BreadcrumbList\",\"@id\":\"https:\/\/gertuago.eus\/es\/producto\/manicura-y-pedicura\/#breadcrumb\",\"itemListElement\":[{\"@type\":\"ListItem\",\"position\":1,\"name\":\"Home\",\"item\":\"https:\/\/gertuago.eus\/es\/\"},{\"@type\":\"ListItem\",\"position\":2,\"name\":\"Dendak &#8211; woocommerce\",\"item\":\"https:\/\/gertuago.eus\/eu\/dendak-woocommerce\/\"},{\"@type\":\"ListItem\",\"position\":3,\"name\":\"Manicura y pedicura\"}]},{\"@type\":\"WebSite\",\"@id\":\"https:\/\/gertuago.eus\/es\/#website\",\"url\":\"https:\/\/gertuago.eus\/es\/\",\"name\":\"Gertuago\",\"description\":\"Usurbil Merkataritza Bonoak\",\"potentialAction\":[{\"@type\":\"SearchAction\",\"target\":{\"@type\":\"EntryPoint\",\"urlTemplate\":\"https:\/\/gertuago.eus\/es\/?s={search_term_string}\"},\"query-input\":{\"@type\":\"PropertyValueSpecification\",\"valueRequired\":true,\"valueName\":\"search_term_string\"}}],\"inLanguage\":\"es\"}]}<\/script>\n<!-- \/ Yoast SEO plugin. -->","yoast_head_json":{"title":"Manicura y pedicura - Gertuago","robots":{"index":"index","follow":"follow","max-snippet":"max-snippet:-1","max-image-preview":"max-image-preview:large","max-video-preview":"max-video-preview:-1"},"canonical":"https:\/\/gertuago.eus\/es\/producto\/manicura-y-pedicura\/","og_locale":"es_ES","og_type":"article","og_title":"Manicura y pedicura - Gertuago","og_description":"En el centro de est\u00e9tica Ixabel Esnaola te dejar\u00e1n las u\u00f1as ordenadamente, tanto las de la mano como las de los pies. \u00bfA qu\u00e9 esperas? Ac\u00e9rcate y pide tu cita.","og_url":"https:\/\/gertuago.eus\/es\/producto\/manicura-y-pedicura\/","og_site_name":"Gertuago","article_modified_time":"2025-01-29T10:54:35+00:00","og_image":[{"width":1600,"height":1075,"url":"https:\/\/gertuago.eus\/wp-content\/uploads\/2021\/11\/326_04_01.jpeg","type":"image\/jpeg"}],"twitter_card":"summary_large_image","schema":{"@context":"https:\/\/schema.org","@graph":[{"@type":"WebPage","@id":"https:\/\/gertuago.eus\/es\/producto\/manicura-y-pedicura\/","url":"https:\/\/gertuago.eus\/es\/producto\/manicura-y-pedicura\/","name":"Manicura y pedicura - Gertuago","isPartOf":{"@id":"https:\/\/gertuago.eus\/es\/#website"},"primaryImageOfPage":{"@id":"https:\/\/gertuago.eus\/es\/producto\/manicura-y-pedicura\/#primaryimage"},"image":{"@id":"https:\/\/gertuago.eus\/es\/producto\/manicura-y-pedicura\/#primaryimage"},"thumbnailUrl":"https:\/\/gertuago.eus\/wp-content\/uploads\/2021\/11\/326_04_01.jpeg","datePublished":"2021-11-17T19:31:57+00:00","dateModified":"2025-01-29T10:54:35+00:00","breadcrumb":{"@id":"https:\/\/gertuago.eus\/es\/producto\/manicura-y-pedicura\/#breadcrumb"},"inLanguage":"es","potentialAction":[{"@type":"ReadAction","target":["https:\/\/gertuago.eus\/es\/producto\/manicura-y-pedicura\/"]}]},{"@type":"ImageObject","inLanguage":"es","@id":"https:\/\/gertuago.eus\/es\/producto\/manicura-y-pedicura\/#primaryimage","url":"https:\/\/gertuago.eus\/wp-content\/uploads\/2021\/11\/326_04_01.jpeg","contentUrl":"https:\/\/gertuago.eus\/wp-content\/uploads\/2021\/11\/326_04_01.jpeg","width":1600,"height":1075},{"@type":"BreadcrumbList","@id":"https:\/\/gertuago.eus\/es\/producto\/manicura-y-pedicura\/#breadcrumb","itemListElement":[{"@type":"ListItem","position":1,"name":"Home","item":"https:\/\/gertuago.eus\/es\/"},{"@type":"ListItem","position":2,"name":"Dendak &#8211; woocommerce","item":"https:\/\/gertuago.eus\/eu\/dendak-woocommerce\/"},{"@type":"ListItem","position":3,"name":"Manicura y pedicura"}]},{"@type":"WebSite","@id":"https:\/\/gertuago.eus\/es\/#website","url":"https:\/\/gertuago.eus\/es\/","name":"Gertuago","description":"Usurbil Merkataritza Bonoak","potentialAction":[{"@type":"SearchAction","target":{"@type":"EntryPoint","urlTemplate":"https:\/\/gertuago.eus\/es\/?s={search_term_string}"},"query-input":{"@type":"PropertyValueSpecification","valueRequired":true,"valueName":"search_term_string"}}],"inLanguage":"es"}]}},"_links":{"self":[{"href":"https:\/\/gertuago.eus\/es\/wp-json\/wp\/v2\/product\/29929","targetHints":{"allow":["GET"]}}],"collection":[{"href":"https:\/\/gertuago.eus\/es\/wp-json\/wp\/v2\/product"}],"about":[{"href":"https:\/\/gertuago.eus\/es\/wp-json\/wp\/v2\/types\/product"}],"wp:featuredmedia":[{"embeddable":true,"href":"https:\/\/gertuago.eus\/es\/wp-json\/wp\/v2\/media\/29931"}],"wp:attachment":[{"href":"https:\/\/gertuago.eus\/es\/wp-json\/wp\/v2\/media?parent=29929"}],"wp:term":[{"taxonomy":"product_brand","embeddable":true,"href":"https:\/\/gertuago.eus\/es\/wp-json\/wp\/v2\/product_brand?post=29929"},{"taxonomy":"product_cat","embeddable":true,"href":"https:\/\/gertuago.eus\/es\/wp-json\/wp\/v2\/product_cat?post=29929"},{"taxonomy":"product_tag","embeddable":true,"href":"https:\/\/gertuago.eus\/es\/wp-json\/wp\/v2\/product_tag?post=29929"}],"curies":[{"name":"wp","href":"https:\/\/api.w.org\/{rel}","templated":true}]}}