{"id":29645,"date":"2021-11-17T19:02:57","date_gmt":"2021-11-17T19:02:57","guid":{"rendered":"https:\/\/gertuago.eus\/produktua\/alimentacion-y-cuidado-para-animales\/"},"modified":"2021-11-17T19:02:57","modified_gmt":"2021-11-17T19:02:57","slug":"alimentacion-y-cuidado-para-animales","status":"publish","type":"product","link":"https:\/\/gertuago.eus\/es\/producto\/alimentacion-y-cuidado-para-animales\/","title":{"rendered":"Alimentaci\u00f3n y cuidado para animales"},"content":{"rendered":"<p>Aparte de los piensos b\u00e1sicos, tambi\u00e9n hay opci\u00f3n de piensos ecol\u00f3gicos, ya que est\u00e1n totalmente comprometidos con la salud de los animales. Amplia oferta para p\u00e1jaros ex\u00f3ticos, juguetes y correas para perros y gatos, puedes encontrar de todo en la cooperativa. Adem\u00e1s, tambi\u00e9n se pueden comprar medicamentos para prevenir y eliminar los par\u00e1sitos de nuestros animales.<\/p>\n","protected":false},"excerpt":{"rendered":"<p>Aparte de los piensos b\u00e1sicos, tambi\u00e9n hay opci\u00f3n de piensos ecol\u00f3gicos, ya que est\u00e1n totalmente comprometidos con la salud de los animales. Amplia oferta para p\u00e1jaros ex\u00f3ticos, juguetes y correas para perros y gatos, puedes encontrar de todo en la cooperativa. Adem\u00e1s, tambi\u00e9n se pueden comprar medicamentos para prevenir y eliminar los par\u00e1sitos de nuestros&#8230;<\/p>\n","protected":false},"featured_media":29646,"template":"","meta":{"_acf_changed":false},"product_brand":[],"product_cat":[],"product_tag":[],"class_list":{"0":"post-29645","1":"product","2":"type-product","3":"status-publish","4":"has-post-thumbnail","7":"first","8":"instock","9":"taxable","10":"shipping-taxable","11":"product-type-simple"},"acf":[],"yoast_head":"<!-- This site is optimized with the Yoast SEO plugin v27.5 - https:\/\/yoast.com\/product\/yoast-seo-wordpress\/ -->\n<title>Alimentaci\u00f3n y cuidado para animales - Gertuago<\/title>\n<meta name=\"robots\" content=\"index, follow, max-snippet:-1, max-image-preview:large, max-video-preview:-1\" \/>\n<link rel=\"canonical\" href=\"https:\/\/gertuago.eus\/es\/producto\/alimentacion-y-cuidado-para-animales\/\" \/>\n<meta property=\"og:locale\" content=\"es_ES\" \/>\n<meta property=\"og:type\" content=\"article\" \/>\n<meta property=\"og:title\" content=\"Alimentaci\u00f3n y cuidado para animales - Gertuago\" \/>\n<meta property=\"og:description\" content=\"Aparte de los piensos b\u00e1sicos, tambi\u00e9n hay opci\u00f3n de piensos ecol\u00f3gicos, ya que est\u00e1n totalmente comprometidos con la salud de los animales. Amplia oferta para p\u00e1jaros ex\u00f3ticos, juguetes y correas para perros y gatos, puedes encontrar de todo en la cooperativa. Adem\u00e1s, tambi\u00e9n se pueden comprar medicamentos para prevenir y eliminar los par\u00e1sitos de nuestros...\" \/>\n<meta property=\"og:url\" content=\"https:\/\/gertuago.eus\/es\/producto\/alimentacion-y-cuidado-para-animales\/\" \/>\n<meta property=\"og:site_name\" content=\"Gertuago\" \/>\n<meta property=\"og:image\" content=\"https:\/\/gertuago.eus\/wp-content\/uploads\/2021\/11\/4467_03_01.jpeg\" \/>\n\t<meta property=\"og:image:width\" content=\"2048\" \/>\n\t<meta property=\"og:image:height\" content=\"1536\" \/>\n\t<meta property=\"og:image:type\" content=\"image\/jpeg\" \/>\n<meta name=\"twitter:card\" content=\"summary_large_image\" \/>\n<script type=\"application\/ld+json\" class=\"yoast-schema-graph\">{\"@context\":\"https:\\\/\\\/schema.org\",\"@graph\":[{\"@type\":\"WebPage\",\"@id\":\"https:\\\/\\\/gertuago.eus\\\/es\\\/producto\\\/alimentacion-y-cuidado-para-animales\\\/\",\"url\":\"https:\\\/\\\/gertuago.eus\\\/es\\\/producto\\\/alimentacion-y-cuidado-para-animales\\\/\",\"name\":\"Alimentaci\u00f3n y cuidado para animales - Gertuago\",\"isPartOf\":{\"@id\":\"https:\\\/\\\/gertuago.eus\\\/es\\\/#website\"},\"primaryImageOfPage\":{\"@id\":\"https:\\\/\\\/gertuago.eus\\\/es\\\/producto\\\/alimentacion-y-cuidado-para-animales\\\/#primaryimage\"},\"image\":{\"@id\":\"https:\\\/\\\/gertuago.eus\\\/es\\\/producto\\\/alimentacion-y-cuidado-para-animales\\\/#primaryimage\"},\"thumbnailUrl\":\"https:\\\/\\\/gertuago.eus\\\/wp-content\\\/uploads\\\/2021\\\/11\\\/4467_03_01.jpeg\",\"datePublished\":\"2021-11-17T19:02:57+00:00\",\"breadcrumb\":{\"@id\":\"https:\\\/\\\/gertuago.eus\\\/es\\\/producto\\\/alimentacion-y-cuidado-para-animales\\\/#breadcrumb\"},\"inLanguage\":\"es\",\"potentialAction\":[{\"@type\":\"ReadAction\",\"target\":[\"https:\\\/\\\/gertuago.eus\\\/es\\\/producto\\\/alimentacion-y-cuidado-para-animales\\\/\"]}]},{\"@type\":\"ImageObject\",\"inLanguage\":\"es\",\"@id\":\"https:\\\/\\\/gertuago.eus\\\/es\\\/producto\\\/alimentacion-y-cuidado-para-animales\\\/#primaryimage\",\"url\":\"https:\\\/\\\/gertuago.eus\\\/wp-content\\\/uploads\\\/2021\\\/11\\\/4467_03_01.jpeg\",\"contentUrl\":\"https:\\\/\\\/gertuago.eus\\\/wp-content\\\/uploads\\\/2021\\\/11\\\/4467_03_01.jpeg\",\"width\":2048,\"height\":1536},{\"@type\":\"BreadcrumbList\",\"@id\":\"https:\\\/\\\/gertuago.eus\\\/es\\\/producto\\\/alimentacion-y-cuidado-para-animales\\\/#breadcrumb\",\"itemListElement\":[{\"@type\":\"ListItem\",\"position\":1,\"name\":\"Home\",\"item\":\"https:\\\/\\\/gertuago.eus\\\/es\\\/\"},{\"@type\":\"ListItem\",\"position\":2,\"name\":\"Dendak &#8211; woocommerce\",\"item\":\"https:\\\/\\\/gertuago.eus\\\/eu\\\/dendak-woocommerce\\\/\"},{\"@type\":\"ListItem\",\"position\":3,\"name\":\"Alimentaci\u00f3n y cuidado para animales\"}]},{\"@type\":\"WebSite\",\"@id\":\"https:\\\/\\\/gertuago.eus\\\/es\\\/#website\",\"url\":\"https:\\\/\\\/gertuago.eus\\\/es\\\/\",\"name\":\"Gertuago\",\"description\":\"Usurbil Merkataritza Bonoak\",\"potentialAction\":[{\"@type\":\"SearchAction\",\"target\":{\"@type\":\"EntryPoint\",\"urlTemplate\":\"https:\\\/\\\/gertuago.eus\\\/es\\\/?s={search_term_string}\"},\"query-input\":{\"@type\":\"PropertyValueSpecification\",\"valueRequired\":true,\"valueName\":\"search_term_string\"}}],\"inLanguage\":\"es\"}]}<\/script>\n<!-- \/ Yoast SEO plugin. -->","yoast_head_json":{"title":"Alimentaci\u00f3n y cuidado para animales - Gertuago","robots":{"index":"index","follow":"follow","max-snippet":"max-snippet:-1","max-image-preview":"max-image-preview:large","max-video-preview":"max-video-preview:-1"},"canonical":"https:\/\/gertuago.eus\/es\/producto\/alimentacion-y-cuidado-para-animales\/","og_locale":"es_ES","og_type":"article","og_title":"Alimentaci\u00f3n y cuidado para animales - Gertuago","og_description":"Aparte de los piensos b\u00e1sicos, tambi\u00e9n hay opci\u00f3n de piensos ecol\u00f3gicos, ya que est\u00e1n totalmente comprometidos con la salud de los animales. Amplia oferta para p\u00e1jaros ex\u00f3ticos, juguetes y correas para perros y gatos, puedes encontrar de todo en la cooperativa. Adem\u00e1s, tambi\u00e9n se pueden comprar medicamentos para prevenir y eliminar los par\u00e1sitos de nuestros...","og_url":"https:\/\/gertuago.eus\/es\/producto\/alimentacion-y-cuidado-para-animales\/","og_site_name":"Gertuago","og_image":[{"width":2048,"height":1536,"url":"https:\/\/gertuago.eus\/wp-content\/uploads\/2021\/11\/4467_03_01.jpeg","type":"image\/jpeg"}],"twitter_card":"summary_large_image","schema":{"@context":"https:\/\/schema.org","@graph":[{"@type":"WebPage","@id":"https:\/\/gertuago.eus\/es\/producto\/alimentacion-y-cuidado-para-animales\/","url":"https:\/\/gertuago.eus\/es\/producto\/alimentacion-y-cuidado-para-animales\/","name":"Alimentaci\u00f3n y cuidado para animales - Gertuago","isPartOf":{"@id":"https:\/\/gertuago.eus\/es\/#website"},"primaryImageOfPage":{"@id":"https:\/\/gertuago.eus\/es\/producto\/alimentacion-y-cuidado-para-animales\/#primaryimage"},"image":{"@id":"https:\/\/gertuago.eus\/es\/producto\/alimentacion-y-cuidado-para-animales\/#primaryimage"},"thumbnailUrl":"https:\/\/gertuago.eus\/wp-content\/uploads\/2021\/11\/4467_03_01.jpeg","datePublished":"2021-11-17T19:02:57+00:00","breadcrumb":{"@id":"https:\/\/gertuago.eus\/es\/producto\/alimentacion-y-cuidado-para-animales\/#breadcrumb"},"inLanguage":"es","potentialAction":[{"@type":"ReadAction","target":["https:\/\/gertuago.eus\/es\/producto\/alimentacion-y-cuidado-para-animales\/"]}]},{"@type":"ImageObject","inLanguage":"es","@id":"https:\/\/gertuago.eus\/es\/producto\/alimentacion-y-cuidado-para-animales\/#primaryimage","url":"https:\/\/gertuago.eus\/wp-content\/uploads\/2021\/11\/4467_03_01.jpeg","contentUrl":"https:\/\/gertuago.eus\/wp-content\/uploads\/2021\/11\/4467_03_01.jpeg","width":2048,"height":1536},{"@type":"BreadcrumbList","@id":"https:\/\/gertuago.eus\/es\/producto\/alimentacion-y-cuidado-para-animales\/#breadcrumb","itemListElement":[{"@type":"ListItem","position":1,"name":"Home","item":"https:\/\/gertuago.eus\/es\/"},{"@type":"ListItem","position":2,"name":"Dendak &#8211; woocommerce","item":"https:\/\/gertuago.eus\/eu\/dendak-woocommerce\/"},{"@type":"ListItem","position":3,"name":"Alimentaci\u00f3n y cuidado para animales"}]},{"@type":"WebSite","@id":"https:\/\/gertuago.eus\/es\/#website","url":"https:\/\/gertuago.eus\/es\/","name":"Gertuago","description":"Usurbil Merkataritza Bonoak","potentialAction":[{"@type":"SearchAction","target":{"@type":"EntryPoint","urlTemplate":"https:\/\/gertuago.eus\/es\/?s={search_term_string}"},"query-input":{"@type":"PropertyValueSpecification","valueRequired":true,"valueName":"search_term_string"}}],"inLanguage":"es"}]}},"_links":{"self":[{"href":"https:\/\/gertuago.eus\/es\/wp-json\/wp\/v2\/product\/29645","targetHints":{"allow":["GET"]}}],"collection":[{"href":"https:\/\/gertuago.eus\/es\/wp-json\/wp\/v2\/product"}],"about":[{"href":"https:\/\/gertuago.eus\/es\/wp-json\/wp\/v2\/types\/product"}],"wp:featuredmedia":[{"embeddable":true,"href":"https:\/\/gertuago.eus\/es\/wp-json\/wp\/v2\/media\/29646"}],"wp:attachment":[{"href":"https:\/\/gertuago.eus\/es\/wp-json\/wp\/v2\/media?parent=29645"}],"wp:term":[{"taxonomy":"product_brand","embeddable":true,"href":"https:\/\/gertuago.eus\/es\/wp-json\/wp\/v2\/product_brand?post=29645"},{"taxonomy":"product_cat","embeddable":true,"href":"https:\/\/gertuago.eus\/es\/wp-json\/wp\/v2\/product_cat?post=29645"},{"taxonomy":"product_tag","embeddable":true,"href":"https:\/\/gertuago.eus\/es\/wp-json\/wp\/v2\/product_tag?post=29645"}],"curies":[{"name":"wp","href":"https:\/\/api.w.org\/{rel}","templated":true}]}}