{"id":29329,"date":"2021-11-17T18:48:25","date_gmt":"2021-11-17T18:48:25","guid":{"rendered":"https:\/\/gertuago.eus\/produktua\/sidra-natural-y-sidra-vasca\/"},"modified":"2021-11-17T18:48:25","modified_gmt":"2021-11-17T18:48:25","slug":"sidra-natural-y-sidra-vasca","status":"publish","type":"product","link":"https:\/\/gertuago.eus\/es\/producto\/sidra-natural-y-sidra-vasca\/","title":{"rendered":"Sidra natural y Sidra vasca"},"content":{"rendered":"<p>En la sidrer\u00eda Saizar puedes encontrar dos tipos de sidra: la sidra natural y la sidra vasca. La sidra natural es una bebida natural hecha de manzana, de baja graduaci\u00f3n alcoh\u00f3lica. La sidra de siempre, producida con manzanas de distinta procedencia. Disponible en diferentes formatos: estuche de 4 botellas o caja de 6 o 12 botellas. Tambi\u00e9n tenemos una caja de 12 botellas de 37.5 cc. En cuanto a la sidra vasca Saizar, se trata de una sidra 100% natural de alta calidad elaborada con manzana aut\u00f3ctona. La sidra vasca tiene el sello de denominaci\u00f3n de origen, con garant\u00eda de origen y calidad. En este caso el formato es de una caja de 6 botellas. BODEGA SAIZAR. Horario: de lunes a viernes 09:00-13:00 y 15:00-18:00. Tel\u00e9fono: 943364597<\/p>\n","protected":false},"excerpt":{"rendered":"<p>En la sidrer\u00eda Saizar puedes encontrar dos tipos de sidra: la sidra natural y la sidra vasca. La sidra natural es una bebida natural hecha de manzana, de baja graduaci\u00f3n alcoh\u00f3lica. La sidra de siempre, producida con manzanas de distinta procedencia. Disponible en diferentes formatos: estuche de 4 botellas o caja de 6 o 12&#8230;<\/p>\n","protected":false},"featured_media":29330,"template":"","meta":{"_acf_changed":false},"product_brand":[],"product_cat":[],"product_tag":[],"class_list":{"0":"post-29329","1":"product","2":"type-product","3":"status-publish","4":"has-post-thumbnail","7":"first","8":"instock","9":"taxable","10":"shipping-taxable","11":"product-type-simple"},"acf":[],"yoast_head":"<!-- This site is optimized with the Yoast SEO plugin v26.7 - https:\/\/yoast.com\/wordpress\/plugins\/seo\/ -->\n<title>Sidra natural y Sidra vasca - Gertuago<\/title>\n<meta name=\"robots\" content=\"index, follow, max-snippet:-1, max-image-preview:large, max-video-preview:-1\" \/>\n<link rel=\"canonical\" href=\"https:\/\/gertuago.eus\/es\/producto\/sidra-natural-y-sidra-vasca\/\" \/>\n<meta property=\"og:locale\" content=\"es_ES\" \/>\n<meta property=\"og:type\" content=\"article\" \/>\n<meta property=\"og:title\" content=\"Sidra natural y Sidra vasca - Gertuago\" \/>\n<meta property=\"og:description\" content=\"En la sidrer\u00eda Saizar puedes encontrar dos tipos de sidra: la sidra natural y la sidra vasca. La sidra natural es una bebida natural hecha de manzana, de baja graduaci\u00f3n alcoh\u00f3lica. La sidra de siempre, producida con manzanas de distinta procedencia. Disponible en diferentes formatos: estuche de 4 botellas o caja de 6 o 12...\" \/>\n<meta property=\"og:url\" content=\"https:\/\/gertuago.eus\/es\/producto\/sidra-natural-y-sidra-vasca\/\" \/>\n<meta property=\"og:site_name\" content=\"Gertuago\" \/>\n<meta property=\"og:image\" content=\"https:\/\/gertuago.eus\/wp-content\/uploads\/2021\/11\/442_01_01.jpg\" \/>\n\t<meta property=\"og:image:width\" content=\"2500\" \/>\n\t<meta property=\"og:image:height\" content=\"1667\" \/>\n\t<meta property=\"og:image:type\" content=\"image\/jpeg\" \/>\n<meta name=\"twitter:card\" content=\"summary_large_image\" \/>\n<meta name=\"twitter:label1\" content=\"Tiempo de lectura\" \/>\n\t<meta name=\"twitter:data1\" content=\"1 minuto\" \/>\n<script type=\"application\/ld+json\" class=\"yoast-schema-graph\">{\"@context\":\"https:\/\/schema.org\",\"@graph\":[{\"@type\":\"WebPage\",\"@id\":\"https:\/\/gertuago.eus\/es\/producto\/sidra-natural-y-sidra-vasca\/\",\"url\":\"https:\/\/gertuago.eus\/es\/producto\/sidra-natural-y-sidra-vasca\/\",\"name\":\"Sidra natural y Sidra vasca - Gertuago\",\"isPartOf\":{\"@id\":\"https:\/\/gertuago.eus\/es\/#website\"},\"primaryImageOfPage\":{\"@id\":\"https:\/\/gertuago.eus\/es\/producto\/sidra-natural-y-sidra-vasca\/#primaryimage\"},\"image\":{\"@id\":\"https:\/\/gertuago.eus\/es\/producto\/sidra-natural-y-sidra-vasca\/#primaryimage\"},\"thumbnailUrl\":\"https:\/\/gertuago.eus\/wp-content\/uploads\/2021\/11\/442_01_01.jpg\",\"datePublished\":\"2021-11-17T18:48:25+00:00\",\"breadcrumb\":{\"@id\":\"https:\/\/gertuago.eus\/es\/producto\/sidra-natural-y-sidra-vasca\/#breadcrumb\"},\"inLanguage\":\"es\",\"potentialAction\":[{\"@type\":\"ReadAction\",\"target\":[\"https:\/\/gertuago.eus\/es\/producto\/sidra-natural-y-sidra-vasca\/\"]}]},{\"@type\":\"ImageObject\",\"inLanguage\":\"es\",\"@id\":\"https:\/\/gertuago.eus\/es\/producto\/sidra-natural-y-sidra-vasca\/#primaryimage\",\"url\":\"https:\/\/gertuago.eus\/wp-content\/uploads\/2021\/11\/442_01_01.jpg\",\"contentUrl\":\"https:\/\/gertuago.eus\/wp-content\/uploads\/2021\/11\/442_01_01.jpg\",\"width\":2500,\"height\":1667},{\"@type\":\"BreadcrumbList\",\"@id\":\"https:\/\/gertuago.eus\/es\/producto\/sidra-natural-y-sidra-vasca\/#breadcrumb\",\"itemListElement\":[{\"@type\":\"ListItem\",\"position\":1,\"name\":\"Home\",\"item\":\"https:\/\/gertuago.eus\/es\/\"},{\"@type\":\"ListItem\",\"position\":2,\"name\":\"Dendak &#8211; woocommerce\",\"item\":\"https:\/\/gertuago.eus\/eu\/dendak-woocommerce\/\"},{\"@type\":\"ListItem\",\"position\":3,\"name\":\"Sidra natural y Sidra vasca\"}]},{\"@type\":\"WebSite\",\"@id\":\"https:\/\/gertuago.eus\/es\/#website\",\"url\":\"https:\/\/gertuago.eus\/es\/\",\"name\":\"Gertuago\",\"description\":\"Usurbil Merkataritza Bonoak\",\"potentialAction\":[{\"@type\":\"SearchAction\",\"target\":{\"@type\":\"EntryPoint\",\"urlTemplate\":\"https:\/\/gertuago.eus\/es\/?s={search_term_string}\"},\"query-input\":{\"@type\":\"PropertyValueSpecification\",\"valueRequired\":true,\"valueName\":\"search_term_string\"}}],\"inLanguage\":\"es\"}]}<\/script>\n<!-- \/ Yoast SEO plugin. -->","yoast_head_json":{"title":"Sidra natural y Sidra vasca - Gertuago","robots":{"index":"index","follow":"follow","max-snippet":"max-snippet:-1","max-image-preview":"max-image-preview:large","max-video-preview":"max-video-preview:-1"},"canonical":"https:\/\/gertuago.eus\/es\/producto\/sidra-natural-y-sidra-vasca\/","og_locale":"es_ES","og_type":"article","og_title":"Sidra natural y Sidra vasca - Gertuago","og_description":"En la sidrer\u00eda Saizar puedes encontrar dos tipos de sidra: la sidra natural y la sidra vasca. La sidra natural es una bebida natural hecha de manzana, de baja graduaci\u00f3n alcoh\u00f3lica. La sidra de siempre, producida con manzanas de distinta procedencia. Disponible en diferentes formatos: estuche de 4 botellas o caja de 6 o 12...","og_url":"https:\/\/gertuago.eus\/es\/producto\/sidra-natural-y-sidra-vasca\/","og_site_name":"Gertuago","og_image":[{"width":2500,"height":1667,"url":"https:\/\/gertuago.eus\/wp-content\/uploads\/2021\/11\/442_01_01.jpg","type":"image\/jpeg"}],"twitter_card":"summary_large_image","twitter_misc":{"Tiempo de lectura":"1 minuto"},"schema":{"@context":"https:\/\/schema.org","@graph":[{"@type":"WebPage","@id":"https:\/\/gertuago.eus\/es\/producto\/sidra-natural-y-sidra-vasca\/","url":"https:\/\/gertuago.eus\/es\/producto\/sidra-natural-y-sidra-vasca\/","name":"Sidra natural y Sidra vasca - Gertuago","isPartOf":{"@id":"https:\/\/gertuago.eus\/es\/#website"},"primaryImageOfPage":{"@id":"https:\/\/gertuago.eus\/es\/producto\/sidra-natural-y-sidra-vasca\/#primaryimage"},"image":{"@id":"https:\/\/gertuago.eus\/es\/producto\/sidra-natural-y-sidra-vasca\/#primaryimage"},"thumbnailUrl":"https:\/\/gertuago.eus\/wp-content\/uploads\/2021\/11\/442_01_01.jpg","datePublished":"2021-11-17T18:48:25+00:00","breadcrumb":{"@id":"https:\/\/gertuago.eus\/es\/producto\/sidra-natural-y-sidra-vasca\/#breadcrumb"},"inLanguage":"es","potentialAction":[{"@type":"ReadAction","target":["https:\/\/gertuago.eus\/es\/producto\/sidra-natural-y-sidra-vasca\/"]}]},{"@type":"ImageObject","inLanguage":"es","@id":"https:\/\/gertuago.eus\/es\/producto\/sidra-natural-y-sidra-vasca\/#primaryimage","url":"https:\/\/gertuago.eus\/wp-content\/uploads\/2021\/11\/442_01_01.jpg","contentUrl":"https:\/\/gertuago.eus\/wp-content\/uploads\/2021\/11\/442_01_01.jpg","width":2500,"height":1667},{"@type":"BreadcrumbList","@id":"https:\/\/gertuago.eus\/es\/producto\/sidra-natural-y-sidra-vasca\/#breadcrumb","itemListElement":[{"@type":"ListItem","position":1,"name":"Home","item":"https:\/\/gertuago.eus\/es\/"},{"@type":"ListItem","position":2,"name":"Dendak &#8211; woocommerce","item":"https:\/\/gertuago.eus\/eu\/dendak-woocommerce\/"},{"@type":"ListItem","position":3,"name":"Sidra natural y Sidra vasca"}]},{"@type":"WebSite","@id":"https:\/\/gertuago.eus\/es\/#website","url":"https:\/\/gertuago.eus\/es\/","name":"Gertuago","description":"Usurbil Merkataritza Bonoak","potentialAction":[{"@type":"SearchAction","target":{"@type":"EntryPoint","urlTemplate":"https:\/\/gertuago.eus\/es\/?s={search_term_string}"},"query-input":{"@type":"PropertyValueSpecification","valueRequired":true,"valueName":"search_term_string"}}],"inLanguage":"es"}]}},"_links":{"self":[{"href":"https:\/\/gertuago.eus\/es\/wp-json\/wp\/v2\/product\/29329","targetHints":{"allow":["GET"]}}],"collection":[{"href":"https:\/\/gertuago.eus\/es\/wp-json\/wp\/v2\/product"}],"about":[{"href":"https:\/\/gertuago.eus\/es\/wp-json\/wp\/v2\/types\/product"}],"wp:featuredmedia":[{"embeddable":true,"href":"https:\/\/gertuago.eus\/es\/wp-json\/wp\/v2\/media\/29330"}],"wp:attachment":[{"href":"https:\/\/gertuago.eus\/es\/wp-json\/wp\/v2\/media?parent=29329"}],"wp:term":[{"taxonomy":"product_brand","embeddable":true,"href":"https:\/\/gertuago.eus\/es\/wp-json\/wp\/v2\/product_brand?post=29329"},{"taxonomy":"product_cat","embeddable":true,"href":"https:\/\/gertuago.eus\/es\/wp-json\/wp\/v2\/product_cat?post=29329"},{"taxonomy":"product_tag","embeddable":true,"href":"https:\/\/gertuago.eus\/es\/wp-json\/wp\/v2\/product_tag?post=29329"}],"curies":[{"name":"wp","href":"https:\/\/api.w.org\/{rel}","templated":true}]}}