{"id":29261,"date":"2021-11-17T18:45:07","date_gmt":"2021-11-17T18:45:08","guid":{"rendered":"https:\/\/gertuago.eus\/produktua\/pilates-terapeutico\/"},"modified":"2021-11-17T18:45:08","modified_gmt":"2021-11-17T18:45:08","slug":"pilates-terapeutico","status":"publish","type":"product","link":"https:\/\/gertuago.eus\/es\/producto\/pilates-terapeutico\/","title":{"rendered":"Pilates terap\u00e9utico"},"content":{"rendered":"<p>Algunos de los objetivos del pilates terap\u00e9utico son: hacer que se sientan m\u00e1s fuertes, ganar flexibilidad, equilibrio y agilidad&#8230; Estas sesiones son dirigidas por un fisioterapeuta especialista en pilates, formado en la AEFEP de Madrid (Asocioaci\u00f3n Espa\u00f1ola de Fisioterapia Expertos en Pilates). En primer lugar, se tienen en cuenta las lesiones o dolencias que uno pueda sufrir. Por ello, otorgan especial importancia a su situaci\u00f3n personal, realizando una valoraci\u00f3n individual (gratuitamente) antes de integrarse en el grupo. Los grupos son de un m\u00ednimo de 4 y un m\u00e1ximo de 6 personas, con el objetivo de ofrecer un trato m\u00e1s personal.<\/p>\n","protected":false},"excerpt":{"rendered":"<p>Algunos de los objetivos del pilates terap\u00e9utico son: hacer que se sientan m\u00e1s fuertes, ganar flexibilidad, equilibrio y agilidad&#8230; Estas sesiones son dirigidas por un fisioterapeuta especialista en pilates, formado en la AEFEP de Madrid (Asocioaci\u00f3n Espa\u00f1ola de Fisioterapia Expertos en Pilates). En primer lugar, se tienen en cuenta las lesiones o dolencias que uno&#8230;<\/p>\n","protected":false},"featured_media":38077,"template":"","meta":{"_acf_changed":false},"product_brand":[],"product_cat":[111],"product_tag":[],"class_list":{"0":"post-29261","1":"product","2":"type-product","3":"status-publish","4":"has-post-thumbnail","6":"product_cat-osasuna-eta-ongizatea-es","8":"first","9":"instock","10":"taxable","11":"shipping-taxable","12":"product-type-simple"},"acf":[],"yoast_head":"<!-- This site is optimized with the Yoast SEO plugin v26.7 - https:\/\/yoast.com\/wordpress\/plugins\/seo\/ -->\n<title>Pilates terap\u00e9utico - Gertuago<\/title>\n<meta name=\"robots\" content=\"index, follow, max-snippet:-1, max-image-preview:large, max-video-preview:-1\" \/>\n<link rel=\"canonical\" href=\"https:\/\/gertuago.eus\/es\/producto\/pilates-terapeutico\/\" \/>\n<meta property=\"og:locale\" content=\"es_ES\" \/>\n<meta property=\"og:type\" content=\"article\" \/>\n<meta property=\"og:title\" content=\"Pilates terap\u00e9utico - Gertuago\" \/>\n<meta property=\"og:description\" content=\"Algunos de los objetivos del pilates terap\u00e9utico son: hacer que se sientan m\u00e1s fuertes, ganar flexibilidad, equilibrio y agilidad&#8230; Estas sesiones son dirigidas por un fisioterapeuta especialista en pilates, formado en la AEFEP de Madrid (Asocioaci\u00f3n Espa\u00f1ola de Fisioterapia Expertos en Pilates). En primer lugar, se tienen en cuenta las lesiones o dolencias que uno...\" \/>\n<meta property=\"og:url\" content=\"https:\/\/gertuago.eus\/es\/producto\/pilates-terapeutico\/\" \/>\n<meta property=\"og:site_name\" content=\"Gertuago\" \/>\n<meta property=\"og:image\" content=\"https:\/\/gertuago.eus\/wp-content\/uploads\/2021\/11\/336_04_01.jpg\" \/>\n\t<meta property=\"og:image:width\" content=\"1251\" \/>\n\t<meta property=\"og:image:height\" content=\"773\" \/>\n\t<meta property=\"og:image:type\" content=\"image\/jpeg\" \/>\n<meta name=\"twitter:card\" content=\"summary_large_image\" \/>\n<meta name=\"twitter:label1\" content=\"Tiempo de lectura\" \/>\n\t<meta name=\"twitter:data1\" content=\"1 minuto\" \/>\n<script type=\"application\/ld+json\" class=\"yoast-schema-graph\">{\"@context\":\"https:\/\/schema.org\",\"@graph\":[{\"@type\":\"WebPage\",\"@id\":\"https:\/\/gertuago.eus\/es\/producto\/pilates-terapeutico\/\",\"url\":\"https:\/\/gertuago.eus\/es\/producto\/pilates-terapeutico\/\",\"name\":\"Pilates terap\u00e9utico - Gertuago\",\"isPartOf\":{\"@id\":\"https:\/\/gertuago.eus\/es\/#website\"},\"primaryImageOfPage\":{\"@id\":\"https:\/\/gertuago.eus\/es\/producto\/pilates-terapeutico\/#primaryimage\"},\"image\":{\"@id\":\"https:\/\/gertuago.eus\/es\/producto\/pilates-terapeutico\/#primaryimage\"},\"thumbnailUrl\":\"https:\/\/gertuago.eus\/wp-content\/uploads\/2021\/11\/PILATES-TERAPEUTIKOA.jpg\",\"datePublished\":\"2021-11-17T18:45:08+00:00\",\"breadcrumb\":{\"@id\":\"https:\/\/gertuago.eus\/es\/producto\/pilates-terapeutico\/#breadcrumb\"},\"inLanguage\":\"es\",\"potentialAction\":[{\"@type\":\"ReadAction\",\"target\":[\"https:\/\/gertuago.eus\/es\/producto\/pilates-terapeutico\/\"]}]},{\"@type\":\"ImageObject\",\"inLanguage\":\"es\",\"@id\":\"https:\/\/gertuago.eus\/es\/producto\/pilates-terapeutico\/#primaryimage\",\"url\":\"https:\/\/gertuago.eus\/wp-content\/uploads\/2021\/11\/PILATES-TERAPEUTIKOA.jpg\",\"contentUrl\":\"https:\/\/gertuago.eus\/wp-content\/uploads\/2021\/11\/PILATES-TERAPEUTIKOA.jpg\",\"width\":1920,\"height\":1280,\"caption\":\"Processed with VSCO with a6 preset\"},{\"@type\":\"BreadcrumbList\",\"@id\":\"https:\/\/gertuago.eus\/es\/producto\/pilates-terapeutico\/#breadcrumb\",\"itemListElement\":[{\"@type\":\"ListItem\",\"position\":1,\"name\":\"Home\",\"item\":\"https:\/\/gertuago.eus\/es\/\"},{\"@type\":\"ListItem\",\"position\":2,\"name\":\"Dendak &#8211; woocommerce\",\"item\":\"https:\/\/gertuago.eus\/eu\/dendak-woocommerce\/\"},{\"@type\":\"ListItem\",\"position\":3,\"name\":\"Pilates terap\u00e9utico\"}]},{\"@type\":\"WebSite\",\"@id\":\"https:\/\/gertuago.eus\/es\/#website\",\"url\":\"https:\/\/gertuago.eus\/es\/\",\"name\":\"Gertuago\",\"description\":\"Usurbil Merkataritza Bonoak\",\"potentialAction\":[{\"@type\":\"SearchAction\",\"target\":{\"@type\":\"EntryPoint\",\"urlTemplate\":\"https:\/\/gertuago.eus\/es\/?s={search_term_string}\"},\"query-input\":{\"@type\":\"PropertyValueSpecification\",\"valueRequired\":true,\"valueName\":\"search_term_string\"}}],\"inLanguage\":\"es\"}]}<\/script>\n<!-- \/ Yoast SEO plugin. -->","yoast_head_json":{"title":"Pilates terap\u00e9utico - Gertuago","robots":{"index":"index","follow":"follow","max-snippet":"max-snippet:-1","max-image-preview":"max-image-preview:large","max-video-preview":"max-video-preview:-1"},"canonical":"https:\/\/gertuago.eus\/es\/producto\/pilates-terapeutico\/","og_locale":"es_ES","og_type":"article","og_title":"Pilates terap\u00e9utico - Gertuago","og_description":"Algunos de los objetivos del pilates terap\u00e9utico son: hacer que se sientan m\u00e1s fuertes, ganar flexibilidad, equilibrio y agilidad&#8230; Estas sesiones son dirigidas por un fisioterapeuta especialista en pilates, formado en la AEFEP de Madrid (Asocioaci\u00f3n Espa\u00f1ola de Fisioterapia Expertos en Pilates). En primer lugar, se tienen en cuenta las lesiones o dolencias que uno...","og_url":"https:\/\/gertuago.eus\/es\/producto\/pilates-terapeutico\/","og_site_name":"Gertuago","og_image":[{"width":1251,"height":773,"url":"https:\/\/gertuago.eus\/wp-content\/uploads\/2021\/11\/336_04_01.jpg","type":"image\/jpeg"}],"twitter_card":"summary_large_image","twitter_misc":{"Tiempo de lectura":"1 minuto"},"schema":{"@context":"https:\/\/schema.org","@graph":[{"@type":"WebPage","@id":"https:\/\/gertuago.eus\/es\/producto\/pilates-terapeutico\/","url":"https:\/\/gertuago.eus\/es\/producto\/pilates-terapeutico\/","name":"Pilates terap\u00e9utico - Gertuago","isPartOf":{"@id":"https:\/\/gertuago.eus\/es\/#website"},"primaryImageOfPage":{"@id":"https:\/\/gertuago.eus\/es\/producto\/pilates-terapeutico\/#primaryimage"},"image":{"@id":"https:\/\/gertuago.eus\/es\/producto\/pilates-terapeutico\/#primaryimage"},"thumbnailUrl":"https:\/\/gertuago.eus\/wp-content\/uploads\/2021\/11\/PILATES-TERAPEUTIKOA.jpg","datePublished":"2021-11-17T18:45:08+00:00","breadcrumb":{"@id":"https:\/\/gertuago.eus\/es\/producto\/pilates-terapeutico\/#breadcrumb"},"inLanguage":"es","potentialAction":[{"@type":"ReadAction","target":["https:\/\/gertuago.eus\/es\/producto\/pilates-terapeutico\/"]}]},{"@type":"ImageObject","inLanguage":"es","@id":"https:\/\/gertuago.eus\/es\/producto\/pilates-terapeutico\/#primaryimage","url":"https:\/\/gertuago.eus\/wp-content\/uploads\/2021\/11\/PILATES-TERAPEUTIKOA.jpg","contentUrl":"https:\/\/gertuago.eus\/wp-content\/uploads\/2021\/11\/PILATES-TERAPEUTIKOA.jpg","width":1920,"height":1280,"caption":"Processed with VSCO with a6 preset"},{"@type":"BreadcrumbList","@id":"https:\/\/gertuago.eus\/es\/producto\/pilates-terapeutico\/#breadcrumb","itemListElement":[{"@type":"ListItem","position":1,"name":"Home","item":"https:\/\/gertuago.eus\/es\/"},{"@type":"ListItem","position":2,"name":"Dendak &#8211; woocommerce","item":"https:\/\/gertuago.eus\/eu\/dendak-woocommerce\/"},{"@type":"ListItem","position":3,"name":"Pilates terap\u00e9utico"}]},{"@type":"WebSite","@id":"https:\/\/gertuago.eus\/es\/#website","url":"https:\/\/gertuago.eus\/es\/","name":"Gertuago","description":"Usurbil Merkataritza Bonoak","potentialAction":[{"@type":"SearchAction","target":{"@type":"EntryPoint","urlTemplate":"https:\/\/gertuago.eus\/es\/?s={search_term_string}"},"query-input":{"@type":"PropertyValueSpecification","valueRequired":true,"valueName":"search_term_string"}}],"inLanguage":"es"}]}},"_links":{"self":[{"href":"https:\/\/gertuago.eus\/es\/wp-json\/wp\/v2\/product\/29261","targetHints":{"allow":["GET"]}}],"collection":[{"href":"https:\/\/gertuago.eus\/es\/wp-json\/wp\/v2\/product"}],"about":[{"href":"https:\/\/gertuago.eus\/es\/wp-json\/wp\/v2\/types\/product"}],"wp:featuredmedia":[{"embeddable":true,"href":"https:\/\/gertuago.eus\/es\/wp-json\/wp\/v2\/media\/38077"}],"wp:attachment":[{"href":"https:\/\/gertuago.eus\/es\/wp-json\/wp\/v2\/media?parent=29261"}],"wp:term":[{"taxonomy":"product_brand","embeddable":true,"href":"https:\/\/gertuago.eus\/es\/wp-json\/wp\/v2\/product_brand?post=29261"},{"taxonomy":"product_cat","embeddable":true,"href":"https:\/\/gertuago.eus\/es\/wp-json\/wp\/v2\/product_cat?post=29261"},{"taxonomy":"product_tag","embeddable":true,"href":"https:\/\/gertuago.eus\/es\/wp-json\/wp\/v2\/product_tag?post=29261"}],"curies":[{"name":"wp","href":"https:\/\/api.w.org\/{rel}","templated":true}]}}