{"id":29253,"date":"2021-11-17T18:44:49","date_gmt":"2021-11-17T18:44:49","guid":{"rendered":"https:\/\/gertuago.eus\/produktua\/preparacion-de-pre-y-post-parto\/"},"modified":"2021-11-17T18:44:49","modified_gmt":"2021-11-17T18:44:49","slug":"preparacion-de-pre-y-post-parto","status":"publish","type":"product","link":"https:\/\/gertuago.eus\/es\/producto\/preparacion-de-pre-y-post-parto\/","title":{"rendered":"Preparaci\u00f3n de pre- y post-parto"},"content":{"rendered":"<p>En el centro IRATI Ibargoien se imparte formaci\u00f3n con el objetivo de preparar el cuerpo de la madre para el momento del parto y tambi\u00e9n a la persona que est\u00e9 al lado en ese proceso. Este servicio se ofrece tanto de forma individual como colectiva. Esta formaci\u00f3n est\u00e1 impartida por un fisioterapeuta especialista en fisioterapia obst\u00e9trica y uroginecolog\u00eda y una psic\u00f3loga.<\/p>\n","protected":false},"excerpt":{"rendered":"<p>En el centro IRATI Ibargoien se imparte formaci\u00f3n con el objetivo de preparar el cuerpo de la madre para el momento del parto y tambi\u00e9n a la persona que est\u00e9 al lado en ese proceso. Este servicio se ofrece tanto de forma individual como colectiva. Esta formaci\u00f3n est\u00e1 impartida por un fisioterapeuta especialista en fisioterapia&#8230;<\/p>\n","protected":false},"featured_media":29254,"template":"","meta":{"_acf_changed":false},"product_brand":[],"product_cat":[],"product_tag":[],"class_list":{"0":"post-29253","1":"product","2":"type-product","3":"status-publish","4":"has-post-thumbnail","7":"first","8":"instock","9":"taxable","10":"shipping-taxable","11":"product-type-simple"},"acf":[],"yoast_head":"<!-- This site is optimized with the Yoast SEO plugin v26.7 - https:\/\/yoast.com\/wordpress\/plugins\/seo\/ -->\n<title>Preparaci\u00f3n de pre- y post-parto - Gertuago<\/title>\n<meta name=\"robots\" content=\"index, follow, max-snippet:-1, max-image-preview:large, max-video-preview:-1\" \/>\n<link rel=\"canonical\" href=\"https:\/\/gertuago.eus\/es\/producto\/preparacion-de-pre-y-post-parto\/\" \/>\n<meta property=\"og:locale\" content=\"es_ES\" \/>\n<meta property=\"og:type\" content=\"article\" \/>\n<meta property=\"og:title\" content=\"Preparaci\u00f3n de pre- y post-parto - Gertuago\" \/>\n<meta property=\"og:description\" content=\"En el centro IRATI Ibargoien se imparte formaci\u00f3n con el objetivo de preparar el cuerpo de la madre para el momento del parto y tambi\u00e9n a la persona que est\u00e9 al lado en ese proceso. Este servicio se ofrece tanto de forma individual como colectiva. Esta formaci\u00f3n est\u00e1 impartida por un fisioterapeuta especialista en fisioterapia...\" \/>\n<meta property=\"og:url\" content=\"https:\/\/gertuago.eus\/es\/producto\/preparacion-de-pre-y-post-parto\/\" \/>\n<meta property=\"og:site_name\" content=\"Gertuago\" \/>\n<meta property=\"og:image\" content=\"https:\/\/gertuago.eus\/wp-content\/uploads\/2021\/11\/336_03_01.jpg\" \/>\n\t<meta property=\"og:image:width\" content=\"1920\" \/>\n\t<meta property=\"og:image:height\" content=\"1280\" \/>\n\t<meta property=\"og:image:type\" content=\"image\/jpeg\" \/>\n<meta name=\"twitter:card\" content=\"summary_large_image\" \/>\n<script type=\"application\/ld+json\" class=\"yoast-schema-graph\">{\"@context\":\"https:\/\/schema.org\",\"@graph\":[{\"@type\":\"WebPage\",\"@id\":\"https:\/\/gertuago.eus\/es\/producto\/preparacion-de-pre-y-post-parto\/\",\"url\":\"https:\/\/gertuago.eus\/es\/producto\/preparacion-de-pre-y-post-parto\/\",\"name\":\"Preparaci\u00f3n de pre- y post-parto - Gertuago\",\"isPartOf\":{\"@id\":\"https:\/\/gertuago.eus\/es\/#website\"},\"primaryImageOfPage\":{\"@id\":\"https:\/\/gertuago.eus\/es\/producto\/preparacion-de-pre-y-post-parto\/#primaryimage\"},\"image\":{\"@id\":\"https:\/\/gertuago.eus\/es\/producto\/preparacion-de-pre-y-post-parto\/#primaryimage\"},\"thumbnailUrl\":\"https:\/\/gertuago.eus\/wp-content\/uploads\/2021\/11\/336_03_01.jpg\",\"datePublished\":\"2021-11-17T18:44:49+00:00\",\"breadcrumb\":{\"@id\":\"https:\/\/gertuago.eus\/es\/producto\/preparacion-de-pre-y-post-parto\/#breadcrumb\"},\"inLanguage\":\"es\",\"potentialAction\":[{\"@type\":\"ReadAction\",\"target\":[\"https:\/\/gertuago.eus\/es\/producto\/preparacion-de-pre-y-post-parto\/\"]}]},{\"@type\":\"ImageObject\",\"inLanguage\":\"es\",\"@id\":\"https:\/\/gertuago.eus\/es\/producto\/preparacion-de-pre-y-post-parto\/#primaryimage\",\"url\":\"https:\/\/gertuago.eus\/wp-content\/uploads\/2021\/11\/336_03_01.jpg\",\"contentUrl\":\"https:\/\/gertuago.eus\/wp-content\/uploads\/2021\/11\/336_03_01.jpg\",\"width\":1920,\"height\":1280},{\"@type\":\"BreadcrumbList\",\"@id\":\"https:\/\/gertuago.eus\/es\/producto\/preparacion-de-pre-y-post-parto\/#breadcrumb\",\"itemListElement\":[{\"@type\":\"ListItem\",\"position\":1,\"name\":\"Home\",\"item\":\"https:\/\/gertuago.eus\/es\/\"},{\"@type\":\"ListItem\",\"position\":2,\"name\":\"Dendak &#8211; woocommerce\",\"item\":\"https:\/\/gertuago.eus\/eu\/dendak-woocommerce\/\"},{\"@type\":\"ListItem\",\"position\":3,\"name\":\"Preparaci\u00f3n de pre- y post-parto\"}]},{\"@type\":\"WebSite\",\"@id\":\"https:\/\/gertuago.eus\/es\/#website\",\"url\":\"https:\/\/gertuago.eus\/es\/\",\"name\":\"Gertuago\",\"description\":\"Usurbil Merkataritza Bonoak\",\"potentialAction\":[{\"@type\":\"SearchAction\",\"target\":{\"@type\":\"EntryPoint\",\"urlTemplate\":\"https:\/\/gertuago.eus\/es\/?s={search_term_string}\"},\"query-input\":{\"@type\":\"PropertyValueSpecification\",\"valueRequired\":true,\"valueName\":\"search_term_string\"}}],\"inLanguage\":\"es\"}]}<\/script>\n<!-- \/ Yoast SEO plugin. -->","yoast_head_json":{"title":"Preparaci\u00f3n de pre- y post-parto - Gertuago","robots":{"index":"index","follow":"follow","max-snippet":"max-snippet:-1","max-image-preview":"max-image-preview:large","max-video-preview":"max-video-preview:-1"},"canonical":"https:\/\/gertuago.eus\/es\/producto\/preparacion-de-pre-y-post-parto\/","og_locale":"es_ES","og_type":"article","og_title":"Preparaci\u00f3n de pre- y post-parto - Gertuago","og_description":"En el centro IRATI Ibargoien se imparte formaci\u00f3n con el objetivo de preparar el cuerpo de la madre para el momento del parto y tambi\u00e9n a la persona que est\u00e9 al lado en ese proceso. Este servicio se ofrece tanto de forma individual como colectiva. Esta formaci\u00f3n est\u00e1 impartida por un fisioterapeuta especialista en fisioterapia...","og_url":"https:\/\/gertuago.eus\/es\/producto\/preparacion-de-pre-y-post-parto\/","og_site_name":"Gertuago","og_image":[{"width":1920,"height":1280,"url":"https:\/\/gertuago.eus\/wp-content\/uploads\/2021\/11\/336_03_01.jpg","type":"image\/jpeg"}],"twitter_card":"summary_large_image","schema":{"@context":"https:\/\/schema.org","@graph":[{"@type":"WebPage","@id":"https:\/\/gertuago.eus\/es\/producto\/preparacion-de-pre-y-post-parto\/","url":"https:\/\/gertuago.eus\/es\/producto\/preparacion-de-pre-y-post-parto\/","name":"Preparaci\u00f3n de pre- y post-parto - Gertuago","isPartOf":{"@id":"https:\/\/gertuago.eus\/es\/#website"},"primaryImageOfPage":{"@id":"https:\/\/gertuago.eus\/es\/producto\/preparacion-de-pre-y-post-parto\/#primaryimage"},"image":{"@id":"https:\/\/gertuago.eus\/es\/producto\/preparacion-de-pre-y-post-parto\/#primaryimage"},"thumbnailUrl":"https:\/\/gertuago.eus\/wp-content\/uploads\/2021\/11\/336_03_01.jpg","datePublished":"2021-11-17T18:44:49+00:00","breadcrumb":{"@id":"https:\/\/gertuago.eus\/es\/producto\/preparacion-de-pre-y-post-parto\/#breadcrumb"},"inLanguage":"es","potentialAction":[{"@type":"ReadAction","target":["https:\/\/gertuago.eus\/es\/producto\/preparacion-de-pre-y-post-parto\/"]}]},{"@type":"ImageObject","inLanguage":"es","@id":"https:\/\/gertuago.eus\/es\/producto\/preparacion-de-pre-y-post-parto\/#primaryimage","url":"https:\/\/gertuago.eus\/wp-content\/uploads\/2021\/11\/336_03_01.jpg","contentUrl":"https:\/\/gertuago.eus\/wp-content\/uploads\/2021\/11\/336_03_01.jpg","width":1920,"height":1280},{"@type":"BreadcrumbList","@id":"https:\/\/gertuago.eus\/es\/producto\/preparacion-de-pre-y-post-parto\/#breadcrumb","itemListElement":[{"@type":"ListItem","position":1,"name":"Home","item":"https:\/\/gertuago.eus\/es\/"},{"@type":"ListItem","position":2,"name":"Dendak &#8211; woocommerce","item":"https:\/\/gertuago.eus\/eu\/dendak-woocommerce\/"},{"@type":"ListItem","position":3,"name":"Preparaci\u00f3n de pre- y post-parto"}]},{"@type":"WebSite","@id":"https:\/\/gertuago.eus\/es\/#website","url":"https:\/\/gertuago.eus\/es\/","name":"Gertuago","description":"Usurbil Merkataritza Bonoak","potentialAction":[{"@type":"SearchAction","target":{"@type":"EntryPoint","urlTemplate":"https:\/\/gertuago.eus\/es\/?s={search_term_string}"},"query-input":{"@type":"PropertyValueSpecification","valueRequired":true,"valueName":"search_term_string"}}],"inLanguage":"es"}]}},"_links":{"self":[{"href":"https:\/\/gertuago.eus\/es\/wp-json\/wp\/v2\/product\/29253","targetHints":{"allow":["GET"]}}],"collection":[{"href":"https:\/\/gertuago.eus\/es\/wp-json\/wp\/v2\/product"}],"about":[{"href":"https:\/\/gertuago.eus\/es\/wp-json\/wp\/v2\/types\/product"}],"wp:featuredmedia":[{"embeddable":true,"href":"https:\/\/gertuago.eus\/es\/wp-json\/wp\/v2\/media\/29254"}],"wp:attachment":[{"href":"https:\/\/gertuago.eus\/es\/wp-json\/wp\/v2\/media?parent=29253"}],"wp:term":[{"taxonomy":"product_brand","embeddable":true,"href":"https:\/\/gertuago.eus\/es\/wp-json\/wp\/v2\/product_brand?post=29253"},{"taxonomy":"product_cat","embeddable":true,"href":"https:\/\/gertuago.eus\/es\/wp-json\/wp\/v2\/product_cat?post=29253"},{"taxonomy":"product_tag","embeddable":true,"href":"https:\/\/gertuago.eus\/es\/wp-json\/wp\/v2\/product_tag?post=29253"}],"curies":[{"name":"wp","href":"https:\/\/api.w.org\/{rel}","templated":true}]}}