{"id":28931,"date":"2021-11-17T18:31:59","date_gmt":"2021-11-17T18:32:00","guid":{"rendered":"https:\/\/gertuago.eus\/produktua\/tratamiento-para-evitar-el-acne\/"},"modified":"2021-11-17T18:32:00","modified_gmt":"2021-11-17T18:32:00","slug":"tratamiento-para-evitar-el-acne","status":"publish","type":"product","link":"https:\/\/gertuago.eus\/es\/producto\/tratamiento-para-evitar-el-acne\/","title":{"rendered":"Tratamiento para evitar el acn\u00e9"},"content":{"rendered":"<p>Productos de limpieza y correcci\u00f3n para pieles grasas. Por un lado el jab\u00f3n para tener siempre la piel limpia  con total suavidad, sin secarte la piel. Y por otro lado, la crema hidratante para mantenerte la  piel siempre hidratada.<\/p>\n","protected":false},"excerpt":{"rendered":"<p>Productos de limpieza y correcci\u00f3n para pieles grasas. Por un lado el jab\u00f3n para tener siempre la piel limpia con total suavidad, sin secarte la piel. Y por otro lado, la crema hidratante para mantenerte la piel siempre hidratada.<\/p>\n","protected":false},"featured_media":28933,"template":"","meta":{"_acf_changed":false},"product_brand":[],"product_cat":[],"product_tag":[],"class_list":{"0":"post-28931","1":"product","2":"type-product","3":"status-publish","4":"has-post-thumbnail","7":"first","8":"instock","9":"taxable","10":"shipping-taxable","11":"product-type-simple"},"acf":[],"yoast_head":"<!-- This site is optimized with the Yoast SEO plugin v26.7 - https:\/\/yoast.com\/wordpress\/plugins\/seo\/ -->\n<title>Tratamiento para evitar el acn\u00e9 - Gertuago<\/title>\n<meta name=\"robots\" content=\"index, follow, max-snippet:-1, max-image-preview:large, max-video-preview:-1\" \/>\n<link rel=\"canonical\" href=\"https:\/\/gertuago.eus\/es\/producto\/tratamiento-para-evitar-el-acne\/\" \/>\n<meta property=\"og:locale\" content=\"es_ES\" \/>\n<meta property=\"og:type\" content=\"article\" \/>\n<meta property=\"og:title\" content=\"Tratamiento para evitar el acn\u00e9 - Gertuago\" \/>\n<meta property=\"og:description\" content=\"Productos de limpieza y correcci\u00f3n para pieles grasas. Por un lado el jab\u00f3n para tener siempre la piel limpia con total suavidad, sin secarte la piel. Y por otro lado, la crema hidratante para mantenerte la piel siempre hidratada.\" \/>\n<meta property=\"og:url\" content=\"https:\/\/gertuago.eus\/es\/producto\/tratamiento-para-evitar-el-acne\/\" \/>\n<meta property=\"og:site_name\" content=\"Gertuago\" \/>\n<meta property=\"og:image\" content=\"https:\/\/gertuago.eus\/wp-content\/uploads\/2021\/11\/4558_08_01.jpg\" \/>\n\t<meta property=\"og:image:width\" content=\"2500\" \/>\n\t<meta property=\"og:image:height\" content=\"1875\" \/>\n\t<meta property=\"og:image:type\" content=\"image\/jpeg\" \/>\n<meta name=\"twitter:card\" content=\"summary_large_image\" \/>\n<script type=\"application\/ld+json\" class=\"yoast-schema-graph\">{\"@context\":\"https:\/\/schema.org\",\"@graph\":[{\"@type\":\"WebPage\",\"@id\":\"https:\/\/gertuago.eus\/es\/producto\/tratamiento-para-evitar-el-acne\/\",\"url\":\"https:\/\/gertuago.eus\/es\/producto\/tratamiento-para-evitar-el-acne\/\",\"name\":\"Tratamiento para evitar el acn\u00e9 - Gertuago\",\"isPartOf\":{\"@id\":\"https:\/\/gertuago.eus\/es\/#website\"},\"primaryImageOfPage\":{\"@id\":\"https:\/\/gertuago.eus\/es\/producto\/tratamiento-para-evitar-el-acne\/#primaryimage\"},\"image\":{\"@id\":\"https:\/\/gertuago.eus\/es\/producto\/tratamiento-para-evitar-el-acne\/#primaryimage\"},\"thumbnailUrl\":\"https:\/\/gertuago.eus\/wp-content\/uploads\/2021\/11\/4558_08_01.jpg\",\"datePublished\":\"2021-11-17T18:32:00+00:00\",\"breadcrumb\":{\"@id\":\"https:\/\/gertuago.eus\/es\/producto\/tratamiento-para-evitar-el-acne\/#breadcrumb\"},\"inLanguage\":\"es\",\"potentialAction\":[{\"@type\":\"ReadAction\",\"target\":[\"https:\/\/gertuago.eus\/es\/producto\/tratamiento-para-evitar-el-acne\/\"]}]},{\"@type\":\"ImageObject\",\"inLanguage\":\"es\",\"@id\":\"https:\/\/gertuago.eus\/es\/producto\/tratamiento-para-evitar-el-acne\/#primaryimage\",\"url\":\"https:\/\/gertuago.eus\/wp-content\/uploads\/2021\/11\/4558_08_01.jpg\",\"contentUrl\":\"https:\/\/gertuago.eus\/wp-content\/uploads\/2021\/11\/4558_08_01.jpg\",\"width\":2500,\"height\":1875},{\"@type\":\"BreadcrumbList\",\"@id\":\"https:\/\/gertuago.eus\/es\/producto\/tratamiento-para-evitar-el-acne\/#breadcrumb\",\"itemListElement\":[{\"@type\":\"ListItem\",\"position\":1,\"name\":\"Home\",\"item\":\"https:\/\/gertuago.eus\/es\/\"},{\"@type\":\"ListItem\",\"position\":2,\"name\":\"Dendak &#8211; woocommerce\",\"item\":\"https:\/\/gertuago.eus\/eu\/dendak-woocommerce\/\"},{\"@type\":\"ListItem\",\"position\":3,\"name\":\"Tratamiento para evitar el acn\u00e9\"}]},{\"@type\":\"WebSite\",\"@id\":\"https:\/\/gertuago.eus\/es\/#website\",\"url\":\"https:\/\/gertuago.eus\/es\/\",\"name\":\"Gertuago\",\"description\":\"Usurbil Merkataritza Bonoak\",\"potentialAction\":[{\"@type\":\"SearchAction\",\"target\":{\"@type\":\"EntryPoint\",\"urlTemplate\":\"https:\/\/gertuago.eus\/es\/?s={search_term_string}\"},\"query-input\":{\"@type\":\"PropertyValueSpecification\",\"valueRequired\":true,\"valueName\":\"search_term_string\"}}],\"inLanguage\":\"es\"}]}<\/script>\n<!-- \/ Yoast SEO plugin. -->","yoast_head_json":{"title":"Tratamiento para evitar el acn\u00e9 - Gertuago","robots":{"index":"index","follow":"follow","max-snippet":"max-snippet:-1","max-image-preview":"max-image-preview:large","max-video-preview":"max-video-preview:-1"},"canonical":"https:\/\/gertuago.eus\/es\/producto\/tratamiento-para-evitar-el-acne\/","og_locale":"es_ES","og_type":"article","og_title":"Tratamiento para evitar el acn\u00e9 - Gertuago","og_description":"Productos de limpieza y correcci\u00f3n para pieles grasas. Por un lado el jab\u00f3n para tener siempre la piel limpia con total suavidad, sin secarte la piel. Y por otro lado, la crema hidratante para mantenerte la piel siempre hidratada.","og_url":"https:\/\/gertuago.eus\/es\/producto\/tratamiento-para-evitar-el-acne\/","og_site_name":"Gertuago","og_image":[{"width":2500,"height":1875,"url":"https:\/\/gertuago.eus\/wp-content\/uploads\/2021\/11\/4558_08_01.jpg","type":"image\/jpeg"}],"twitter_card":"summary_large_image","schema":{"@context":"https:\/\/schema.org","@graph":[{"@type":"WebPage","@id":"https:\/\/gertuago.eus\/es\/producto\/tratamiento-para-evitar-el-acne\/","url":"https:\/\/gertuago.eus\/es\/producto\/tratamiento-para-evitar-el-acne\/","name":"Tratamiento para evitar el acn\u00e9 - Gertuago","isPartOf":{"@id":"https:\/\/gertuago.eus\/es\/#website"},"primaryImageOfPage":{"@id":"https:\/\/gertuago.eus\/es\/producto\/tratamiento-para-evitar-el-acne\/#primaryimage"},"image":{"@id":"https:\/\/gertuago.eus\/es\/producto\/tratamiento-para-evitar-el-acne\/#primaryimage"},"thumbnailUrl":"https:\/\/gertuago.eus\/wp-content\/uploads\/2021\/11\/4558_08_01.jpg","datePublished":"2021-11-17T18:32:00+00:00","breadcrumb":{"@id":"https:\/\/gertuago.eus\/es\/producto\/tratamiento-para-evitar-el-acne\/#breadcrumb"},"inLanguage":"es","potentialAction":[{"@type":"ReadAction","target":["https:\/\/gertuago.eus\/es\/producto\/tratamiento-para-evitar-el-acne\/"]}]},{"@type":"ImageObject","inLanguage":"es","@id":"https:\/\/gertuago.eus\/es\/producto\/tratamiento-para-evitar-el-acne\/#primaryimage","url":"https:\/\/gertuago.eus\/wp-content\/uploads\/2021\/11\/4558_08_01.jpg","contentUrl":"https:\/\/gertuago.eus\/wp-content\/uploads\/2021\/11\/4558_08_01.jpg","width":2500,"height":1875},{"@type":"BreadcrumbList","@id":"https:\/\/gertuago.eus\/es\/producto\/tratamiento-para-evitar-el-acne\/#breadcrumb","itemListElement":[{"@type":"ListItem","position":1,"name":"Home","item":"https:\/\/gertuago.eus\/es\/"},{"@type":"ListItem","position":2,"name":"Dendak &#8211; woocommerce","item":"https:\/\/gertuago.eus\/eu\/dendak-woocommerce\/"},{"@type":"ListItem","position":3,"name":"Tratamiento para evitar el acn\u00e9"}]},{"@type":"WebSite","@id":"https:\/\/gertuago.eus\/es\/#website","url":"https:\/\/gertuago.eus\/es\/","name":"Gertuago","description":"Usurbil Merkataritza Bonoak","potentialAction":[{"@type":"SearchAction","target":{"@type":"EntryPoint","urlTemplate":"https:\/\/gertuago.eus\/es\/?s={search_term_string}"},"query-input":{"@type":"PropertyValueSpecification","valueRequired":true,"valueName":"search_term_string"}}],"inLanguage":"es"}]}},"_links":{"self":[{"href":"https:\/\/gertuago.eus\/es\/wp-json\/wp\/v2\/product\/28931","targetHints":{"allow":["GET"]}}],"collection":[{"href":"https:\/\/gertuago.eus\/es\/wp-json\/wp\/v2\/product"}],"about":[{"href":"https:\/\/gertuago.eus\/es\/wp-json\/wp\/v2\/types\/product"}],"wp:featuredmedia":[{"embeddable":true,"href":"https:\/\/gertuago.eus\/es\/wp-json\/wp\/v2\/media\/28933"}],"wp:attachment":[{"href":"https:\/\/gertuago.eus\/es\/wp-json\/wp\/v2\/media?parent=28931"}],"wp:term":[{"taxonomy":"product_brand","embeddable":true,"href":"https:\/\/gertuago.eus\/es\/wp-json\/wp\/v2\/product_brand?post=28931"},{"taxonomy":"product_cat","embeddable":true,"href":"https:\/\/gertuago.eus\/es\/wp-json\/wp\/v2\/product_cat?post=28931"},{"taxonomy":"product_tag","embeddable":true,"href":"https:\/\/gertuago.eus\/es\/wp-json\/wp\/v2\/product_tag?post=28931"}],"curies":[{"name":"wp","href":"https:\/\/api.w.org\/{rel}","templated":true}]}}