{"id":28903,"date":"2021-11-17T18:30:49","date_gmt":"2021-11-17T18:30:49","guid":{"rendered":"https:\/\/gertuago.eus\/produktua\/cajas-de-regalos-para-ninos\/"},"modified":"2021-11-17T18:30:49","modified_gmt":"2021-11-17T18:30:49","slug":"cajas-de-regalos-para-ninos","status":"publish","type":"product","link":"https:\/\/gertuago.eus\/es\/producto\/cajas-de-regalos-para-ninos\/","title":{"rendered":"Cajas de regalos para ni\u00f1os"},"content":{"rendered":"<p>Si buscas un bonito y \u00fatil regalo para los ni\u00f1os tienes a tu disposici\u00f3n estas magn\u00edficas cajas de colonias y con  otros productos higi\u00e9nicos.<\/p>\n","protected":false},"excerpt":{"rendered":"<p>Si buscas un bonito y \u00fatil regalo para los ni\u00f1os tienes a tu disposici\u00f3n estas magn\u00edficas cajas de colonias y con otros productos higi\u00e9nicos.<\/p>\n","protected":false},"featured_media":28904,"template":"","meta":{"_acf_changed":false},"product_brand":[],"product_cat":[],"product_tag":[],"class_list":{"0":"post-28903","1":"product","2":"type-product","3":"status-publish","4":"has-post-thumbnail","7":"first","8":"instock","9":"taxable","10":"shipping-taxable","11":"product-type-simple"},"acf":[],"yoast_head":"<!-- This site is optimized with the Yoast SEO plugin v27.5 - https:\/\/yoast.com\/product\/yoast-seo-wordpress\/ -->\n<title>Cajas de regalos para ni\u00f1os - Gertuago<\/title>\n<meta name=\"robots\" content=\"index, follow, max-snippet:-1, max-image-preview:large, max-video-preview:-1\" \/>\n<link rel=\"canonical\" href=\"https:\/\/gertuago.eus\/es\/producto\/cajas-de-regalos-para-ninos\/\" \/>\n<meta property=\"og:locale\" content=\"es_ES\" \/>\n<meta property=\"og:type\" content=\"article\" \/>\n<meta property=\"og:title\" content=\"Cajas de regalos para ni\u00f1os - Gertuago\" \/>\n<meta property=\"og:description\" content=\"Si buscas un bonito y \u00fatil regalo para los ni\u00f1os tienes a tu disposici\u00f3n estas magn\u00edficas cajas de colonias y con otros productos higi\u00e9nicos.\" \/>\n<meta property=\"og:url\" content=\"https:\/\/gertuago.eus\/es\/producto\/cajas-de-regalos-para-ninos\/\" \/>\n<meta property=\"og:site_name\" content=\"Gertuago\" \/>\n<meta property=\"og:image\" content=\"https:\/\/gertuago.eus\/wp-content\/uploads\/2021\/11\/4558_03_01.jpg\" \/>\n\t<meta property=\"og:image:width\" content=\"2500\" \/>\n\t<meta property=\"og:image:height\" content=\"1875\" \/>\n\t<meta property=\"og:image:type\" content=\"image\/jpeg\" \/>\n<meta name=\"twitter:card\" content=\"summary_large_image\" \/>\n<script type=\"application\/ld+json\" class=\"yoast-schema-graph\">{\"@context\":\"https:\\\/\\\/schema.org\",\"@graph\":[{\"@type\":\"WebPage\",\"@id\":\"https:\\\/\\\/gertuago.eus\\\/es\\\/producto\\\/cajas-de-regalos-para-ninos\\\/\",\"url\":\"https:\\\/\\\/gertuago.eus\\\/es\\\/producto\\\/cajas-de-regalos-para-ninos\\\/\",\"name\":\"Cajas de regalos para ni\u00f1os - Gertuago\",\"isPartOf\":{\"@id\":\"https:\\\/\\\/gertuago.eus\\\/es\\\/#website\"},\"primaryImageOfPage\":{\"@id\":\"https:\\\/\\\/gertuago.eus\\\/es\\\/producto\\\/cajas-de-regalos-para-ninos\\\/#primaryimage\"},\"image\":{\"@id\":\"https:\\\/\\\/gertuago.eus\\\/es\\\/producto\\\/cajas-de-regalos-para-ninos\\\/#primaryimage\"},\"thumbnailUrl\":\"https:\\\/\\\/gertuago.eus\\\/wp-content\\\/uploads\\\/2021\\\/11\\\/4558_03_01.jpg\",\"datePublished\":\"2021-11-17T18:30:49+00:00\",\"breadcrumb\":{\"@id\":\"https:\\\/\\\/gertuago.eus\\\/es\\\/producto\\\/cajas-de-regalos-para-ninos\\\/#breadcrumb\"},\"inLanguage\":\"es\",\"potentialAction\":[{\"@type\":\"ReadAction\",\"target\":[\"https:\\\/\\\/gertuago.eus\\\/es\\\/producto\\\/cajas-de-regalos-para-ninos\\\/\"]}]},{\"@type\":\"ImageObject\",\"inLanguage\":\"es\",\"@id\":\"https:\\\/\\\/gertuago.eus\\\/es\\\/producto\\\/cajas-de-regalos-para-ninos\\\/#primaryimage\",\"url\":\"https:\\\/\\\/gertuago.eus\\\/wp-content\\\/uploads\\\/2021\\\/11\\\/4558_03_01.jpg\",\"contentUrl\":\"https:\\\/\\\/gertuago.eus\\\/wp-content\\\/uploads\\\/2021\\\/11\\\/4558_03_01.jpg\",\"width\":2500,\"height\":1875},{\"@type\":\"BreadcrumbList\",\"@id\":\"https:\\\/\\\/gertuago.eus\\\/es\\\/producto\\\/cajas-de-regalos-para-ninos\\\/#breadcrumb\",\"itemListElement\":[{\"@type\":\"ListItem\",\"position\":1,\"name\":\"Home\",\"item\":\"https:\\\/\\\/gertuago.eus\\\/es\\\/\"},{\"@type\":\"ListItem\",\"position\":2,\"name\":\"Dendak &#8211; woocommerce\",\"item\":\"https:\\\/\\\/gertuago.eus\\\/eu\\\/dendak-woocommerce\\\/\"},{\"@type\":\"ListItem\",\"position\":3,\"name\":\"Cajas de regalos para ni\u00f1os\"}]},{\"@type\":\"WebSite\",\"@id\":\"https:\\\/\\\/gertuago.eus\\\/es\\\/#website\",\"url\":\"https:\\\/\\\/gertuago.eus\\\/es\\\/\",\"name\":\"Gertuago\",\"description\":\"Usurbil Merkataritza Bonoak\",\"potentialAction\":[{\"@type\":\"SearchAction\",\"target\":{\"@type\":\"EntryPoint\",\"urlTemplate\":\"https:\\\/\\\/gertuago.eus\\\/es\\\/?s={search_term_string}\"},\"query-input\":{\"@type\":\"PropertyValueSpecification\",\"valueRequired\":true,\"valueName\":\"search_term_string\"}}],\"inLanguage\":\"es\"}]}<\/script>\n<!-- \/ Yoast SEO plugin. -->","yoast_head_json":{"title":"Cajas de regalos para ni\u00f1os - Gertuago","robots":{"index":"index","follow":"follow","max-snippet":"max-snippet:-1","max-image-preview":"max-image-preview:large","max-video-preview":"max-video-preview:-1"},"canonical":"https:\/\/gertuago.eus\/es\/producto\/cajas-de-regalos-para-ninos\/","og_locale":"es_ES","og_type":"article","og_title":"Cajas de regalos para ni\u00f1os - Gertuago","og_description":"Si buscas un bonito y \u00fatil regalo para los ni\u00f1os tienes a tu disposici\u00f3n estas magn\u00edficas cajas de colonias y con otros productos higi\u00e9nicos.","og_url":"https:\/\/gertuago.eus\/es\/producto\/cajas-de-regalos-para-ninos\/","og_site_name":"Gertuago","og_image":[{"width":2500,"height":1875,"url":"https:\/\/gertuago.eus\/wp-content\/uploads\/2021\/11\/4558_03_01.jpg","type":"image\/jpeg"}],"twitter_card":"summary_large_image","schema":{"@context":"https:\/\/schema.org","@graph":[{"@type":"WebPage","@id":"https:\/\/gertuago.eus\/es\/producto\/cajas-de-regalos-para-ninos\/","url":"https:\/\/gertuago.eus\/es\/producto\/cajas-de-regalos-para-ninos\/","name":"Cajas de regalos para ni\u00f1os - Gertuago","isPartOf":{"@id":"https:\/\/gertuago.eus\/es\/#website"},"primaryImageOfPage":{"@id":"https:\/\/gertuago.eus\/es\/producto\/cajas-de-regalos-para-ninos\/#primaryimage"},"image":{"@id":"https:\/\/gertuago.eus\/es\/producto\/cajas-de-regalos-para-ninos\/#primaryimage"},"thumbnailUrl":"https:\/\/gertuago.eus\/wp-content\/uploads\/2021\/11\/4558_03_01.jpg","datePublished":"2021-11-17T18:30:49+00:00","breadcrumb":{"@id":"https:\/\/gertuago.eus\/es\/producto\/cajas-de-regalos-para-ninos\/#breadcrumb"},"inLanguage":"es","potentialAction":[{"@type":"ReadAction","target":["https:\/\/gertuago.eus\/es\/producto\/cajas-de-regalos-para-ninos\/"]}]},{"@type":"ImageObject","inLanguage":"es","@id":"https:\/\/gertuago.eus\/es\/producto\/cajas-de-regalos-para-ninos\/#primaryimage","url":"https:\/\/gertuago.eus\/wp-content\/uploads\/2021\/11\/4558_03_01.jpg","contentUrl":"https:\/\/gertuago.eus\/wp-content\/uploads\/2021\/11\/4558_03_01.jpg","width":2500,"height":1875},{"@type":"BreadcrumbList","@id":"https:\/\/gertuago.eus\/es\/producto\/cajas-de-regalos-para-ninos\/#breadcrumb","itemListElement":[{"@type":"ListItem","position":1,"name":"Home","item":"https:\/\/gertuago.eus\/es\/"},{"@type":"ListItem","position":2,"name":"Dendak &#8211; woocommerce","item":"https:\/\/gertuago.eus\/eu\/dendak-woocommerce\/"},{"@type":"ListItem","position":3,"name":"Cajas de regalos para ni\u00f1os"}]},{"@type":"WebSite","@id":"https:\/\/gertuago.eus\/es\/#website","url":"https:\/\/gertuago.eus\/es\/","name":"Gertuago","description":"Usurbil Merkataritza Bonoak","potentialAction":[{"@type":"SearchAction","target":{"@type":"EntryPoint","urlTemplate":"https:\/\/gertuago.eus\/es\/?s={search_term_string}"},"query-input":{"@type":"PropertyValueSpecification","valueRequired":true,"valueName":"search_term_string"}}],"inLanguage":"es"}]}},"_links":{"self":[{"href":"https:\/\/gertuago.eus\/es\/wp-json\/wp\/v2\/product\/28903","targetHints":{"allow":["GET"]}}],"collection":[{"href":"https:\/\/gertuago.eus\/es\/wp-json\/wp\/v2\/product"}],"about":[{"href":"https:\/\/gertuago.eus\/es\/wp-json\/wp\/v2\/types\/product"}],"wp:featuredmedia":[{"embeddable":true,"href":"https:\/\/gertuago.eus\/es\/wp-json\/wp\/v2\/media\/28904"}],"wp:attachment":[{"href":"https:\/\/gertuago.eus\/es\/wp-json\/wp\/v2\/media?parent=28903"}],"wp:term":[{"taxonomy":"product_brand","embeddable":true,"href":"https:\/\/gertuago.eus\/es\/wp-json\/wp\/v2\/product_brand?post=28903"},{"taxonomy":"product_cat","embeddable":true,"href":"https:\/\/gertuago.eus\/es\/wp-json\/wp\/v2\/product_cat?post=28903"},{"taxonomy":"product_tag","embeddable":true,"href":"https:\/\/gertuago.eus\/es\/wp-json\/wp\/v2\/product_tag?post=28903"}],"curies":[{"name":"wp","href":"https:\/\/api.w.org\/{rel}","templated":true}]}}