{"id":44014,"date":"2026-04-14T12:03:39","date_gmt":"2026-04-14T10:03:39","guid":{"rendered":"https:\/\/gertuago.eus\/?page_id=44014"},"modified":"2026-04-14T12:03:40","modified_gmt":"2026-04-14T10:03:40","slug":"politica-de-privacidad","status":"publish","type":"page","link":"https:\/\/gertuago.eus\/es\/politica-de-privacidad\/","title":{"rendered":"Politica de privacidad"},"content":{"rendered":"<section class=\"l-section wpb_row height_medium\"><div class=\"l-section-h i-cf\"><div class=\"g-cols vc_row via_flex valign_top type_default stacking_default\"><div class=\"vc_col-sm-12 wpb_column vc_column_container\"><div class=\"vc_column-inner\"><div class=\"wpb_wrapper\"><h2 class=\"w-post-elm post_title entry-title color_link_inherit\">Politica de privacidad<\/h2><div class=\"wpb_text_column\"><div class=\"wpb_wrapper\"><p>La presente pol\u00edtica de privacidad tiene por objeto informar sobre los tratamientos de datos personales en este sitio web y describir los derechos de asistencia a los interesados, de conformidad con el Reglamento (UE) 2016\/679 del Parlamento Europeo y del Consejo, de 27 de abril de 2016, relativo a la protecci\u00f3n de las personas f\u00edsicas en lo que respecta al tratamiento de datos personales y a la libre circulaci\u00f3n de estos datos, y la protecci\u00f3n de los datos personales y garant\u00eda de los derechos digitales, de conformidad con la Ley Org\u00e1nica 3\/2018, de 5 de diciembre.<br \/>\n<span>\u00a0<\/span><br \/>\n<span>\u00a0<\/span><strong>\u00bfQui\u00e9n es el responsable del tratamiento de sus datos personales?<\/strong><\/p>\n<p><strong>Nombre de la entidad:<\/strong> HURBILAGO<\/p>\n<p><strong>NIF:<\/strong> G20927984<\/p>\n<p><strong>Direcci\u00f3n:<\/strong> ZUBIAURRENEA 8<\/p>\n<p><strong>Tel\u00e9fono:<\/strong> +34 652 085 811<\/p>\n<p><strong><span>\u00a0<\/span>Correo electr\u00f3nico:<\/strong> <a href=\"mailto:gertuago@gertuago.eus\">gertuago@gertuago.eus<\/a><\/p>\n<p>&nbsp;<\/p>\n<p><strong>\u00bfCon qu\u00e9 finalidad <\/strong><strong>recabamos<\/strong><strong> sus datos?<\/strong><\/p>\n<p>HURBILAGO almacena estos datos con la finalidad de XXX<\/p>\n<p><strong>\u00bfDurante <\/strong><strong>cu\u00e1nto<\/strong><strong> tiempo se almacenan los datos?<\/strong><\/p>\n<p>Mientras no ordene que se retiren, sus datos se almacenar\u00e1n en el fichero XXX de HURBILAGO<\/p>\n<p><strong>\u00bfQu\u00e9 nos legitima a utilizar sus datos?<\/strong><\/p>\n<p>La base legal para el\u00a0tratamiento de los datos recabados a trav\u00e9s de la web\u00a0<a href=\"https:\/\/gertuago.eus\/eu\/\">www.gertuago.eus<\/a> de HURBILAGO es la siguiente:<\/p>\n<ol>\n<li>a<strong>.\u00a0<\/strong>El consentimiento expreso que nos ha dado al inscribirse.<\/li>\n<\/ol>\n<p><strong>\u00bfA qui\u00e9n se le <\/strong><strong>ceder\u00e1n <\/strong><strong>sus datos?<\/strong><\/p>\n<p>HURBILAGO no pondr\u00e1 estos datos a disposici\u00f3n de terceros.<\/p>\n<p><strong>\u00bfCu\u00e1les son sus derechos cuando nos <\/strong><strong>facilita <\/strong><strong>sus datos personales?<\/strong><\/p>\n<p>La persona que proporcione sus datos podr\u00e1 ejercer los siguientes derechos sobre los mismos:<\/p>\n<p><u><em>Derecho de acceso:<\/em><\/u> La persona que facilite sus datos a HURBILAGO podr\u00e1 solicitarle dichos datos para confirmar que est\u00e1 tratando sus datos personales.<\/p>\n<p><u><em>Derecho de rectificaci\u00f3n:<\/em><\/u> La persona que facilite sus datos podr\u00e1 solicitar la rectificaci\u00f3n de sus datos personales a HURBILAGO, si estos no son correctos o no est\u00e1n completos.<\/p>\n<p><u><em>Derecho de supresi\u00f3n:<\/em><\/u> La persona que facilite sus datos podr\u00e1 solicitar a HURBILAGO la supresi\u00f3n de sus datos personales, entre otros casos, cuando ya no sean necesarios para los objetivos para los que se recabaron.<\/p>\n<p><u><em>Derecho de oposici\u00f3n:<\/em><\/u> La persona que facilite sus datos puede oponerse a que HURBILAGO trate sus datos personales. En ese caso, HURBILAGO solo los conservar\u00e1 para hacer reclamaciones o para protegerse de ellas.<\/p>\n<p><u><em>Derecho a <\/em><\/u><u><em>limitar el <\/em><\/u><u><em>tratamiento<\/em><\/u><u><em>:<\/em><\/u> La persona que facilite sus datos\u00a0puede solicitar a HURBILAGO que no utilice sus datos personales de forma provisional y para usos espec\u00edficos. En ese caso, HURBILAGO solo los conservar\u00e1 para hacer reclamaciones o para protegerse de ellas.<\/p>\n<p><u><em>Derecho a la portabilidad:<\/em><\/u> La persona que facilite sus datos podr\u00e1 solicitar a HURBILAGO que facilite sus datos en un formato estructurado y de f\u00e1cil acceso. Del mismo modo, podr\u00e1 solicitarle que le entregue sus datos a otro responsable.<\/p>\n<p><u><em>Derecho a <\/em><\/u><u><em>revocar el consentimiento<\/em><\/u><u><em>:<\/em><\/u>\u00a0Si los datos personales se han obtenido con consentimiento expreso, la persona que facilite sus datos tendr\u00e1 derecho a revocar ese consentimiento en cualquier momento.<\/p>\n<p><u><em>Derecho a presentar reclamaciones:<\/em><\/u>\u00a0La persona que facilite sus datos tendr\u00e1 derecho a presentar una reclamaci\u00f3n ante la Agencia Espa\u00f1ola de Protecci\u00f3n de Datos, en particular si considera que el ejercicio de sus derechos no ha sido adecuado. Dicha reclamaci\u00f3n puede realizarse por v\u00eda telem\u00e1tica, a trav\u00e9s de la sede electr\u00f3nica (<a href=\"http:\/\/www.agpd.es\/\">www.agpd.es<\/a>) o dirigi\u00e9ndose a la siguiente direcci\u00f3n (C\/ Jorge Juan, 6, 28001-Madrid)<\/p>\n<p>Para ejercer cualquiera de estos derechos, la persona que facilite sus datos puede dirigirse a la direcci\u00f3n postal o la direcci\u00f3n electr\u00f3nica de HURBILAGO, presentando una copia del DNI para poder comprobar su identidad.<\/p>\n<\/div><\/div><\/div><\/div><\/div><\/div><\/div><\/section>\n","protected":false},"excerpt":{"rendered":"Politica de privacidadLa presente pol\u00edtica de privacidad tiene por objeto informar sobre los tratamientos de datos personales en este sitio web y describir los derechos de asistencia a los interesados, de conformidad con el Reglamento (UE) 2016\/679 del Parlamento Europeo y del Consejo, de 27 de abril de 2016, relativo a la protecci\u00f3n de las...","protected":false},"author":1,"featured_media":0,"parent":0,"menu_order":0,"comment_status":"closed","ping_status":"closed","template":"","meta":{"_acf_changed":false,"footnotes":""},"class_list":["post-44014","page","type-page","status-publish","hentry"],"acf":[],"yoast_head":"<!-- This site is optimized with the Yoast SEO plugin v26.7 - https:\/\/yoast.com\/wordpress\/plugins\/seo\/ -->\n<title>Politica de privacidad - Gertuago<\/title>\n<meta name=\"robots\" content=\"index, follow, max-snippet:-1, max-image-preview:large, max-video-preview:-1\" \/>\n<link rel=\"canonical\" href=\"https:\/\/gertuago.eus\/es\/politica-de-privacidad\/\" \/>\n<meta property=\"og:locale\" content=\"es_ES\" \/>\n<meta property=\"og:type\" content=\"article\" \/>\n<meta property=\"og:title\" content=\"Politica de privacidad - Gertuago\" \/>\n<meta property=\"og:url\" content=\"https:\/\/gertuago.eus\/es\/politica-de-privacidad\/\" \/>\n<meta property=\"og:site_name\" content=\"Gertuago\" \/>\n<meta property=\"article:modified_time\" content=\"2026-04-14T10:03:40+00:00\" \/>\n<meta name=\"twitter:card\" content=\"summary_large_image\" \/>\n<script type=\"application\/ld+json\" class=\"yoast-schema-graph\">{\"@context\":\"https:\/\/schema.org\",\"@graph\":[{\"@type\":\"WebPage\",\"@id\":\"https:\/\/gertuago.eus\/es\/politica-de-privacidad\/\",\"url\":\"https:\/\/gertuago.eus\/es\/politica-de-privacidad\/\",\"name\":\"Politica de privacidad - Gertuago\",\"isPartOf\":{\"@id\":\"https:\/\/gertuago.eus\/es\/#website\"},\"datePublished\":\"2026-04-14T10:03:39+00:00\",\"dateModified\":\"2026-04-14T10:03:40+00:00\",\"breadcrumb\":{\"@id\":\"https:\/\/gertuago.eus\/es\/politica-de-privacidad\/#breadcrumb\"},\"inLanguage\":\"es\",\"potentialAction\":[{\"@type\":\"ReadAction\",\"target\":[\"https:\/\/gertuago.eus\/es\/politica-de-privacidad\/\"]}]},{\"@type\":\"BreadcrumbList\",\"@id\":\"https:\/\/gertuago.eus\/es\/politica-de-privacidad\/#breadcrumb\",\"itemListElement\":[{\"@type\":\"ListItem\",\"position\":1,\"name\":\"Home\",\"item\":\"https:\/\/gertuago.eus\/es\/\"},{\"@type\":\"ListItem\",\"position\":2,\"name\":\"Politica de privacidad\"}]},{\"@type\":\"WebSite\",\"@id\":\"https:\/\/gertuago.eus\/es\/#website\",\"url\":\"https:\/\/gertuago.eus\/es\/\",\"name\":\"Gertuago\",\"description\":\"Usurbil Merkataritza Bonoak\",\"potentialAction\":[{\"@type\":\"SearchAction\",\"target\":{\"@type\":\"EntryPoint\",\"urlTemplate\":\"https:\/\/gertuago.eus\/es\/?s={search_term_string}\"},\"query-input\":{\"@type\":\"PropertyValueSpecification\",\"valueRequired\":true,\"valueName\":\"search_term_string\"}}],\"inLanguage\":\"es\"}]}<\/script>\n<!-- \/ Yoast SEO plugin. -->","yoast_head_json":{"title":"Politica de privacidad - Gertuago","robots":{"index":"index","follow":"follow","max-snippet":"max-snippet:-1","max-image-preview":"max-image-preview:large","max-video-preview":"max-video-preview:-1"},"canonical":"https:\/\/gertuago.eus\/es\/politica-de-privacidad\/","og_locale":"es_ES","og_type":"article","og_title":"Politica de privacidad - Gertuago","og_url":"https:\/\/gertuago.eus\/es\/politica-de-privacidad\/","og_site_name":"Gertuago","article_modified_time":"2026-04-14T10:03:40+00:00","twitter_card":"summary_large_image","schema":{"@context":"https:\/\/schema.org","@graph":[{"@type":"WebPage","@id":"https:\/\/gertuago.eus\/es\/politica-de-privacidad\/","url":"https:\/\/gertuago.eus\/es\/politica-de-privacidad\/","name":"Politica de privacidad - Gertuago","isPartOf":{"@id":"https:\/\/gertuago.eus\/es\/#website"},"datePublished":"2026-04-14T10:03:39+00:00","dateModified":"2026-04-14T10:03:40+00:00","breadcrumb":{"@id":"https:\/\/gertuago.eus\/es\/politica-de-privacidad\/#breadcrumb"},"inLanguage":"es","potentialAction":[{"@type":"ReadAction","target":["https:\/\/gertuago.eus\/es\/politica-de-privacidad\/"]}]},{"@type":"BreadcrumbList","@id":"https:\/\/gertuago.eus\/es\/politica-de-privacidad\/#breadcrumb","itemListElement":[{"@type":"ListItem","position":1,"name":"Home","item":"https:\/\/gertuago.eus\/es\/"},{"@type":"ListItem","position":2,"name":"Politica de privacidad"}]},{"@type":"WebSite","@id":"https:\/\/gertuago.eus\/es\/#website","url":"https:\/\/gertuago.eus\/es\/","name":"Gertuago","description":"Usurbil Merkataritza Bonoak","potentialAction":[{"@type":"SearchAction","target":{"@type":"EntryPoint","urlTemplate":"https:\/\/gertuago.eus\/es\/?s={search_term_string}"},"query-input":{"@type":"PropertyValueSpecification","valueRequired":true,"valueName":"search_term_string"}}],"inLanguage":"es"}]}},"_links":{"self":[{"href":"https:\/\/gertuago.eus\/es\/wp-json\/wp\/v2\/pages\/44014","targetHints":{"allow":["GET"]}}],"collection":[{"href":"https:\/\/gertuago.eus\/es\/wp-json\/wp\/v2\/pages"}],"about":[{"href":"https:\/\/gertuago.eus\/es\/wp-json\/wp\/v2\/types\/page"}],"author":[{"embeddable":true,"href":"https:\/\/gertuago.eus\/es\/wp-json\/wp\/v2\/users\/1"}],"replies":[{"embeddable":true,"href":"https:\/\/gertuago.eus\/es\/wp-json\/wp\/v2\/comments?post=44014"}],"version-history":[{"count":1,"href":"https:\/\/gertuago.eus\/es\/wp-json\/wp\/v2\/pages\/44014\/revisions"}],"predecessor-version":[{"id":44015,"href":"https:\/\/gertuago.eus\/es\/wp-json\/wp\/v2\/pages\/44014\/revisions\/44015"}],"wp:attachment":[{"href":"https:\/\/gertuago.eus\/es\/wp-json\/wp\/v2\/media?parent=44014"}],"curies":[{"name":"wp","href":"https:\/\/api.w.org\/{rel}","templated":true}]}}