{"id":39334,"date":"2025-05-27T10:26:18","date_gmt":"2025-05-27T08:26:18","guid":{"rendered":"https:\/\/gertuago.eus\/?page_id=39334"},"modified":"2025-06-27T20:01:40","modified_gmt":"2025-06-27T18:01:40","slug":"politica-de-devolucion-de-tarjetas-de-regalo-centro-de-estetica-enar","status":"publish","type":"page","link":"https:\/\/gertuago.eus\/es\/politica-de-devolucion-de-tarjetas-de-regalo-centro-de-estetica-enar\/","title":{"rendered":"Pol\u00edtica de Devoluci\u00f3n de Tarjetas de Regalo &#8211; Centro de Est\u00e9tica ENAR"},"content":{"rendered":"<section class=\"l-section wpb_row height_medium\"><div class=\"l-section-h i-cf\"><div class=\"g-cols vc_row via_flex valign_top type_default stacking_default\"><div class=\"vc_col-sm-12 wpb_column vc_column_container\"><div class=\"vc_column-inner\"><div class=\"wpb_wrapper\"><h2 class=\"w-post-elm post_title entry-title color_link_inherit\">Pol\u00edtica de Devoluci\u00f3n de Tarjetas de Regalo &#8211; Centro de Est\u00e9tica ENAR<\/h2><div class=\"w-separator size_medium\"><\/div><div class=\"wpb_text_column\"><div class=\"wpb_wrapper\"><h3>1. Plazo para solicitudes de devoluci\u00f3n:<\/h3>\n<ul>\n<li>Hasta 15 d\u00edas desde la compra.<\/li>\n<li>Solo si la tarjeta no ha sido canjeada.<\/li>\n<\/ul>\n<h3>2. Cancelaci\u00f3n \/ devoluci\u00f3n del pedido:<\/h3>\n<ul>\n<li>Contactar a atenci\u00f3n al cliente escribiendo un correo a gertuago@gertuago.eus<\/li>\n<li>Proporcionar n\u00famero de pedido y detalles de la tarjeta.<\/li>\n<\/ul>\n<h3>3. Condiciones:<\/h3>\n<ul>\n<li>La tarjeta no puede haber sido canjeada.<\/li>\n<li>Si la tarjeta fue utilizada parcialmente, no se realiza devoluci\u00f3n del saldo restante.<\/li>\n<li>Para poder utilizar la tarjeta regalo no ser\u00e1 necesario imprimirla f\u00edsicamente.<\/li>\n<li>La tarjeta regalo deber\u00e1 canjearse directamente en el establecimiento de Enar Estetika.<\/li>\n<\/ul>\n<h3>4. Reembolso:<\/h3>\n<ul>\n<li>Se realiza tras verificar que la tarjeta no ha sido utilizada.<\/li>\n<li>Reembolso completo a trav\u00e9s del mismo m\u00e9todo de pago.<\/li>\n<\/ul>\n<h3>5. Envios:<\/h3>\n<ul>\n<li>El env\u00edo de la tarjeta regalo se realizar\u00e1 a trav\u00e9s del email especificado en la compra inmediatamente despu\u00e9s de realizar el pago.<\/li>\n<\/ul>\n<h3>6. <b>Seguridad Protecci\u00f3n a compradores, privacidad y protecci\u00f3n de datos:<\/b><\/h3>\n<ul>\n<li>Puede consultar nuestra pol\u00edtica de privacidad y de cookies <a href=\"https:\/\/gertuago.eus\/es\/politica-de-cookies\/\">aqu\u00ed<\/a>.<\/li>\n<\/ul>\n<p>&nbsp;<\/p>\n<p>Datos de contacto:<\/p>\n<p>Josefa Gonz\u00e1lez Cespedes<span class=\"Apple-converted-space\">\u00a0<\/span><\/p>\n<p>35777436Q<\/p>\n<p>Muna Lurra kalea 002 00 1A<\/p>\n<p>estetikaenar@gmail.com<\/p>\n<\/div><\/div><\/div><\/div><\/div><\/div><\/div><\/section>\n","protected":false},"excerpt":{"rendered":"Pol\u00edtica de Devoluci\u00f3n de Tarjetas de Regalo &#8211; Centro de Est\u00e9tica ENAR1. Plazo para solicitudes de devoluci\u00f3n: Hasta 15 d\u00edas desde la compra. Solo si la tarjeta no ha sido canjeada. 2. Cancelaci\u00f3n \/ devoluci\u00f3n del pedido: Contactar a atenci\u00f3n al cliente escribiendo un correo a gertuago@gertuago.eus Proporcionar n\u00famero de pedido y detalles de la...","protected":false},"author":1,"featured_media":0,"parent":0,"menu_order":0,"comment_status":"closed","ping_status":"closed","template":"","meta":{"_acf_changed":false,"footnotes":""},"class_list":["post-39334","page","type-page","status-publish","hentry"],"acf":[],"yoast_head":"<!-- This site is optimized with the Yoast SEO plugin v26.7 - https:\/\/yoast.com\/wordpress\/plugins\/seo\/ -->\n<title>Pol\u00edtica de Devoluci\u00f3n de Tarjetas de Regalo - Centro de Est\u00e9tica ENAR - Gertuago<\/title>\n<meta name=\"robots\" content=\"index, follow, max-snippet:-1, max-image-preview:large, max-video-preview:-1\" \/>\n<link rel=\"canonical\" href=\"https:\/\/gertuago.eus\/es\/politica-de-devolucion-de-tarjetas-de-regalo-centro-de-estetica-enar\/\" \/>\n<meta property=\"og:locale\" content=\"es_ES\" \/>\n<meta property=\"og:type\" content=\"article\" \/>\n<meta property=\"og:title\" content=\"Pol\u00edtica de Devoluci\u00f3n de Tarjetas de Regalo - Centro de Est\u00e9tica ENAR - Gertuago\" \/>\n<meta property=\"og:url\" content=\"https:\/\/gertuago.eus\/es\/politica-de-devolucion-de-tarjetas-de-regalo-centro-de-estetica-enar\/\" \/>\n<meta property=\"og:site_name\" content=\"Gertuago\" \/>\n<meta property=\"article:modified_time\" content=\"2025-06-27T18:01:40+00:00\" \/>\n<meta name=\"twitter:card\" content=\"summary_large_image\" \/>\n<meta name=\"twitter:label1\" content=\"Tiempo de lectura\" \/>\n\t<meta name=\"twitter:data1\" content=\"1 minuto\" \/>\n<script type=\"application\/ld+json\" class=\"yoast-schema-graph\">{\"@context\":\"https:\/\/schema.org\",\"@graph\":[{\"@type\":\"WebPage\",\"@id\":\"https:\/\/gertuago.eus\/es\/politica-de-devolucion-de-tarjetas-de-regalo-centro-de-estetica-enar\/\",\"url\":\"https:\/\/gertuago.eus\/es\/politica-de-devolucion-de-tarjetas-de-regalo-centro-de-estetica-enar\/\",\"name\":\"Pol\u00edtica de Devoluci\u00f3n de Tarjetas de Regalo - Centro de Est\u00e9tica ENAR - Gertuago\",\"isPartOf\":{\"@id\":\"https:\/\/gertuago.eus\/es\/#website\"},\"datePublished\":\"2025-05-27T08:26:18+00:00\",\"dateModified\":\"2025-06-27T18:01:40+00:00\",\"breadcrumb\":{\"@id\":\"https:\/\/gertuago.eus\/es\/politica-de-devolucion-de-tarjetas-de-regalo-centro-de-estetica-enar\/#breadcrumb\"},\"inLanguage\":\"es\",\"potentialAction\":[{\"@type\":\"ReadAction\",\"target\":[\"https:\/\/gertuago.eus\/es\/politica-de-devolucion-de-tarjetas-de-regalo-centro-de-estetica-enar\/\"]}]},{\"@type\":\"BreadcrumbList\",\"@id\":\"https:\/\/gertuago.eus\/es\/politica-de-devolucion-de-tarjetas-de-regalo-centro-de-estetica-enar\/#breadcrumb\",\"itemListElement\":[{\"@type\":\"ListItem\",\"position\":1,\"name\":\"Home\",\"item\":\"https:\/\/gertuago.eus\/es\/\"},{\"@type\":\"ListItem\",\"position\":2,\"name\":\"Pol\u00edtica de Devoluci\u00f3n de Tarjetas de Regalo &#8211; Centro de Est\u00e9tica ENAR\"}]},{\"@type\":\"WebSite\",\"@id\":\"https:\/\/gertuago.eus\/es\/#website\",\"url\":\"https:\/\/gertuago.eus\/es\/\",\"name\":\"Gertuago\",\"description\":\"Usurbil Merkataritza Bonoak\",\"potentialAction\":[{\"@type\":\"SearchAction\",\"target\":{\"@type\":\"EntryPoint\",\"urlTemplate\":\"https:\/\/gertuago.eus\/es\/?s={search_term_string}\"},\"query-input\":{\"@type\":\"PropertyValueSpecification\",\"valueRequired\":true,\"valueName\":\"search_term_string\"}}],\"inLanguage\":\"es\"}]}<\/script>\n<!-- \/ Yoast SEO plugin. -->","yoast_head_json":{"title":"Pol\u00edtica de Devoluci\u00f3n de Tarjetas de Regalo - Centro de Est\u00e9tica ENAR - Gertuago","robots":{"index":"index","follow":"follow","max-snippet":"max-snippet:-1","max-image-preview":"max-image-preview:large","max-video-preview":"max-video-preview:-1"},"canonical":"https:\/\/gertuago.eus\/es\/politica-de-devolucion-de-tarjetas-de-regalo-centro-de-estetica-enar\/","og_locale":"es_ES","og_type":"article","og_title":"Pol\u00edtica de Devoluci\u00f3n de Tarjetas de Regalo - Centro de Est\u00e9tica ENAR - Gertuago","og_url":"https:\/\/gertuago.eus\/es\/politica-de-devolucion-de-tarjetas-de-regalo-centro-de-estetica-enar\/","og_site_name":"Gertuago","article_modified_time":"2025-06-27T18:01:40+00:00","twitter_card":"summary_large_image","twitter_misc":{"Tiempo de lectura":"1 minuto"},"schema":{"@context":"https:\/\/schema.org","@graph":[{"@type":"WebPage","@id":"https:\/\/gertuago.eus\/es\/politica-de-devolucion-de-tarjetas-de-regalo-centro-de-estetica-enar\/","url":"https:\/\/gertuago.eus\/es\/politica-de-devolucion-de-tarjetas-de-regalo-centro-de-estetica-enar\/","name":"Pol\u00edtica de Devoluci\u00f3n de Tarjetas de Regalo - Centro de Est\u00e9tica ENAR - Gertuago","isPartOf":{"@id":"https:\/\/gertuago.eus\/es\/#website"},"datePublished":"2025-05-27T08:26:18+00:00","dateModified":"2025-06-27T18:01:40+00:00","breadcrumb":{"@id":"https:\/\/gertuago.eus\/es\/politica-de-devolucion-de-tarjetas-de-regalo-centro-de-estetica-enar\/#breadcrumb"},"inLanguage":"es","potentialAction":[{"@type":"ReadAction","target":["https:\/\/gertuago.eus\/es\/politica-de-devolucion-de-tarjetas-de-regalo-centro-de-estetica-enar\/"]}]},{"@type":"BreadcrumbList","@id":"https:\/\/gertuago.eus\/es\/politica-de-devolucion-de-tarjetas-de-regalo-centro-de-estetica-enar\/#breadcrumb","itemListElement":[{"@type":"ListItem","position":1,"name":"Home","item":"https:\/\/gertuago.eus\/es\/"},{"@type":"ListItem","position":2,"name":"Pol\u00edtica de Devoluci\u00f3n de Tarjetas de Regalo &#8211; Centro de Est\u00e9tica ENAR"}]},{"@type":"WebSite","@id":"https:\/\/gertuago.eus\/es\/#website","url":"https:\/\/gertuago.eus\/es\/","name":"Gertuago","description":"Usurbil Merkataritza Bonoak","potentialAction":[{"@type":"SearchAction","target":{"@type":"EntryPoint","urlTemplate":"https:\/\/gertuago.eus\/es\/?s={search_term_string}"},"query-input":{"@type":"PropertyValueSpecification","valueRequired":true,"valueName":"search_term_string"}}],"inLanguage":"es"}]}},"_links":{"self":[{"href":"https:\/\/gertuago.eus\/es\/wp-json\/wp\/v2\/pages\/39334","targetHints":{"allow":["GET"]}}],"collection":[{"href":"https:\/\/gertuago.eus\/es\/wp-json\/wp\/v2\/pages"}],"about":[{"href":"https:\/\/gertuago.eus\/es\/wp-json\/wp\/v2\/types\/page"}],"author":[{"embeddable":true,"href":"https:\/\/gertuago.eus\/es\/wp-json\/wp\/v2\/users\/1"}],"replies":[{"embeddable":true,"href":"https:\/\/gertuago.eus\/es\/wp-json\/wp\/v2\/comments?post=39334"}],"version-history":[{"count":3,"href":"https:\/\/gertuago.eus\/es\/wp-json\/wp\/v2\/pages\/39334\/revisions"}],"predecessor-version":[{"id":39639,"href":"https:\/\/gertuago.eus\/es\/wp-json\/wp\/v2\/pages\/39334\/revisions\/39639"}],"wp:attachment":[{"href":"https:\/\/gertuago.eus\/es\/wp-json\/wp\/v2\/media?parent=39334"}],"curies":[{"name":"wp","href":"https:\/\/api.w.org\/{rel}","templated":true}]}}