{"id":296,"date":"2020-05-21T05:51:52","date_gmt":"2020-05-21T05:51:52","guid":{"rendered":"https:\/\/gertuago.eus\/?page_id=296"},"modified":"2026-04-14T12:01:42","modified_gmt":"2026-04-14T10:01:42","slug":"aviso-legal","status":"publish","type":"page","link":"https:\/\/gertuago.eus\/es\/aviso-legal\/","title":{"rendered":"Aviso legal"},"content":{"rendered":"<section class=\"l-section wpb_row height_medium\"><div class=\"l-section-h i-cf\"><div class=\"g-cols vc_row via_flex valign_top type_default stacking_default\"><div class=\"vc_col-sm-12 wpb_column vc_column_container\"><div class=\"vc_column-inner\"><div class=\"wpb_wrapper\"><h2 class=\"w-post-elm post_title entry-title color_link_inherit\">Aviso legal<\/h2><div class=\"wpb_text_column\"><div class=\"wpb_wrapper\"><p>En cumplimiento de la Ley 34\/2002, de 11 de julio, de Servicios de la Sociedad de la Informaci\u00f3n y de Comercio Electr\u00f3nico, le informamos que el titular del sitio web <a href=\"https:\/\/gertuago.eus\/eu\/\">www.gertuago.eus<\/a><u><\/u> <u><\/u>\u00a0es:<\/p>\n<p><strong>Nombre de la entidad:<\/strong> HURBILAGO<\/p>\n<p><strong>NIF:<\/strong> G20927984<\/p>\n<p><strong>Direcci\u00f3n:<\/strong> ZUBIAURRENEA 8<\/p>\n<p><strong>Tel\u00e9fono:<\/strong> +34 652 085 811<\/p>\n<p><strong><span>\u00a0<\/span>Correo electr\u00f3nico:<\/strong> <a href=\"mailto:gertuago@gertuago.eus\">gertuago@gertuago.eus<\/a><\/p>\n<p>&nbsp;<\/p>\n<ol>\n<li><strong> Responsabilidades y garant\u00edas<\/strong><\/li>\n<\/ol>\n<p>El usuario podr\u00e1 acceder al sitio web <a href=\"https:\/\/gertuago.eus\/eu\/\">www.gertuago.eus<\/a> por voluntad propia. Navegar por este sitio web supone que el usuario conoce y acepta sus indicaciones legales, sus condiciones de uso y su pol\u00edtica de privacidad.<br \/>\n<span>\u00a0<\/span><br \/>\n<span>\u00a0<\/span>Cualquier uso de la informaci\u00f3n contenida en este sitio web ser\u00e1 \u00fanica y exclusivamente responsabilidad del usuario.\u00a0As\u00ed, el usuario deber\u00e1 comprometerse a utilizar la informaci\u00f3n de acuerdo con el objetivo del sitio web.<\/p>\n<p><span>\u00a0<\/span>Por tanto, el usuario no podr\u00e1 dar un uso il\u00edcito a la informaci\u00f3n del sitio web.<\/p>\n<p>Se proh\u00edbe a los usuarios introducir o informar sobre contenidos falsos o err\u00f3neos. El usuario ser\u00e1, por tanto, el \u00fanico responsable de los da\u00f1os causados con los datos que aporte<\/p>\n<p><span>\u00a0<\/span>Se proh\u00edbe utilizar datos personales de terceros sin su consentimiento. Asimismo, se proh\u00edbe utilizar datos de identificaci\u00f3n de terceros para ponerse en el lugar de otra persona o entidad.<\/p>\n<p>HURBILAGO hace un gran esfuerzo para que no haya errores en los contenidos publicados en el sitio web. Por tanto, se reserva el derecho de modificarlosen cualquier momento. HURBILAGO renuncia expresamente a la responsabilidad derivada de errores u omisiones en los contenidos de este sitio web, as\u00ed como a la responsabilidad derivada de los da\u00f1os y perjuicios derivados de la falta de veracidad, exactitud y actualizaci\u00f3n de estos. Este sitio web puede incluir enlaces de otros sitios web. HURBILAGO no se hace responsable de ninguno de los contenidos de los sitios enlazados. El objetivo de esos servicios es, precisamente, proporcionar a los usuarios otras fuentes de informaci\u00f3n; por tanto, el usuario acceder\u00e1 a ellas bajo su \u00fanica responsabilidad, atendiendo a las condiciones reguladas en las mismas.<\/p>\n<p>HURBILAGO no ser\u00e1 responsable de ninguna consecuencia o perjuicio derivado del uso de este sitio web o de su contenido, incluidos los da\u00f1os inform\u00e1ticos y la inserci\u00f3n de virus.<\/p>\n<p>HURBILAGO se reserva el derecho a modificar o eliminar en cualquier momento, sin previo aviso o explicaci\u00f3n, el dise\u00f1o, la configuraci\u00f3n y la informaci\u00f3n contenida en este sitio web, siempre que lo consideren necesario.<br \/>\n<span>\u00a0<\/span><br \/>\nHURBILAGO no se har\u00e1 responsable de los da\u00f1os que dichas modificaciones pudieran suponer. No obstante, utilizar\u00e1 todos los medios a su alcance para informar a los usuarios de dichas modificaciones.<\/p>\n<p>&nbsp;<\/p>\n<ol start=\"2\">\n<li><strong> Propiedad intelectual e industrial<\/strong><\/li>\n<\/ol>\n<p>Los contenidos de este sitio web (excepto los datos personales) poseen la licencia Creative Commons\u00a0Reconocimiento\u00a0\u2013\u00a0Compartir Igual\u00a0(CC-BY-SA) 4.0<\/p>\n<p>Esta licencia otorga al usuario los siguientes derechos:<\/p>\n<ul>\n<li>Compartir: puede copiar y distribuir los contenidos en cualquier medio y formato.<\/li>\n<li>Adecuar:\u00a0puede reutilizar los contenidos y crear obras derivadas, incluso con fines comerciales.<\/li>\n<\/ul>\n<p><span>\u00a0<\/span>Siempre y cuando se cumplan las siguientes condiciones:<\/p>\n<ul>\n<li>Reconocer:\u00a0se debe reconocer la autor\u00eda del sitio web, a\u00f1adir un enlace a la licencia e indicar si se han realizado modificaciones, pero no de una manera que d\u00e9 a entender que este sitio web apoya el uso de quien lo hace.<\/li>\n<li>Compartir Igual: si se crea un trabajo derivado, se debe distribuir con la misma licencia.<\/li>\n<li>Sin restricciones adicionales: no se puede limitar lo que permite la licencia a trav\u00e9s de medidas legales o tecnol\u00f3gicas.<\/li>\n<\/ul>\n<p>El incumplimiento de las condiciones que impone la licencia en la utilizaci\u00f3n de los contenidos del sitio web dar\u00e1 lugar al ejercicio de las acciones legales que correspondan y, en su caso, al cumplimiento de las responsabilidades que se deriven de su ejercicio.<\/p>\n<p>&nbsp;<\/p>\n<ol start=\"3\">\n<li><span><\/span><strong> Modificaciones<\/strong><\/li>\n<\/ol>\n<p>Todas estas condiciones podr\u00e1n ser modificadas si HURBILAGO lo considera oportuno en alg\u00fan momento, tanto para adecuarse a las modificaciones legislativas como para introducir otras mejoras. Estas modificaciones entrar\u00e1n en vigor desde el momento en que se publiquen en este sitio web.<\/p>\n<p>&nbsp;<\/p>\n<ol start=\"4\">\n<li><span><\/span><strong> Jurisdicci\u00f3n<\/strong><\/li>\n<\/ol>\n<p>La relaci\u00f3n surgida entre HURBILAGO y el usuario se regir\u00e1 por lo dispuesto en la normativa vigente sobre legislaci\u00f3n aplicable y jurisdicci\u00f3n competente. No obstante, cuando la normativa prevea que las partes deben someterse a una competencia, HURBILAGO y el usuario, con renuncia expresa a cualquier competencia que les corresponda, se someter\u00e1n a los Juzgados y Tribunales de Donostia-San Sebasti\u00e1n.<\/p>\n<\/div><\/div><\/div><\/div><\/div><\/div><\/div><\/section>\n","protected":false},"excerpt":{"rendered":"Aviso legalEn cumplimiento de la Ley 34\/2002, de 11 de julio, de Servicios de la Sociedad de la Informaci\u00f3n y de Comercio Electr\u00f3nico, le informamos que el titular del sitio web www.gertuago.eus \u00a0es: Nombre de la entidad: HURBILAGO NIF: G20927984 Direcci\u00f3n: ZUBIAURRENEA 8 Tel\u00e9fono: +34 652 085 811 \u00a0Correo electr\u00f3nico: gertuago@gertuago.eus &nbsp; Responsabilidades y garant\u00edas...","protected":false},"author":1,"featured_media":0,"parent":0,"menu_order":0,"comment_status":"closed","ping_status":"closed","template":"","meta":{"_acf_changed":false,"footnotes":""},"class_list":["post-296","page","type-page","status-publish","hentry"],"acf":[],"yoast_head":"<!-- This site is optimized with the Yoast SEO plugin v26.7 - https:\/\/yoast.com\/wordpress\/plugins\/seo\/ -->\n<title>Aviso legal - Gertuago<\/title>\n<meta name=\"robots\" content=\"index, follow, max-snippet:-1, max-image-preview:large, max-video-preview:-1\" \/>\n<link rel=\"canonical\" href=\"https:\/\/gertuago.eus\/es\/aviso-legal\/\" \/>\n<meta property=\"og:locale\" content=\"es_ES\" \/>\n<meta property=\"og:type\" content=\"article\" \/>\n<meta property=\"og:title\" content=\"Aviso legal - Gertuago\" \/>\n<meta property=\"og:url\" content=\"https:\/\/gertuago.eus\/es\/aviso-legal\/\" \/>\n<meta property=\"og:site_name\" content=\"Gertuago\" \/>\n<meta property=\"article:modified_time\" content=\"2026-04-14T10:01:42+00:00\" \/>\n<meta name=\"twitter:card\" content=\"summary_large_image\" \/>\n<meta name=\"twitter:label1\" content=\"Tiempo de lectura\" \/>\n\t<meta name=\"twitter:data1\" content=\"2 minutos\" \/>\n<script type=\"application\/ld+json\" class=\"yoast-schema-graph\">{\"@context\":\"https:\/\/schema.org\",\"@graph\":[{\"@type\":\"WebPage\",\"@id\":\"https:\/\/gertuago.eus\/es\/aviso-legal\/\",\"url\":\"https:\/\/gertuago.eus\/es\/aviso-legal\/\",\"name\":\"Aviso legal - Gertuago\",\"isPartOf\":{\"@id\":\"https:\/\/gertuago.eus\/es\/#website\"},\"datePublished\":\"2020-05-21T05:51:52+00:00\",\"dateModified\":\"2026-04-14T10:01:42+00:00\",\"breadcrumb\":{\"@id\":\"https:\/\/gertuago.eus\/es\/aviso-legal\/#breadcrumb\"},\"inLanguage\":\"es\",\"potentialAction\":[{\"@type\":\"ReadAction\",\"target\":[\"https:\/\/gertuago.eus\/es\/aviso-legal\/\"]}]},{\"@type\":\"BreadcrumbList\",\"@id\":\"https:\/\/gertuago.eus\/es\/aviso-legal\/#breadcrumb\",\"itemListElement\":[{\"@type\":\"ListItem\",\"position\":1,\"name\":\"Home\",\"item\":\"https:\/\/gertuago.eus\/es\/\"},{\"@type\":\"ListItem\",\"position\":2,\"name\":\"Aviso legal\"}]},{\"@type\":\"WebSite\",\"@id\":\"https:\/\/gertuago.eus\/es\/#website\",\"url\":\"https:\/\/gertuago.eus\/es\/\",\"name\":\"Gertuago\",\"description\":\"Usurbil Merkataritza Bonoak\",\"potentialAction\":[{\"@type\":\"SearchAction\",\"target\":{\"@type\":\"EntryPoint\",\"urlTemplate\":\"https:\/\/gertuago.eus\/es\/?s={search_term_string}\"},\"query-input\":{\"@type\":\"PropertyValueSpecification\",\"valueRequired\":true,\"valueName\":\"search_term_string\"}}],\"inLanguage\":\"es\"}]}<\/script>\n<!-- \/ Yoast SEO plugin. -->","yoast_head_json":{"title":"Aviso legal - Gertuago","robots":{"index":"index","follow":"follow","max-snippet":"max-snippet:-1","max-image-preview":"max-image-preview:large","max-video-preview":"max-video-preview:-1"},"canonical":"https:\/\/gertuago.eus\/es\/aviso-legal\/","og_locale":"es_ES","og_type":"article","og_title":"Aviso legal - Gertuago","og_url":"https:\/\/gertuago.eus\/es\/aviso-legal\/","og_site_name":"Gertuago","article_modified_time":"2026-04-14T10:01:42+00:00","twitter_card":"summary_large_image","twitter_misc":{"Tiempo de lectura":"2 minutos"},"schema":{"@context":"https:\/\/schema.org","@graph":[{"@type":"WebPage","@id":"https:\/\/gertuago.eus\/es\/aviso-legal\/","url":"https:\/\/gertuago.eus\/es\/aviso-legal\/","name":"Aviso legal - Gertuago","isPartOf":{"@id":"https:\/\/gertuago.eus\/es\/#website"},"datePublished":"2020-05-21T05:51:52+00:00","dateModified":"2026-04-14T10:01:42+00:00","breadcrumb":{"@id":"https:\/\/gertuago.eus\/es\/aviso-legal\/#breadcrumb"},"inLanguage":"es","potentialAction":[{"@type":"ReadAction","target":["https:\/\/gertuago.eus\/es\/aviso-legal\/"]}]},{"@type":"BreadcrumbList","@id":"https:\/\/gertuago.eus\/es\/aviso-legal\/#breadcrumb","itemListElement":[{"@type":"ListItem","position":1,"name":"Home","item":"https:\/\/gertuago.eus\/es\/"},{"@type":"ListItem","position":2,"name":"Aviso legal"}]},{"@type":"WebSite","@id":"https:\/\/gertuago.eus\/es\/#website","url":"https:\/\/gertuago.eus\/es\/","name":"Gertuago","description":"Usurbil Merkataritza Bonoak","potentialAction":[{"@type":"SearchAction","target":{"@type":"EntryPoint","urlTemplate":"https:\/\/gertuago.eus\/es\/?s={search_term_string}"},"query-input":{"@type":"PropertyValueSpecification","valueRequired":true,"valueName":"search_term_string"}}],"inLanguage":"es"}]}},"_links":{"self":[{"href":"https:\/\/gertuago.eus\/es\/wp-json\/wp\/v2\/pages\/296","targetHints":{"allow":["GET"]}}],"collection":[{"href":"https:\/\/gertuago.eus\/es\/wp-json\/wp\/v2\/pages"}],"about":[{"href":"https:\/\/gertuago.eus\/es\/wp-json\/wp\/v2\/types\/page"}],"author":[{"embeddable":true,"href":"https:\/\/gertuago.eus\/es\/wp-json\/wp\/v2\/users\/1"}],"replies":[{"embeddable":true,"href":"https:\/\/gertuago.eus\/es\/wp-json\/wp\/v2\/comments?post=296"}],"version-history":[{"count":5,"href":"https:\/\/gertuago.eus\/es\/wp-json\/wp\/v2\/pages\/296\/revisions"}],"predecessor-version":[{"id":44010,"href":"https:\/\/gertuago.eus\/es\/wp-json\/wp\/v2\/pages\/296\/revisions\/44010"}],"wp:attachment":[{"href":"https:\/\/gertuago.eus\/es\/wp-json\/wp\/v2\/media?parent=296"}],"curies":[{"name":"wp","href":"https:\/\/api.w.org\/{rel}","templated":true}]}}