{"id":284,"date":"2020-05-21T05:38:29","date_gmt":"2020-05-21T05:38:29","guid":{"rendered":"https:\/\/gertuago.eus\/?page_id=284"},"modified":"2020-09-03T05:29:50","modified_gmt":"2020-09-03T05:29:50","slug":"como-funciona","status":"publish","type":"page","link":"https:\/\/gertuago.eus\/es\/como-funciona\/","title":{"rendered":"\u00bfC\u00f3mo funciona?"},"content":{"rendered":"<section class=\"l-section wpb_row height_medium\"><div class=\"l-section-h i-cf\"><div class=\"g-cols vc_row via_flex valign_top type_default stacking_default\"><div class=\"vc_col-sm-12 wpb_column vc_column_container\"><div class=\"vc_column-inner\"><div class=\"wpb_wrapper\">[vc_custom_heading text=\u00bb\u00bfC\u00f3mo funciona?\u00bb use_theme_fonts=\u00bbyes\u00bb]<\/div><\/div><\/div><\/div><\/div><\/section><section class=\"l-section wpb_row us_custom_4fb9e5a3 height_medium\"><div class=\"l-section-h i-cf\"><div class=\"g-cols vc_row via_flex valign_top type_default stacking_default\"><div class=\"vc_col-sm-12 wpb_column vc_column_container\"><div class=\"vc_column-inner\"><div class=\"wpb_wrapper\"><div class=\"g-cols wpb_row via_flex valign_top type_default stacking_default\"><div class=\"vc_col-sm-12 wpb_column vc_column_container\"><div class=\"vc_column-inner\"><div class=\"wpb_wrapper\"><div class=\"wpb_text_column\"><div class=\"wpb_wrapper\"><p class=\"Textbody\" style=\"text-align: left;\">Gertuago es una p\u00e1gina web que ofrece la posibilidad de adquirir bonos que se pueden utilizar en los establecimientos y peque\u00f1os servicios de la localidad.<\/p>\n<\/div><\/div><\/div><\/div><\/div><\/div><div class=\"g-cols wpb_row us_custom_c602a523 via_flex valign_top type_default stacking_default\"><div class=\"vc_col-sm-4 wpb_column vc_column_container ne has_bg_color\"><div class=\"vc_column-inner us_custom_da6103b0\"><div class=\"wpb_wrapper\">[vc_custom_heading text=\u00bb1&#8243; font_container=\u00bbtag:h2|text_align:center\u00bb use_theme_fonts=\u00bbyes\u00bb css=\u00bb%7B%22default%22%3A%7B%22color%22%3A%22%23ffffff%22%2C%22font-size%22%3A%224rem%22%2C%22border-radius%22%3A%226px%22%7D%7D\u00bb]<div class=\"wpb_text_column us_custom_2245be70 has_text_color with_collapsible_content\" data-content-height=\"120px\"><div class=\"wpb_wrapper\"><p style=\"text-align: center;\"><b>Elige el comercio: entra en el listado de comercios y elige en cu\u00e1l quieres comprar bonos.<\/b><\/p>\n<p style=\"text-align: center;\">Se puede comprar m\u00e1s de un bono del mismo establecimiento. Sin embargo, los bonos de dos comercios diferentes no se pueden comprar en una sola compra. Para comprar bonos de dos comercios hay que realizar dos compras y dos pagos.<\/p>\n<\/div><div class=\"toggle-links align_center\"><button class=\"collapsible-content-more\">Leer m\u00e1s<\/button><button class=\"collapsible-content-less\">Cerrar<\/button><\/div><\/div><\/div><\/div><\/div><div class=\"vc_col-sm-4 wpb_column vc_column_container ne has_bg_color\"><div class=\"vc_column-inner us_custom_d897cf56\"><div class=\"wpb_wrapper\">[vc_custom_heading text=\u00bb2&#8243; font_container=\u00bbtag:h2|text_align:center\u00bb use_theme_fonts=\u00bbyes\u00bb css=\u00bb%7B%22default%22%3A%7B%22color%22%3A%22%23ffffff%22%2C%22font-size%22%3A%224rem%22%2C%22border-radius%22%3A%226px%22%7D%7D\u00bb]<div class=\"wpb_text_column us_custom_2245be70 has_text_color with_collapsible_content\" data-content-height=\"80px\"><div class=\"wpb_wrapper\"><p style=\"text-align: center;\"><b>Elige el bono: Existen 4 tipos de bono: 5\u20ac,20\u20ac,50\u20ac eta 100\u20ac.<\/b><\/p>\n<p style=\"text-align: center;\">Cada comercio decide qu\u00e9 tipo de bono ofrece. \u00a1Date prisa, antes de que se agoten!<\/p>\n<\/div><div class=\"toggle-links align_center\"><button class=\"collapsible-content-more\">Leer m\u00e1s<\/button><button class=\"collapsible-content-less\">Cerrar<\/button><\/div><\/div><\/div><\/div><\/div><div class=\"vc_col-sm-4 wpb_column vc_column_container ne has_bg_color\"><div class=\"vc_column-inner us_custom_da6103b0\"><div class=\"wpb_wrapper\">[vc_custom_heading text=\u00bb3&#8243; font_container=\u00bbtag:h2|text_align:center\u00bb use_theme_fonts=\u00bbyes\u00bb css=\u00bb%7B%22default%22%3A%7B%22color%22%3A%22%23ffffff%22%2C%22font-size%22%3A%224rem%22%2C%22border-radius%22%3A%226px%22%7D%7D\u00bb]<div class=\"wpb_text_column us_custom_2245be70 has_text_color with_collapsible_content\" data-content-height=\"120px\"><div class=\"wpb_wrapper\"><p style=\"text-align: center;\"><strong>Realiza el pago: t\u00fa deber\u00e1s abonar parte del bono, el 80% y el 20% restante, lo pagar\u00e1 el ayuntamiento.<\/strong><\/p>\n<p style=\"text-align: center;\">Los bonos pueden adquirirse hasta agotarse. El pago se realizar\u00e1 mediante tarjeta de cr\u00e9dito.<\/p>\n<\/div><div class=\"toggle-links align_center\"><button class=\"collapsible-content-more\">Leer m\u00e1s<\/button><button class=\"collapsible-content-less\">Cerrar<\/button><\/div><\/div><\/div><\/div><\/div><\/div><div class=\"g-cols wpb_row us_custom_c602a523 via_flex valign_top type_default stacking_default\"><div class=\"vc_col-sm-4 wpb_column vc_column_container ne has_bg_color\"><div class=\"vc_column-inner us_custom_d897cf56\"><div class=\"wpb_wrapper\">[vc_custom_heading text=\u00bb4&#8243; font_container=\u00bbtag:h2|text_align:center\u00bb use_theme_fonts=\u00bbyes\u00bb css=\u00bb%7B%22default%22%3A%7B%22color%22%3A%22%23ffffff%22%2C%22font-size%22%3A%224rem%22%2C%22border-radius%22%3A%226px%22%7D%7D\u00bb]<div class=\"wpb_text_column us_custom_2245be70 has_text_color with_collapsible_content\" data-content-height=\"95px\"><div class=\"wpb_wrapper\"><p style=\"text-align: center;\"><b>Crear tu cuenta: debes crear tu cuenta en la web gertuago.eus y registrar tus datos.<\/b><\/p>\n<p style=\"text-align: center;\">Si ya tienes la cuenta creada, basta con comenzar la sesi\u00f3n con tu correo electr\u00f3nico y contrase\u00f1a.<\/p>\n<\/div><div class=\"toggle-links align_center\"><button class=\"collapsible-content-more\">Leer m\u00e1s<\/button><button class=\"collapsible-content-less\">Cerrar<\/button><\/div><\/div><\/div><\/div><\/div><div class=\"vc_col-sm-4 wpb_column vc_column_container ne has_bg_color\"><div class=\"vc_column-inner us_custom_da6103b0\"><div class=\"wpb_wrapper\">[vc_custom_heading text=\u00bb5&#8243; font_container=\u00bbtag:h2|text_align:center\u00bb use_theme_fonts=\u00bbyes\u00bb css=\u00bb%7B%22default%22%3A%7B%22color%22%3A%22%23ffffff%22%2C%22font-size%22%3A%224rem%22%2C%22border-radius%22%3A%226px%22%7D%7D\u00bb]<div class=\"wpb_text_column us_custom_6df4bc3a has_text_color\"><div class=\"wpb_wrapper\"><p class=\"gmail-MsoListParagraphCxSpMiddle\" style=\"text-align: center;\"><b>Descargar el bono: el bono comprado se puede descargar en el momento y tambi\u00e9n lo recibir\u00e1s en tu correo electr\u00f3nico.<\/b><\/p>\n<p style=\"text-align: center;\">Hay que imprimir los bonos de 5 \u20ac para poder utilizarlos.<\/p>\n<\/div><\/div><\/div><\/div><\/div><div class=\"vc_col-sm-4 wpb_column vc_column_container ne has_bg_color\"><div class=\"vc_column-inner us_custom_d897cf56\"><div class=\"wpb_wrapper\">[vc_custom_heading text=\u00bb6&#8243; font_container=\u00bbtag:h2|text_align:center\u00bb use_theme_fonts=\u00bbyes\u00bb css=\u00bb%7B%22default%22%3A%7B%22color%22%3A%22%23ffffff%22%2C%22font-size%22%3A%224rem%22%2C%22border-radius%22%3A%226px%22%7D%7D\u00bb]<div class=\"wpb_text_column us_custom_6df4bc3a has_text_color with_collapsible_content\" data-content-height=\"125px\"><div class=\"wpb_wrapper\"><p style=\"text-align: center;\"><b>Canjear el bono: podr\u00e1s canjear el bono adquirido en el comercio elegido hasta la fecha de caducidad que aparece en el bono..<\/b><\/p>\n<p style=\"text-align: center;\">El bono sirve para una sola compra y si la compra realizada es inferior al valor del bono, no se devolver\u00e1 el dinero, mientras que si el gasto realizado es superior al valor del bono, la diferencia deber\u00e1 abonarse al establecimiento en el momento de la compra.<\/p>\n<\/div><div class=\"toggle-links align_center\"><button class=\"collapsible-content-more\">Leer m\u00e1s<\/button><button class=\"collapsible-content-less\">Cerrar<\/button><\/div><\/div><\/div><\/div><\/div><\/div><div class=\"g-cols wpb_row via_flex valign_top type_default stacking_default\"><div class=\"vc_col-sm-12 wpb_column vc_column_container\"><div class=\"vc_column-inner\"><div class=\"wpb_wrapper\"><div class=\"w-btn-wrapper align_center\"><a class=\"w-btn us-btn-style_4\" title=\"Dendak\" href=\"http:\/\/gertuago.eus\/eu\/dendak\/\"><span class=\"w-btn-label\">COMPRAR BONOS<\/span><\/a><\/div><\/div><\/div><\/div><\/div><\/div><\/div><\/div><\/div><\/div><\/section>\n","protected":false},"excerpt":{"rendered":"[vc_custom_heading text=\"\u00bfC\u00f3mo funciona?\" use_theme_fonts=\"yes\"]Gertuago es una p\u00e1gina web que ofrece la posibilidad de adquirir bonos que se pueden utilizar en los establecimientos y peque\u00f1os servicios de la localidad. [vc_custom_heading text=\"1\" font_container=\"tag:h2|text_align:center\" use_theme_fonts=\"yes\" css=\"%7B%22default%22%3A%7B%22color%22%3A%22%23ffffff%22%2C%22font-size%22%3A%224rem%22%2C%22border-radius%22%3A%226px%22%7D%7D\"]Elige el comercio: entra en el listado de comercios y elige en cu\u00e1l quieres comprar bonos. Se puede comprar m\u00e1s de un bono...","protected":false},"author":1,"featured_media":0,"parent":0,"menu_order":0,"comment_status":"closed","ping_status":"closed","template":"","meta":{"_acf_changed":false,"footnotes":""},"class_list":["post-284","page","type-page","status-publish","hentry"],"acf":[],"yoast_head":"<!-- This site is optimized with the Yoast SEO plugin v26.7 - https:\/\/yoast.com\/wordpress\/plugins\/seo\/ -->\n<title>\u00bfC\u00f3mo funciona? - Gertuago<\/title>\n<meta name=\"robots\" content=\"index, follow, max-snippet:-1, max-image-preview:large, max-video-preview:-1\" \/>\n<link rel=\"canonical\" href=\"https:\/\/gertuago.eus\/es\/como-funciona\/\" \/>\n<meta property=\"og:locale\" content=\"es_ES\" \/>\n<meta property=\"og:type\" content=\"article\" \/>\n<meta property=\"og:title\" content=\"\u00bfC\u00f3mo funciona? - Gertuago\" \/>\n<meta property=\"og:url\" content=\"https:\/\/gertuago.eus\/es\/como-funciona\/\" \/>\n<meta property=\"og:site_name\" content=\"Gertuago\" \/>\n<meta property=\"article:modified_time\" content=\"2020-09-03T05:29:50+00:00\" \/>\n<meta name=\"twitter:card\" content=\"summary_large_image\" \/>\n<meta name=\"twitter:label1\" content=\"Tiempo de lectura\" \/>\n\t<meta name=\"twitter:data1\" content=\"6 minutos\" \/>\n<script type=\"application\/ld+json\" class=\"yoast-schema-graph\">{\"@context\":\"https:\/\/schema.org\",\"@graph\":[{\"@type\":\"WebPage\",\"@id\":\"https:\/\/gertuago.eus\/es\/como-funciona\/\",\"url\":\"https:\/\/gertuago.eus\/es\/como-funciona\/\",\"name\":\"\u00bfC\u00f3mo funciona? - Gertuago\",\"isPartOf\":{\"@id\":\"https:\/\/gertuago.eus\/es\/#website\"},\"datePublished\":\"2020-05-21T05:38:29+00:00\",\"dateModified\":\"2020-09-03T05:29:50+00:00\",\"breadcrumb\":{\"@id\":\"https:\/\/gertuago.eus\/es\/como-funciona\/#breadcrumb\"},\"inLanguage\":\"es\",\"potentialAction\":[{\"@type\":\"ReadAction\",\"target\":[\"https:\/\/gertuago.eus\/es\/como-funciona\/\"]}]},{\"@type\":\"BreadcrumbList\",\"@id\":\"https:\/\/gertuago.eus\/es\/como-funciona\/#breadcrumb\",\"itemListElement\":[{\"@type\":\"ListItem\",\"position\":1,\"name\":\"Home\",\"item\":\"https:\/\/gertuago.eus\/es\/\"},{\"@type\":\"ListItem\",\"position\":2,\"name\":\"\u00bfC\u00f3mo funciona?\"}]},{\"@type\":\"WebSite\",\"@id\":\"https:\/\/gertuago.eus\/es\/#website\",\"url\":\"https:\/\/gertuago.eus\/es\/\",\"name\":\"Gertuago\",\"description\":\"Usurbil Merkataritza Bonoak\",\"potentialAction\":[{\"@type\":\"SearchAction\",\"target\":{\"@type\":\"EntryPoint\",\"urlTemplate\":\"https:\/\/gertuago.eus\/es\/?s={search_term_string}\"},\"query-input\":{\"@type\":\"PropertyValueSpecification\",\"valueRequired\":true,\"valueName\":\"search_term_string\"}}],\"inLanguage\":\"es\"}]}<\/script>\n<!-- \/ Yoast SEO plugin. -->","yoast_head_json":{"title":"\u00bfC\u00f3mo funciona? - Gertuago","robots":{"index":"index","follow":"follow","max-snippet":"max-snippet:-1","max-image-preview":"max-image-preview:large","max-video-preview":"max-video-preview:-1"},"canonical":"https:\/\/gertuago.eus\/es\/como-funciona\/","og_locale":"es_ES","og_type":"article","og_title":"\u00bfC\u00f3mo funciona? - Gertuago","og_url":"https:\/\/gertuago.eus\/es\/como-funciona\/","og_site_name":"Gertuago","article_modified_time":"2020-09-03T05:29:50+00:00","twitter_card":"summary_large_image","twitter_misc":{"Tiempo de lectura":"6 minutos"},"schema":{"@context":"https:\/\/schema.org","@graph":[{"@type":"WebPage","@id":"https:\/\/gertuago.eus\/es\/como-funciona\/","url":"https:\/\/gertuago.eus\/es\/como-funciona\/","name":"\u00bfC\u00f3mo funciona? - Gertuago","isPartOf":{"@id":"https:\/\/gertuago.eus\/es\/#website"},"datePublished":"2020-05-21T05:38:29+00:00","dateModified":"2020-09-03T05:29:50+00:00","breadcrumb":{"@id":"https:\/\/gertuago.eus\/es\/como-funciona\/#breadcrumb"},"inLanguage":"es","potentialAction":[{"@type":"ReadAction","target":["https:\/\/gertuago.eus\/es\/como-funciona\/"]}]},{"@type":"BreadcrumbList","@id":"https:\/\/gertuago.eus\/es\/como-funciona\/#breadcrumb","itemListElement":[{"@type":"ListItem","position":1,"name":"Home","item":"https:\/\/gertuago.eus\/es\/"},{"@type":"ListItem","position":2,"name":"\u00bfC\u00f3mo funciona?"}]},{"@type":"WebSite","@id":"https:\/\/gertuago.eus\/es\/#website","url":"https:\/\/gertuago.eus\/es\/","name":"Gertuago","description":"Usurbil Merkataritza Bonoak","potentialAction":[{"@type":"SearchAction","target":{"@type":"EntryPoint","urlTemplate":"https:\/\/gertuago.eus\/es\/?s={search_term_string}"},"query-input":{"@type":"PropertyValueSpecification","valueRequired":true,"valueName":"search_term_string"}}],"inLanguage":"es"}]}},"_links":{"self":[{"href":"https:\/\/gertuago.eus\/es\/wp-json\/wp\/v2\/pages\/284","targetHints":{"allow":["GET"]}}],"collection":[{"href":"https:\/\/gertuago.eus\/es\/wp-json\/wp\/v2\/pages"}],"about":[{"href":"https:\/\/gertuago.eus\/es\/wp-json\/wp\/v2\/types\/page"}],"author":[{"embeddable":true,"href":"https:\/\/gertuago.eus\/es\/wp-json\/wp\/v2\/users\/1"}],"replies":[{"embeddable":true,"href":"https:\/\/gertuago.eus\/es\/wp-json\/wp\/v2\/comments?post=284"}],"version-history":[{"count":12,"href":"https:\/\/gertuago.eus\/es\/wp-json\/wp\/v2\/pages\/284\/revisions"}],"predecessor-version":[{"id":4457,"href":"https:\/\/gertuago.eus\/es\/wp-json\/wp\/v2\/pages\/284\/revisions\/4457"}],"wp:attachment":[{"href":"https:\/\/gertuago.eus\/es\/wp-json\/wp\/v2\/media?parent=284"}],"curies":[{"name":"wp","href":"https:\/\/api.w.org\/{rel}","templated":true}]}}